{"id":24,"date":"2026-03-14T17:06:11","date_gmt":"2026-03-14T17:06:11","guid":{"rendered":"https:\/\/onlineleansyrup.com\/?page_id=24"},"modified":"2026-03-14T19:16:38","modified_gmt":"2026-03-14T19:16:38","slug":"ofte-stillede-sporgsmal","status":"publish","type":"page","link":"https:\/\/onlineleansyrup.com\/da\/frequently-asked-questions\/","title":{"rendered":"Ofte stillede sp\u00f8rgsm\u00e5l om Lean-sirup"},"content":{"rendered":"<p>Velkommen til vores omfattende FAQ-sektion! Uanset om du er ny eller fast bruger af Lean, kan du finde svar p\u00e5 de mest almindelige sp\u00f8rgsm\u00e5l om k\u00f8b og sikker brug af Lean-sirup.<\/p>\n\n\n\n<hr class=\"wp-block-separator has-alpha-channel-opacity\"\/>\n\n\n\n<h2 class=\"wp-block-heading\">Om Lean Sirup<\/h2>\n\n\n\n<h3 class=\"wp-block-heading\">Hvad er Lean-sirup?<\/h3>\n\n\n\n<p>Lean sirup (ogs\u00e5 kendt som purple drank, sizzurp eller dirty sprite) refererer traditionelt til en blanding, der indeholder kodein-promethazin hostesaft, sodavand og slik. Vores produkter er lovlige alternativer, der giver lignende smagsprofiler og afslappende effekter uden kontrollerede stoffer.<\/p>\n\n\n\n<blockquote class=\"wp-block-quote is-layout-flow wp-block-quote-is-layout-flow\">\n<p>\ud83d\udcda L\u00e6s mere i vores\u00a0<a href=\"https:\/\/onlineleansyrup.com\/da\/hvad-er-mager-sirup\/\">Hvad er Lean-sirup?<\/a> guide<\/p>\n<\/blockquote>\n\n\n\n<h3 class=\"wp-block-heading\">Er din Lean-sirup lovlig?<\/h3>\n\n\n\n<p>Ja, det g\u00f8r vi! Alle vores formuleringer overholder internationale regler og indeholder ingen kontrollerede stoffer. De er designet som lovlige alternativer til rekreativ nydelse.<\/p>\n\n\n\n<h3 class=\"wp-block-heading\">Hvad er ingredienserne?<\/h3>\n\n\n\n<p>Vores sirupper indeholder f\u00f8rsteklasses smagsstoffer, naturlige ekstrakter og tils\u00e6tningsstoffer af f\u00f8devarekvalitet. Vi bruger aldrig farmaceutiske stoffer eller farlige kemikalier.<\/p>\n\n\n\n<blockquote class=\"wp-block-quote is-layout-flow wp-block-quote-is-layout-flow\">\n<p>\ud83d\udd2c Se vores komplette\u00a0<a href=\"https:\/\/onlineleansyrup.com\/da\/lean-sirup-ingredienser-hvad-der-er-i-vores-produkter\/\">Liste over ingredienser<\/a><\/p>\n<\/blockquote>\n\n\n\n<hr class=\"wp-block-separator has-alpha-channel-opacity\"\/>\n\n\n\n<h2 class=\"wp-block-heading\">Indk\u00f8b og bestilling<\/h2>\n\n\n\n<h3 class=\"wp-block-heading\">Hvordan k\u00f8ber jeg Lean-sirup hos jer?<\/h3>\n\n\n\n<p>Du skal blot bes\u00f8ge vores hjemmeside og gennemse vores udvalg. L\u00e6g dit valgte produkt i kurven, g\u00e5 til kassen, og gennemf\u00f8r betalingen. Vi accepterer de fleste kreditkort og kryptovaluta, s\u00e5 du kan betale med dem.<\/p>\n\n\n\n<h3 class=\"wp-block-heading\">Sender du til hele verden?<\/h3>\n\n\n\n<p>Ja, det g\u00f8r vi! Vi leverer til over 20 lande, herunder USA, Storbritannien, Canada, Tyskland, Frankrig, Australien og mange flere. Alle forsendelser er diskrete og kan spores.<\/p>\n\n\n\n<h3 class=\"wp-block-heading\">Hvor lang tid tager det at sende?<\/h3>\n\n\n\n<p>Standardlevering tager 3-7 arbejdsdage afh\u00e6ngigt af din placering. Der er mulighed for ekspresforsendelse ved kassen.<\/p>\n\n\n\n<h3 class=\"wp-block-heading\">Hvilke betalingsmetoder accepterer du?<\/h3>\n\n\n\n<p>Vi accepterer:<\/p>\n\n\n\n<ul class=\"wp-block-list\">\n<li>Visum<\/li>\n\n\n\n<li>Mastercard<\/li>\n\n\n\n<li>American Express<\/li>\n\n\n\n<li>Kryptovaluta (Bitcoin, Ethereum og andre m\u00f8nter)<\/li>\n\n\n\n<li>Bankbetalinger<\/li>\n<\/ul>\n\n\n\n<h3 class=\"wp-block-heading\">Er min betaling sikker?<\/h3>\n\n\n\n<p>Helt sikkert. Alle transaktioner behandles via krypterede betalingsgateways for at sikre, at dine finansielle oplysninger forbliver beskyttet.<\/p>\n\n\n\n<hr class=\"wp-block-separator has-alpha-channel-opacity\"\/>\n\n\n\n<h2 class=\"wp-block-heading\">Sikkerhed og brug<\/h2>\n\n\n\n<h3 class=\"wp-block-heading\">Er der nogen bivirkninger?<\/h3>\n\n\n\n<p>Vores produkter er formuleret til at v\u00e6re sikre, n\u00e5r de bruges som anvist. Men som med alle andre forbrugsvarer kan individuelle reaktioner variere.<\/p>\n\n\n\n<blockquote class=\"wp-block-quote is-layout-flow wp-block-quote-is-layout-flow\">\n<p>\u26a0\ufe0f L\u00e6s om potentiale\u00a0<a href=\"https:\/\/onlineleansyrup.com\/da\/lean-sirup-bivirkninger\/\">Lean Sirup Bivirkninger<\/a><\/p>\n<\/blockquote>\n\n\n\n<h3 class=\"wp-block-heading\">Hvad er den anbefalede dosis?<\/h3>\n\n\n\n<p>Start med en lille m\u00e6ngde (typisk 10-15 ml) for at vurdere din tolerance. Overskrid aldrig den anbefalede portionsst\u00f8rrelse, der er angivet p\u00e5 flasken.<\/p>\n\n\n\n<h3 class=\"wp-block-heading\">Kan jeg blande det med alkohol?<\/h3>\n\n\n\n<p>Vi frar\u00e5der p\u00e5 det kraftigste at blande nogen af vores produkter med alkohol eller andre stoffer. For din egen sikkerheds skyld skal du indtage dem ansvarligt og undg\u00e5 at kombinere dem med andre rusmidler.<\/p>\n\n\n\n<h3 class=\"wp-block-heading\">Er det sikkert for alle?<\/h3>\n\n\n\n<p>Disse produkter er beregnet til voksne over 18 \u00e5r. Gravide eller ammende b\u00f8r konsultere en sundhedsplejerske f\u00f8r brug.<\/p>\n\n\n\n<hr class=\"wp-block-separator has-alpha-channel-opacity\"\/>\n\n\n\n<h2 class=\"wp-block-heading\">Forsendelse og returnering<\/h2>\n\n\n\n<h3 class=\"wp-block-heading\">Hvor diskret er emballagen?<\/h3>\n\n\n\n<p>Meget diskret. Alle pakker ankommer i almindelige, um\u00e6rkede kasser med generiske returadresser for at beskytte dit privatliv.<\/p>\n\n\n\n<h3 class=\"wp-block-heading\">Hvad hvis min pakke g\u00e5r tabt eller bliver beskadiget?<\/h3>\n\n\n\n<p>Kontakt os med det samme p\u00e5&nbsp;<a href=\"mailto:leansyrupshop@proton.me\" rel=\"noreferrer noopener\" target=\"_blank\">leansyrupshop@proton.me<\/a>&nbsp;med dit ordrenummer. Vi unders\u00f8ger og l\u00f8ser problemet hurtigt, enten ved at sende det igen eller ved at refundere pengene.<\/p>\n\n\n\n<h3 class=\"wp-block-heading\">Kan jeg returnere min ordre?<\/h3>\n\n\n\n<p>Ja, vi tilbyder 30 dages tilfredshedsgaranti p\u00e5 u\u00e5bnede produkter. Kontakt os for at f\u00e5 tilladelse til at returnere.<\/p>\n\n\n\n<h3 class=\"wp-block-heading\">Tilbyder du tilbagebetaling?<\/h3>\n\n\n\n<p>Fuld refusion er mulig for beskadigede, defekte eller forkerte varer. Kundetilfredshed er vores prioritet.<\/p>\n\n\n\n<hr class=\"wp-block-separator has-alpha-channel-opacity\"\/>\n\n\n\n<h2 class=\"wp-block-heading\">Tekniske sp\u00f8rgsm\u00e5l<\/h2>\n\n\n\n<h3 class=\"wp-block-heading\">Hvordan skal jeg opbevare produktet?<\/h3>\n\n\n\n<p>Opbevares p\u00e5 et k\u00f8ligt, t\u00f8rt sted uden direkte sollys. Hold flasken t\u00e6t lukket, n\u00e5r den ikke er i brug.<\/p>\n\n\n\n<h3 class=\"wp-block-heading\">Hvad er holdbarheden?<\/h3>\n\n\n\n<p>Vores produkter har en holdbarhed p\u00e5 18 m\u00e5neder fra fremstillingsdatoen. Udl\u00f8bsdatoer er tydeligt markeret p\u00e5 hver flaske.<\/p>\n\n\n\n<h3 class=\"wp-block-heading\">Vil dette dukke op i en narkotest?<\/h3>\n\n\n\n<p>Vores lovlige alternativer indeholder ingen kontrollerede stoffer og vil ikke give positive resultater ved almindelige narkotikascreeninger.<\/p>\n\n\n\n<hr class=\"wp-block-separator has-alpha-channel-opacity\"\/>\n\n\n\n<h2 class=\"wp-block-heading\">Har du stadig sp\u00f8rgsm\u00e5l?<\/h2>\n\n\n\n<h3 class=\"wp-block-heading\">Kontakt vores supportteam<\/h3>\n\n\n\n<p>Hvis du ikke kan finde det svar, du leder efter, er vi her for at hj\u00e6lpe:<\/p>\n\n\n\n<p>\ud83d\udce7 E-mail:\u00a0<a href=\"mailto:leansyrupshop@proton.me\" target=\"_blank\" rel=\"noreferrer noopener\">leansyrupshop@proton.me<\/a><br>\ud83d\udd52 Svartid: Inden for 24 timer, <a href=\"https:\/\/onlineleansyrup.com\/da\/kontakt\/\">kontakt os<\/a> i dag. <\/p>","protected":false},"excerpt":{"rendered":"<p>Welcome to our comprehensive FAQ section! Whether you&#8217;re new to Lean or a regular user, you&#8217;ll find answers to the [&hellip;]<\/p>\n","protected":false},"author":1,"featured_media":0,"parent":0,"menu_order":0,"comment_status":"closed","ping_status":"closed","template":"","meta":{"site-sidebar-layout":"default","site-content-layout":"","ast-site-content-layout":"default","site-content-style":"default","site-sidebar-style":"default","ast-global-header-display":"","ast-banner-title-visibility":"","ast-main-header-display":"","ast-hfb-above-header-display":"","ast-hfb-below-header-display":"","ast-hfb-mobile-header-display":"","site-post-title":"","ast-breadcrumbs-content":"","ast-featured-img":"","footer-sml-layout":"","ast-disable-related-posts":"","theme-transparent-header-meta":"","adv-header-id-meta":"","stick-header-meta":"","header-above-stick-meta":"","header-main-stick-meta":"","header-below-stick-meta":"","astra-migrate-meta-layouts":"default","ast-page-background-enabled":"default","ast-page-background-meta":{"desktop":{"background-color":"var(--ast-global-color-5)","background-image":"","background-repeat":"repeat","background-position":"center center","background-size":"auto","background-attachment":"scroll","background-type":"","background-media":"","overlay-type":"","overlay-color":"","overlay-opacity":"","overlay-gradient":""},"tablet":{"background-color":"","background-image":"","background-repeat":"repeat","background-position":"center center","background-size":"auto","background-attachment":"scroll","background-type":"","background-media":"","overlay-type":"","overlay-color":"","overlay-opacity":"","overlay-gradient":""},"mobile":{"background-color":"","background-image":"","background-repeat":"repeat","background-position":"center center","background-size":"auto","background-attachment":"scroll","background-type":"","background-media":"","overlay-type":"","overlay-color":"","overlay-opacity":"","overlay-gradient":""}},"ast-content-background-meta":{"desktop":{"background-color":"var(--ast-global-color-4)","background-image":"","background-repeat":"repeat","background-position":"center center","background-size":"auto","background-attachment":"scroll","background-type":"","background-media":"","overlay-type":"","overlay-color":"","overlay-opacity":"","overlay-gradient":""},"tablet":{"background-color":"var(--ast-global-color-4)","background-image":"","background-repeat":"repeat","background-position":"center center","background-size":"auto","background-attachment":"scroll","background-type":"","background-media":"","overlay-type":"","overlay-color":"","overlay-opacity":"","overlay-gradient":""},"mobile":{"background-color":"var(--ast-global-color-4)","background-image":"","background-repeat":"repeat","background-position":"center center","background-size":"auto","background-attachment":"scroll","background-type":"","background-media":"","overlay-type":"","overlay-color":"","overlay-opacity":"","overlay-gradient":""}},"footnotes":""},"class_list":["post-24","page","type-page","status-publish","hentry"],"yoast_head":"<!-- This site is optimized with the Yoast SEO plugin v27.1.1 - https:\/\/yoast.com\/product\/yoast-seo-wordpress\/ -->\n<title>Frequently Asked Questions About Lean Syrup - Buy Lean Syrup | Premium Legal Lean Alternatives Worldwide<\/title>\n<meta name=\"robots\" content=\"index, follow, max-snippet:-1, max-image-preview:large, max-video-preview:-1\" \/>\n<link rel=\"canonical\" href=\"https:\/\/onlineleansyrup.com\/da\/ofte-stillede-sporgsmal\/\" \/>\n<meta property=\"og:locale\" content=\"da_DK\" \/>\n<meta property=\"og:type\" content=\"article\" \/>\n<meta property=\"og:title\" content=\"Frequently Asked Questions About Lean Syrup - Buy Lean Syrup | Premium Legal Lean Alternatives Worldwide\" \/>\n<meta property=\"og:description\" content=\"Welcome to our comprehensive FAQ section! Whether you&#8217;re new to Lean or a regular user, you&#8217;ll find answers to the [&hellip;]\" \/>\n<meta property=\"og:url\" content=\"https:\/\/onlineleansyrup.com\/da\/ofte-stillede-sporgsmal\/\" \/>\n<meta property=\"og:site_name\" content=\"Buy Lean Syrup | Premium Legal Lean Alternatives Worldwide\" \/>\n<meta property=\"article:modified_time\" content=\"2026-03-14T19:16:38+00:00\" \/>\n<meta name=\"twitter:card\" content=\"summary_large_image\" \/>\n<meta name=\"twitter:label1\" content=\"Estimeret l\u00e6setid\" \/>\n\t<meta name=\"twitter:data1\" content=\"3 minutter\" \/>\n<script type=\"application\/ld+json\" class=\"yoast-schema-graph\">{\"@context\":\"https:\/\/schema.org\",\"@graph\":[{\"@type\":\"WebPage\",\"@id\":\"https:\/\/onlineleansyrup.com\/frequently-asked-questions\/\",\"url\":\"https:\/\/onlineleansyrup.com\/frequently-asked-questions\/\",\"name\":\"Frequently Asked Questions About Lean Syrup - Buy Lean Syrup | Premium Legal Lean Alternatives Worldwide\",\"isPartOf\":{\"@id\":\"https:\/\/onlineleansyrup.com\/#website\"},\"datePublished\":\"2026-03-14T17:06:11+00:00\",\"dateModified\":\"2026-03-14T19:16:38+00:00\",\"breadcrumb\":{\"@id\":\"https:\/\/onlineleansyrup.com\/frequently-asked-questions\/#breadcrumb\"},\"inLanguage\":\"da-DK\",\"potentialAction\":[{\"@type\":\"ReadAction\",\"target\":[\"https:\/\/onlineleansyrup.com\/frequently-asked-questions\/\"]}]},{\"@type\":\"BreadcrumbList\",\"@id\":\"https:\/\/onlineleansyrup.com\/frequently-asked-questions\/#breadcrumb\",\"itemListElement\":[{\"@type\":\"ListItem\",\"position\":1,\"name\":\"Home\",\"item\":\"https:\/\/onlineleansyrup.com\/\"},{\"@type\":\"ListItem\",\"position\":2,\"name\":\"Frequently Asked Questions About Lean Syrup\"}]},{\"@type\":\"WebSite\",\"@id\":\"https:\/\/onlineleansyrup.com\/#website\",\"url\":\"https:\/\/onlineleansyrup.com\/\",\"name\":\"Buy Lean Syrup | Premium Legal Lean Alternatives Worldwide\",\"description\":\"Safe, Discreet Shipping to 20+ Countries | Lab-Tested Lean Syrup\",\"potentialAction\":[{\"@type\":\"SearchAction\",\"target\":{\"@type\":\"EntryPoint\",\"urlTemplate\":\"https:\/\/onlineleansyrup.com\/?s={search_term_string}\"},\"query-input\":{\"@type\":\"PropertyValueSpecification\",\"valueRequired\":true,\"valueName\":\"search_term_string\"}}],\"inLanguage\":\"da-DK\"}]}<\/script>\n<!-- \/ Yoast SEO plugin. -->","yoast_head_json":{"title":"Ofte stillede sp\u00f8rgsm\u00e5l om Lean Sirup - K\u00f8b Lean Sirup | Premium Legal Lean Alternatives i hele verden","robots":{"index":"index","follow":"follow","max-snippet":"max-snippet:-1","max-image-preview":"max-image-preview:large","max-video-preview":"max-video-preview:-1"},"canonical":"https:\/\/onlineleansyrup.com\/da\/ofte-stillede-sporgsmal\/","og_locale":"da_DK","og_type":"article","og_title":"Frequently Asked Questions About Lean Syrup - Buy Lean Syrup | Premium Legal Lean Alternatives Worldwide","og_description":"Welcome to our comprehensive FAQ section! Whether you&#8217;re new to Lean or a regular user, you&#8217;ll find answers to the [&hellip;]","og_url":"https:\/\/onlineleansyrup.com\/da\/ofte-stillede-sporgsmal\/","og_site_name":"Buy Lean Syrup | Premium Legal Lean Alternatives Worldwide","article_modified_time":"2026-03-14T19:16:38+00:00","twitter_card":"summary_large_image","twitter_misc":{"Estimeret l\u00e6setid":"3 minutter"},"schema":{"@context":"https:\/\/schema.org","@graph":[{"@type":"WebPage","@id":"https:\/\/onlineleansyrup.com\/frequently-asked-questions\/","url":"https:\/\/onlineleansyrup.com\/frequently-asked-questions\/","name":"Ofte stillede sp\u00f8rgsm\u00e5l om Lean Sirup - K\u00f8b Lean Sirup | Premium Legal Lean Alternatives i hele verden","isPartOf":{"@id":"https:\/\/onlineleansyrup.com\/#website"},"datePublished":"2026-03-14T17:06:11+00:00","dateModified":"2026-03-14T19:16:38+00:00","breadcrumb":{"@id":"https:\/\/onlineleansyrup.com\/frequently-asked-questions\/#breadcrumb"},"inLanguage":"da-DK","potentialAction":[{"@type":"ReadAction","target":["https:\/\/onlineleansyrup.com\/frequently-asked-questions\/"]}]},{"@type":"BreadcrumbList","@id":"https:\/\/onlineleansyrup.com\/frequently-asked-questions\/#breadcrumb","itemListElement":[{"@type":"ListItem","position":1,"name":"Home","item":"https:\/\/onlineleansyrup.com\/"},{"@type":"ListItem","position":2,"name":"Frequently Asked Questions About Lean Syrup"}]},{"@type":"WebSite","@id":"https:\/\/onlineleansyrup.com\/#website","url":"https:\/\/onlineleansyrup.com\/","name":"K\u00f8b Lean Sirup | Premium Legal Lean Alternatives i hele verden","description":"Sikker, diskret forsendelse til mere end 20 lande - laboratorietestet mager sirup","potentialAction":[{"@type":"SearchAction","target":{"@type":"EntryPoint","urlTemplate":"https:\/\/onlineleansyrup.com\/?s={search_term_string}"},"query-input":{"@type":"PropertyValueSpecification","valueRequired":true,"valueName":"search_term_string"}}],"inLanguage":"da-DK"}]}},"_links":{"self":[{"href":"https:\/\/onlineleansyrup.com\/da\/wp-json\/wp\/v2\/pages\/24","targetHints":{"allow":["GET"]}}],"collection":[{"href":"https:\/\/onlineleansyrup.com\/da\/wp-json\/wp\/v2\/pages"}],"about":[{"href":"https:\/\/onlineleansyrup.com\/da\/wp-json\/wp\/v2\/types\/page"}],"author":[{"embeddable":true,"href":"https:\/\/onlineleansyrup.com\/da\/wp-json\/wp\/v2\/users\/1"}],"replies":[{"embeddable":true,"href":"https:\/\/onlineleansyrup.com\/da\/wp-json\/wp\/v2\/comments?post=24"}],"version-history":[{"count":3,"href":"https:\/\/onlineleansyrup.com\/da\/wp-json\/wp\/v2\/pages\/24\/revisions"}],"predecessor-version":[{"id":46,"href":"https:\/\/onlineleansyrup.com\/da\/wp-json\/wp\/v2\/pages\/24\/revisions\/46"}],"wp:attachment":[{"href":"https:\/\/onlineleansyrup.com\/da\/wp-json\/wp\/v2\/media?parent=24"}],"curies":[{"name":"wp","href":"https:\/\/api.w.org\/{rel}","templated":true}]}}