{"id":16,"date":"2026-03-14T16:56:40","date_gmt":"2026-03-14T16:56:40","guid":{"rendered":"https:\/\/onlineleansyrup.com\/?page_id=16"},"modified":"2026-03-14T19:14:25","modified_gmt":"2026-03-14T19:14:25","slug":"kontakt","status":"publish","type":"page","link":"https:\/\/onlineleansyrup.com\/de\/contact\/","title":{"rendered":"Kontakt"},"content":{"rendered":"<h1 class=\"wp-block-heading\">Kontakt - Lean Syrup Shop<\/h1>\n\n\n\n<p>Haben Sie Fragen zu unseren Produkten, dem Versand oder dem Bestellvorgang? Wir sind f\u00fcr Sie da! Setzen Sie sich mit uns in Verbindung und wir werden Ihnen innerhalb von 24 Stunden antworten.<\/p>\n\n\n\n<hr class=\"wp-block-separator has-alpha-channel-opacity\"\/>\n\n\n\n<h2 class=\"wp-block-heading\">Kontakt aufnehmen<\/h2>\n\n\n\n<p>Ganz gleich, ob Sie zum ersten Mal Lean-Sirup kaufen m\u00f6chten oder Fragen zu unseren bestehenden Produkten haben, unser Team steht Ihnen gerne zur Verf\u00fcgung. Wir sch\u00e4tzen Ihr Feedback und sind bestrebt, Ihnen einen hervorragenden Kundenservice zu bieten.<\/p>\n\n\n\n<h3 class=\"wp-block-heading\">E-Mail-Unterst\u00fctzung<\/h3>\n\n\n\n<p>F\u00fcr allgemeine Anfragen, Fragen zur Bestellung oder Produktinformationen: \ud83d\udce7&nbsp;<a href=\"mailto:leansyrupshop@proton.me\" rel=\"noreferrer noopener\" target=\"_blank\">leansyrupshop@proton.me<\/a><\/p>\n\n\n\n<h3 class=\"wp-block-heading\">Reaktionszeit<\/h3>\n\n\n\n<p>In der Regel beantworten wir alle E-Mails an Werktagen innerhalb von 12-24 Stunden.<\/p>\n\n\n\n<h3 class=\"wp-block-heading\">Gesch\u00e4ftliche Anfragen<\/h3>\n\n\n\n<p>Sind Sie an Gro\u00dfhandelspartnerschaften oder Kooperationen interessiert? \ud83d\udce7&nbsp;<a href=\"mailto:leansyrupshop@proton.me\" rel=\"noreferrer noopener\" target=\"_blank\">leansyrupshop@proton.me<\/a>&nbsp;(Betreff: Gesch\u00e4ftliche Anfrage)<\/p>\n\n\n\n<hr class=\"wp-block-separator has-alpha-channel-opacity\"\/>\n\n\n\n<h2 class=\"wp-block-heading\">H\u00e4ufig gestellte Fragen<\/h2>\n\n\n\n<p>Bevor Sie sich an uns wenden, finden Sie vielleicht Antworten auf Ihre Fragen in unserem umfassenden FAQ-Bereich:<\/p>\n\n\n\n<blockquote class=\"wp-block-quote is-layout-flow wp-block-quote-is-layout-flow\">\n<p>\ud83d\udcda Pr\u00fcfen Sie unsere\u00a0<a href=\"https:\/\/onlineleansyrup.com\/de\/haufig-gestellte-fragen\/\">H\u00e4ufig gestellte Fragen<\/a> Seite f\u00fcr sofortige Antworten<\/p>\n<\/blockquote>\n\n\n\n<hr class=\"wp-block-separator has-alpha-channel-opacity\"\/>\n\n\n\n<h2 class=\"wp-block-heading\">Informationen zum Versand<\/h2>\n\n\n\n<h3 class=\"wp-block-heading\">Weltweite Lieferung<\/h3>\n\n\n\n<p>Wir liefern in \u00fcber 20 L\u00e4nder, darunter:<\/p>\n\n\n\n<ul class=\"wp-block-list\">\n<li>Vereinigte Staaten<\/li>\n\n\n\n<li>Vereinigtes K\u00f6nigreich<\/li>\n\n\n\n<li>Kanada<\/li>\n\n\n\n<li>Deutschland<\/li>\n\n\n\n<li>Frankreich<\/li>\n\n\n\n<li>Niederlande<\/li>\n\n\n\n<li>Australien<\/li>\n\n\n\n<li>Neuseeland<\/li>\n\n\n\n<li>Und mehr...<\/li>\n<\/ul>\n\n\n\n<h3 class=\"wp-block-heading\">Lieferzeiten<\/h3>\n\n\n\n<ul class=\"wp-block-list\">\n<li>Standard-Versand: 3-7 Arbeitstage<\/li>\n\n\n\n<li>Express-Optionen an der Kasse verf\u00fcgbar<\/li>\n<\/ul>\n\n\n\n<h3 class=\"wp-block-heading\">Diskrete Verpackung<\/h3>\n\n\n\n<p>Um Ihre Privatsph\u00e4re zu sch\u00fctzen, werden alle Bestellungen in einfachen, nicht gekennzeichneten Verpackungen versandt.<\/p>\n\n\n\n<hr class=\"wp-block-separator has-alpha-channel-opacity\"\/>\n\n\n\n<h2 class=\"wp-block-heading\">Fragen zum Produkt<\/h2>\n\n\n\n<h3 class=\"wp-block-heading\">Was ist in unserem mageren Sirup enthalten?<\/h3>\n\n\n\n<p>Unsere Rezepturen enthalten hochwertige Inhaltsstoffe, die das traditionelle Lean-Erlebnis sicher wiedergeben.<\/p>\n\n\n\n<blockquote class=\"wp-block-quote is-layout-flow wp-block-quote-is-layout-flow\">\n<p>\ud83d\udd2c Sehen Sie unser komplettes\u00a0<a href=\"https:\/\/onlineleansyrup.com\/de\/inhaltsstoffe-von-magerem-sirup-was-in-unseren-produkten-steckt\/\">Zutatenliste<\/a><\/p>\n<\/blockquote>\n\n\n\n<h3 class=\"wp-block-heading\">Ist das legal?<\/h3>\n\n\n\n<p>Ja! Unsere Produkte sind legale Alternativen, die keine kontrollierten Substanzen enthalten.<\/p>\n\n\n\n<hr class=\"wp-block-separator has-alpha-channel-opacity\"\/>\n\n\n\n<h2 class=\"wp-block-heading\">Unterst\u00fctzung bestellen<\/h2>\n\n\n\n<h3 class=\"wp-block-heading\">Ihre Bestellung verfolgen<\/h3>\n\n\n\n<p>Nachdem Sie Ihre Bestellung aufgegeben haben, erhalten Sie per E-Mail Informationen zur Sendungsverfolgung.<\/p>\n\n\n\n<h3 class=\"wp-block-heading\">\u00c4nderungen oder Stornierungen von Bestellungen<\/h3>\n\n\n\n<p>M\u00f6chten Sie Ihre Bestellung \u00e4ndern? Kontaktieren Sie uns sofort unter: \ud83d\udce7&nbsp;<a href=\"mailto:leansyrupshop@proton.me\" rel=\"noreferrer noopener\" target=\"_blank\">leansyrupshop@proton.me<\/a><\/p>\n\n\n\n<h3 class=\"wp-block-heading\">R\u00fcckgabe und R\u00fcckerstattung<\/h3>\n\n\n\n<p>Wir bieten eine 30-t\u00e4gige Zufriedenheitsgarantie auf alle unge\u00f6ffneten Produkte.<\/p>\n\n\n\n<hr class=\"wp-block-separator has-alpha-channel-opacity\"\/>\n\n\n\n<h2 class=\"wp-block-heading\">Verbinden Sie sich mit uns<\/h2>\n\n\n\n<p>Bleiben Sie auf dem Laufenden \u00fcber neue Produkte, Sonderangebote und wichtige Ank\u00fcndigungen:<\/p>\n\n\n\n<h3 class=\"wp-block-heading\">Soziale Medien<\/h3>\n\n\n\n<p>Folgen Sie uns f\u00fcr die neuesten Updates und Diskussionen in der Community.<\/p>\n\n\n\n<h3 class=\"wp-block-heading\">Anmeldung zum Newsletter<\/h3>\n\n\n\n<p>Tragen Sie sich in unsere Mailingliste ein, um exklusive Rabatte und Produkteinf\u00fchrungen zu erhalten.<\/p>\n\n\n\n<hr class=\"wp-block-separator has-alpha-channel-opacity\"\/>\n\n\n\n<h2 class=\"wp-block-heading\">B\u00fcrozeiten<\/h2>\n\n\n\n<h3 class=\"wp-block-heading\">Erreichbarkeit des Kundendienstes<\/h3>\n\n\n\n<ul class=\"wp-block-list\">\n<li>24\/7, 365 Tage im Jahr.<\/li>\n<\/ul>\n\n\n\n<p><em>Bitte beachten Sie: An Wochenenden und Feiertagen kann die Beantwortung l\u00e4nger dauern.<\/em><\/p>\n\n\n\n<hr class=\"wp-block-separator has-alpha-channel-opacity\"\/>\n\n\n\n<h2 class=\"wp-block-heading\">Sicherheit und Datenschutz<\/h2>\n\n\n\n<p>Ihre Privatsph\u00e4re ist unsere Priorit\u00e4t. Die gesamte Kommunikation ist verschl\u00fcsselt, und wir geben Ihre Daten niemals an Dritte weiter.<\/p>\n\n\n\n<hr class=\"wp-block-separator has-alpha-channel-opacity\"\/>\n\n\n\n<h2 class=\"wp-block-heading\">Brauchen Sie sofortige Hilfe?<\/h2>\n\n\n\n<p>Durchsuchen Sie unsere Hilfe-Ressourcen:<\/p>\n\n\n\n<ul class=\"wp-block-list\">\n<li><a href=\"https:\/\/onlineleansyrup.com\/de\/haufig-gestellte-fragen\/\">FAQ-Abschnitt<\/a><\/li>\n<\/ul>\n\n\n\n<hr class=\"wp-block-separator has-alpha-channel-opacity\"\/>\n\n\n\n<h3 class=\"wp-block-heading\">Senden Sie uns eine Nachricht<\/h3>\n\n\n\n<p>Sie k\u00f6nnen nicht finden, was Sie suchen? Senden Sie uns eine direkte Nachricht:<\/p>\n\n\n\n<p>E-Mail:&nbsp;<a href=\"mailto:leansyrupshop@proton.me\" rel=\"noreferrer noopener\" target=\"_blank\">leansyrupshop@proton.me<\/a><\/p>\n\n\n\n<p>Wir verpflichten uns, Ihnen den besten Service und Produkte h\u00f6chster Qualit\u00e4t zu bieten, wenn Sie bei uns Lean-Sirup kaufen.<\/p>","protected":false},"excerpt":{"rendered":"<p>Contact Us &#8211; Lean Syrup Shop Have questions about our products, shipping, or ordering process? We&#8217;re here to help! Get [&hellip;]<\/p>\n","protected":false},"author":1,"featured_media":0,"parent":0,"menu_order":0,"comment_status":"closed","ping_status":"closed","template":"","meta":{"site-sidebar-layout":"default","site-content-layout":"","ast-site-content-layout":"default","site-content-style":"default","site-sidebar-style":"default","ast-global-header-display":"","ast-banner-title-visibility":"","ast-main-header-display":"","ast-hfb-above-header-display":"","ast-hfb-below-header-display":"","ast-hfb-mobile-header-display":"","site-post-title":"","ast-breadcrumbs-content":"","ast-featured-img":"","footer-sml-layout":"","ast-disable-related-posts":"","theme-transparent-header-meta":"","adv-header-id-meta":"","stick-header-meta":"","header-above-stick-meta":"","header-main-stick-meta":"","header-below-stick-meta":"","astra-migrate-meta-layouts":"default","ast-page-background-enabled":"default","ast-page-background-meta":{"desktop":{"background-color":"var(--ast-global-color-5)","background-image":"","background-repeat":"repeat","background-position":"center center","background-size":"auto","background-attachment":"scroll","background-type":"","background-media":"","overlay-type":"","overlay-color":"","overlay-opacity":"","overlay-gradient":""},"tablet":{"background-color":"","background-image":"","background-repeat":"repeat","background-position":"center center","background-size":"auto","background-attachment":"scroll","background-type":"","background-media":"","overlay-type":"","overlay-color":"","overlay-opacity":"","overlay-gradient":""},"mobile":{"background-color":"","background-image":"","background-repeat":"repeat","background-position":"center center","background-size":"auto","background-attachment":"scroll","background-type":"","background-media":"","overlay-type":"","overlay-color":"","overlay-opacity":"","overlay-gradient":""}},"ast-content-background-meta":{"desktop":{"background-color":"var(--ast-global-color-4)","background-image":"","background-repeat":"repeat","background-position":"center center","background-size":"auto","background-attachment":"scroll","background-type":"","background-media":"","overlay-type":"","overlay-color":"","overlay-opacity":"","overlay-gradient":""},"tablet":{"background-color":"var(--ast-global-color-4)","background-image":"","background-repeat":"repeat","background-position":"center center","background-size":"auto","background-attachment":"scroll","background-type":"","background-media":"","overlay-type":"","overlay-color":"","overlay-opacity":"","overlay-gradient":""},"mobile":{"background-color":"var(--ast-global-color-4)","background-image":"","background-repeat":"repeat","background-position":"center center","background-size":"auto","background-attachment":"scroll","background-type":"","background-media":"","overlay-type":"","overlay-color":"","overlay-opacity":"","overlay-gradient":""}},"footnotes":""},"class_list":["post-16","page","type-page","status-publish","hentry"],"yoast_head":"<!-- This site is optimized with the Yoast SEO plugin v27.1.1 - https:\/\/yoast.com\/product\/yoast-seo-wordpress\/ -->\n<title>Contact - Buy Lean Syrup | Premium Legal Lean Alternatives Worldwide<\/title>\n<meta name=\"robots\" content=\"index, follow, max-snippet:-1, max-image-preview:large, max-video-preview:-1\" \/>\n<link rel=\"canonical\" href=\"https:\/\/onlineleansyrup.com\/de\/kontakt\/\" \/>\n<meta property=\"og:locale\" content=\"de_DE\" \/>\n<meta property=\"og:type\" content=\"article\" \/>\n<meta property=\"og:title\" content=\"Contact - Buy Lean Syrup | Premium Legal Lean Alternatives Worldwide\" \/>\n<meta property=\"og:description\" content=\"Contact Us &#8211; Lean Syrup Shop Have questions about our products, shipping, or ordering process? We&#8217;re here to help! Get [&hellip;]\" \/>\n<meta property=\"og:url\" content=\"https:\/\/onlineleansyrup.com\/de\/kontakt\/\" \/>\n<meta property=\"og:site_name\" content=\"Buy Lean Syrup | Premium Legal Lean Alternatives Worldwide\" \/>\n<meta property=\"article:modified_time\" content=\"2026-03-14T19:14:25+00:00\" \/>\n<meta name=\"twitter:card\" content=\"summary_large_image\" \/>\n<script type=\"application\/ld+json\" class=\"yoast-schema-graph\">{\"@context\":\"https:\/\/schema.org\",\"@graph\":[{\"@type\":\"WebPage\",\"@id\":\"https:\/\/onlineleansyrup.com\/contact\/\",\"url\":\"https:\/\/onlineleansyrup.com\/contact\/\",\"name\":\"Contact - Buy Lean Syrup | Premium Legal Lean Alternatives Worldwide\",\"isPartOf\":{\"@id\":\"https:\/\/onlineleansyrup.com\/#website\"},\"datePublished\":\"2026-03-14T16:56:40+00:00\",\"dateModified\":\"2026-03-14T19:14:25+00:00\",\"breadcrumb\":{\"@id\":\"https:\/\/onlineleansyrup.com\/contact\/#breadcrumb\"},\"inLanguage\":\"de-DE\",\"potentialAction\":[{\"@type\":\"ReadAction\",\"target\":[\"https:\/\/onlineleansyrup.com\/contact\/\"]}]},{\"@type\":\"BreadcrumbList\",\"@id\":\"https:\/\/onlineleansyrup.com\/contact\/#breadcrumb\",\"itemListElement\":[{\"@type\":\"ListItem\",\"position\":1,\"name\":\"Home\",\"item\":\"https:\/\/onlineleansyrup.com\/\"},{\"@type\":\"ListItem\",\"position\":2,\"name\":\"Contact\"}]},{\"@type\":\"WebSite\",\"@id\":\"https:\/\/onlineleansyrup.com\/#website\",\"url\":\"https:\/\/onlineleansyrup.com\/\",\"name\":\"Buy Lean Syrup | Premium Legal Lean Alternatives Worldwide\",\"description\":\"Safe, Discreet Shipping to 20+ Countries | Lab-Tested Lean Syrup\",\"potentialAction\":[{\"@type\":\"SearchAction\",\"target\":{\"@type\":\"EntryPoint\",\"urlTemplate\":\"https:\/\/onlineleansyrup.com\/?s={search_term_string}\"},\"query-input\":{\"@type\":\"PropertyValueSpecification\",\"valueRequired\":true,\"valueName\":\"search_term_string\"}}],\"inLanguage\":\"de-DE\"}]}<\/script>\n<!-- \/ Yoast SEO plugin. -->","yoast_head_json":{"title":"Kontakt - Mager-Sirup kaufen | Premium Legal Lean Alternatives Worldwide","robots":{"index":"index","follow":"follow","max-snippet":"max-snippet:-1","max-image-preview":"max-image-preview:large","max-video-preview":"max-video-preview:-1"},"canonical":"https:\/\/onlineleansyrup.com\/de\/kontakt\/","og_locale":"de_DE","og_type":"article","og_title":"Contact - Buy Lean Syrup | Premium Legal Lean Alternatives Worldwide","og_description":"Contact Us &#8211; Lean Syrup Shop Have questions about our products, shipping, or ordering process? We&#8217;re here to help! Get [&hellip;]","og_url":"https:\/\/onlineleansyrup.com\/de\/kontakt\/","og_site_name":"Buy Lean Syrup | Premium Legal Lean Alternatives Worldwide","article_modified_time":"2026-03-14T19:14:25+00:00","twitter_card":"summary_large_image","schema":{"@context":"https:\/\/schema.org","@graph":[{"@type":"WebPage","@id":"https:\/\/onlineleansyrup.com\/contact\/","url":"https:\/\/onlineleansyrup.com\/contact\/","name":"Kontakt - Mager-Sirup kaufen | Premium Legal Lean Alternatives Worldwide","isPartOf":{"@id":"https:\/\/onlineleansyrup.com\/#website"},"datePublished":"2026-03-14T16:56:40+00:00","dateModified":"2026-03-14T19:14:25+00:00","breadcrumb":{"@id":"https:\/\/onlineleansyrup.com\/contact\/#breadcrumb"},"inLanguage":"de-DE","potentialAction":[{"@type":"ReadAction","target":["https:\/\/onlineleansyrup.com\/contact\/"]}]},{"@type":"BreadcrumbList","@id":"https:\/\/onlineleansyrup.com\/contact\/#breadcrumb","itemListElement":[{"@type":"ListItem","position":1,"name":"Home","item":"https:\/\/onlineleansyrup.com\/"},{"@type":"ListItem","position":2,"name":"Contact"}]},{"@type":"WebSite","@id":"https:\/\/onlineleansyrup.com\/#website","url":"https:\/\/onlineleansyrup.com\/","name":"Lean Syrup | Premium Legal Lean Alternatives weltweit kaufen","description":"Sicherer, diskreter Versand in \u00fcber 20 L\u00e4nder | Laborgepr\u00fcfter Magerer Sirup","potentialAction":[{"@type":"SearchAction","target":{"@type":"EntryPoint","urlTemplate":"https:\/\/onlineleansyrup.com\/?s={search_term_string}"},"query-input":{"@type":"PropertyValueSpecification","valueRequired":true,"valueName":"search_term_string"}}],"inLanguage":"de-DE"}]}},"_links":{"self":[{"href":"https:\/\/onlineleansyrup.com\/de\/wp-json\/wp\/v2\/pages\/16","targetHints":{"allow":["GET"]}}],"collection":[{"href":"https:\/\/onlineleansyrup.com\/de\/wp-json\/wp\/v2\/pages"}],"about":[{"href":"https:\/\/onlineleansyrup.com\/de\/wp-json\/wp\/v2\/types\/page"}],"author":[{"embeddable":true,"href":"https:\/\/onlineleansyrup.com\/de\/wp-json\/wp\/v2\/users\/1"}],"replies":[{"embeddable":true,"href":"https:\/\/onlineleansyrup.com\/de\/wp-json\/wp\/v2\/comments?post=16"}],"version-history":[{"count":4,"href":"https:\/\/onlineleansyrup.com\/de\/wp-json\/wp\/v2\/pages\/16\/revisions"}],"predecessor-version":[{"id":45,"href":"https:\/\/onlineleansyrup.com\/de\/wp-json\/wp\/v2\/pages\/16\/revisions\/45"}],"wp:attachment":[{"href":"https:\/\/onlineleansyrup.com\/de\/wp-json\/wp\/v2\/media?parent=16"}],"curies":[{"name":"wp","href":"https:\/\/api.w.org\/{rel}","templated":true}]}}