{"id":31,"date":"2026-03-14T17:14:15","date_gmt":"2026-03-14T17:14:15","guid":{"rendered":"https:\/\/onlineleansyrup.com\/?page_id=31"},"modified":"2026-03-14T17:20:58","modified_gmt":"2026-03-14T17:20:58","slug":"nuspojave-sirupa-za-mrsavljenje","status":"publish","type":"page","link":"https:\/\/onlineleansyrup.com\/hr\/lean-syrup-side-effects\/","title":{"rendered":"Nuspojave sirupa Lean"},"content":{"rendered":"<h1 class=\"wp-block-heading\">Nuspojave sirupa Lean \u2013 sigurnosne informacije koje trebate<\/h1>\n\n\n\n<p>Razumijevanje mogu\u0107ih nuspojava klju\u010dno je pri odluci o kupnji Lean sirupa. Iako su na\u0161i proizvodi osmi\u0161ljeni kao sigurne i legalne alternative, informiranost poma\u017ee osigurati odgovorno u\u017eivanje.<\/p>\n\n\n\n<hr class=\"wp-block-separator has-alpha-channel-opacity\"\/>\n\n\n\n<h2 class=\"wp-block-heading\">Na\u0161a predanost sigurnosti<\/h2>\n\n\n\n<p>Va\u0161e blagostanje stavljamo iznad svega ostalog. Svaka formulacija prolazi rigorozna testiranja kako bi se rizik svodio na minimum, a u\u017eitak maksimizirao. Za razliku od tradicionalnih pripravaka koji sadr\u017ee kontrolirane tvari, na\u0161i proizvodi uklanjaju mnoge ozbiljne zdravstvene probleme.<\/p>\n\n\n\n<blockquote class=\"wp-block-quote is-layout-flow wp-block-quote-is-layout-flow\">\n<p>\ud83d\udd0d Saznajte \u0161to se nalazi u na\u0161im proizvodima:\u00a0<a href=\"https:\/\/onlineleansyrup.com\/hr\/sastojci-lean-sirupa-sto-je-unutra-u-nasim-proizvodima\/\">Popis sastojaka<\/a><\/p>\n<\/blockquote>\n\n\n\n<hr class=\"wp-block-separator has-alpha-channel-opacity\"\/>\n\n\n\n<h2 class=\"wp-block-heading\">Uobi\u010dajeni blagi u\u010dinci<\/h2>\n\n\n\n<h3 class=\"wp-block-heading\">O\u010dekivane senzacije<\/h3>\n\n\n\n<p>Ve\u0107ina korisnika do\u017eivljava blage, ugodne u\u010dinke:<\/p>\n\n\n\n<ul class=\"wp-block-list\">\n<li>Opu\u0161tanje: blago opu\u0161tanje mi\u0161i\u0107a i osloba\u0111anje od stresa<\/li>\n\n\n\n<li>Pobolj\u0161anje raspolo\u017eenja: suptilno pobolj\u0161anje raspolo\u017eenja i dru\u017eeljubivosti<\/li>\n\n\n\n<li>Zadovoljstvo okusom: Slatki, vo\u0107ni okus<\/li>\n\n\n\n<li>Blaga pospanost: nje\u017ean osje\u0107aj umirivanja<\/li>\n<\/ul>\n\n\n\n<p>Ovi u\u010dinci obi\u010dno traju 2-4 sata i usporedivi su s popivanjem jakog biljnog \u010daja.<\/p>\n\n\n\n<h3 class=\"wp-block-heading\">Individualna varijacija<\/h3>\n\n\n\n<p>Odgovori mogu varirati ovisno o:<\/p>\n\n\n\n<ul class=\"wp-block-list\">\n<li>Tjelesna te\u017eina i metabolizam<\/li>\n\n\n\n<li>Razine tolerancije<\/li>\n\n\n\n<li>Potro\u0161ena koli\u010dina<\/li>\n\n\n\n<li>Osobna osjetljivost na sastojke<\/li>\n<\/ul>\n\n\n\n<blockquote class=\"wp-block-quote is-layout-flow wp-block-quote-is-layout-flow\">\n<p>\ud83d\udcac Pogledajte odgovore na \u010desta pitanja u na\u0161em\u00a0<a href=\"https:\/\/onlineleansyrup.com\/hr\/cesto-postavljana-pitanja\/\">\u010cesto postavljana pitanja<\/a> <\/p>\n<\/blockquote>\n\n\n\n<hr class=\"wp-block-separator has-alpha-channel-opacity\"\/>\n\n\n\n<h2 class=\"wp-block-heading\">Mogu\u0107e ne\u017eeljene reakcije<\/h2>\n\n\n\n<h3 class=\"wp-block-heading\">Alergijske reakcije<\/h3>\n\n\n\n<p>Iako je rijetko, neki pojedinci mogu iskusiti:<\/p>\n\n\n\n<ul class=\"wp-block-list\">\n<li>Iritacija ko\u017ee: blagi osipi ili svrbe\u017e<\/li>\n\n\n\n<li>Gastrointestinalni poreme\u0107aj: mu\u010dnina ili nelagoda u trbuhu<\/li>\n\n\n\n<li>Glavobolje: blage napetijske glavobolje<\/li>\n\n\n\n<li>Pospanost: Prekomjerna pospanost kod osjetljivih osoba<\/li>\n<\/ul>\n\n\n\n<h3 class=\"wp-block-heading\">U\u010dinci prekomjerne potro\u0161nje<\/h3>\n\n\n\n<p>Prevelika doza mo\u017ee uzrokovati:<\/p>\n\n\n\n<ul class=\"wp-block-list\">\n<li>Poja\u010dana pospanost<\/li>\n\n\n\n<li>Blaga mu\u010dnina<\/li>\n\n\n\n<li>Neartikulirani govor (privremeni)<\/li>\n\n\n\n<li>Te\u0161ko\u0107e s koordinacijom<\/li>\n\n\n\n<li>Dehidracija<\/li>\n<\/ul>\n\n\n\n<blockquote class=\"wp-block-quote is-layout-flow wp-block-quote-is-layout-flow\">\n<p>\u26a0\ufe0f Nikada ne upravljajte vozilima ili strojevima nakon konzumacije<\/p>\n<\/blockquote>\n\n\n\n<hr class=\"wp-block-separator has-alpha-channel-opacity\"\/>\n\n\n\n<h2 class=\"wp-block-heading\">Tko bi trebao izbjegavati ove proizvode<\/h2>\n\n\n\n<h3 class=\"wp-block-heading\">Medicinski uvjeti<\/h3>\n\n\n\n<p>Osobe s ovim stanjima trebaju se posavjetovati s lije\u010dnikom:<\/p>\n\n\n\n<ul class=\"wp-block-list\">\n<li>Problemi sa srcem: Neki sastojci mogu utjecati na otkucaje srca<\/li>\n\n\n\n<li>Bolest jetre ili bubrega: razmatranja metabolizma<\/li>\n\n\n\n<li>Dijabetes: Potrebno je pratiti sadr\u017eaj \u0161e\u0107era<\/li>\n\n\n\n<li>Problemi s disanjem: razmatranja o disanju<\/li>\n\n\n\n<li>Stanja mentalnog zdravlja: Preporu\u010duje se stru\u010dno vodstvo<\/li>\n<\/ul>\n\n\n\n<h3 class=\"wp-block-heading\">Interakcije lijekova<\/h3>\n\n\n\n<p>Mogu\u0107e interakcije mogu se pojaviti s:<\/p>\n\n\n\n<ul class=\"wp-block-list\">\n<li>Antikoagulansi<\/li>\n\n\n\n<li>Sedativni lijekovi<\/li>\n\n\n\n<li>Antidepresivi<\/li>\n\n\n\n<li>Lijekovi za krvni tlak<\/li>\n\n\n\n<li>Tretmani protiv anksioznosti<\/li>\n<\/ul>\n\n\n\n<p>Uvijek se posavjetujte s zdravstvenim djelatnicima kada kombinirate tvari.<\/p>\n\n\n\n<hr class=\"wp-block-separator has-alpha-channel-opacity\"\/>\n\n\n\n<h2 class=\"wp-block-heading\">Prevencija i sigurna upotreba<\/h2>\n\n\n\n<h3 class=\"wp-block-heading\">Po\u010detna doza<\/h3>\n\n\n\n<p>Po\u010dnite s minimalnim koli\u010dinama:<\/p>\n\n\n\n<ul class=\"wp-block-list\">\n<li>Prvi korisnici: najvi\u0161e 5\u201310 ml<\/li>\n\n\n\n<li>Redoviti korisnici: Slijedite preporuke paketa<\/li>\n\n\n\n<li>Osjetljive osobe: polovi\u010dne preporu\u010dene doze<\/li>\n\n\n\n<li>Izbjegavanje kombinacija: Nemojte mije\u0161ati s alkoholom<\/li>\n<\/ul>\n\n\n\n<h3 class=\"wp-block-heading\">Smjernice za hidrataciju<\/h3>\n\n\n\n<p>Odr\u017eavajte odgovaraju\u0107i unos teku\u0107ine:<\/p>\n\n\n\n<ul class=\"wp-block-list\">\n<li>Pijte vodu prije i poslije konzumacije.<\/li>\n\n\n\n<li>Izbjegavajte prekomjeran unos kofeina<\/li>\n\n\n\n<li>Pratite u\u010destalost mokrenja<\/li>\n\n\n\n<li>Zamijenite elektrolite ako je potrebno<\/li>\n<\/ul>\n\n\n\n<h3 class=\"wp-block-heading\">Sigurnost okoli\u0161a<\/h3>\n\n\n\n<p>Stvorite sigurne okru\u017eenja za konzumaciju:<\/p>\n\n\n\n<ul class=\"wp-block-list\">\n<li>Ostanite sjesti ili le\u017eati<\/li>\n\n\n\n<li>Osigurajte trijezno nadgledanje<\/li>\n\n\n\n<li>Uklonite o\u0161tre predmete ili opasnosti<\/li>\n\n\n\n<li>Osigurajte ugodnu temperaturu u prostoriji.<\/li>\n<\/ul>\n\n\n\n<hr class=\"wp-block-separator has-alpha-channel-opacity\"\/>\n\n\n\n<h2 class=\"wp-block-heading\">Prepoznavanje ozbiljnih problema<\/h2>\n\n\n\n<h3 class=\"wp-block-heading\">Kada potra\u017eiti lije\u010dni\u010dku pomo\u0107<\/h3>\n\n\n\n<p>Potrebna je hitna medicinska pomo\u0107 za:<\/p>\n\n\n\n<ul class=\"wp-block-list\">\n<li>Te\u0161ko\u0107e s disanjem ili gutanjem<\/li>\n\n\n\n<li>Jaki povra\u0107anje ili proljev<\/li>\n\n\n\n<li>Ubrzano srce ili bol u prsima<\/li>\n\n\n\n<li>Gubitak svijesti<\/li>\n\n\n\n<li>Simptomi te\u0161ke alergijske reakcije<\/li>\n<\/ul>\n\n\n\n<h3 class=\"wp-block-heading\">Hitni kontakti<\/h3>\n\n\n\n<ul class=\"wp-block-list\">\n<li>Hitne slu\u017ebe SAD-a: 911<\/li>\n\n\n\n<li>Toksikolo\u0161ka hitna slu\u017eba: 1-800-222-1222<\/li>\n\n\n\n<li>Op\u0107e medicinske savjete: lokalni brojevi hitne pomo\u0107i<\/li>\n<\/ul>\n\n\n\n<blockquote class=\"wp-block-quote is-layout-flow wp-block-quote-is-layout-flow\">\n<p>\ud83d\udcde <a href=\"https:\/\/onlineleansyrup.com\/hr\/kontakt\/\">Kontaktirajte nas<\/a> odmah ako sumnjate na probleme s proizvodom:\u00a0<a href=\"mailto:leansyrupshop@proton.me\" target=\"_blank\" rel=\"noreferrer noopener\">leansyrupshop@proton.me<\/a><\/p>\n<\/blockquote>\n\n\n\n<hr class=\"wp-block-separator has-alpha-channel-opacity\"\/>\n\n\n\n<h2 class=\"wp-block-heading\">Dugoro\u010dni razlozi<\/h2>\n\n\n\n<h3 class=\"wp-block-heading\">U\u010dinci redovite konzumacije<\/h3>\n\n\n\n<p>Produ\u017eena svakodnevna upotreba mo\u017ee dovesti do:<\/p>\n\n\n\n<ul class=\"wp-block-list\">\n<li>Razvoj tolerancije: Smanjena u\u010dinkovitost tijekom vremena<\/li>\n\n\n\n<li>Rizik ovisnosti: stvaranje psiholo\u0161ke navike<\/li>\n\n\n\n<li>Nutritivni utjecaj: razmatranja o \u0161e\u0107eru i kalorijama<\/li>\n\n\n\n<li>Promjene u obrascu spavanja: Mogu\u0107i poreme\u0107aj<\/li>\n<\/ul>\n\n\n\n<h3 class=\"wp-block-heading\">Odgovorni obrasci kori\u0161tenja<\/h3>\n\n\n\n<p>Preporu\u010deni pristupi uklju\u010duju:<\/p>\n\n\n\n<ul class=\"wp-block-list\">\n<li>Ograni\u010dena u\u010destalost: najvi\u0161e 1-2 puta tjedno<\/li>\n\n\n\n<li>Cikli\u010dne pauze: Mjese\u010dni periodi apstinencije<\/li>\n\n\n\n<li>Varijacija doze: Nemojte pove\u0107avati koli\u010dine tijekom vremena.<\/li>\n\n\n\n<li>Svrhovita potro\u0161nja: namjerna, a ne naviknuta upotreba<\/li>\n<\/ul>\n\n\n\n<hr class=\"wp-block-separator has-alpha-channel-opacity\"\/>\n\n\n\n<h2 class=\"wp-block-heading\">Usporedba tradicionalnih i modernih rizika<\/h2>\n\n\n\n<h3 class=\"wp-block-heading\">Tradicionalne opasnosti Lean-a<\/h3>\n\n\n\n<p>Izvorne formulacije nosile su ozbiljne rizike:<\/p>\n\n\n\n<ul class=\"wp-block-list\">\n<li>Potencijal za ovisnost: razvoj ovisnosti o opioidima<\/li>\n\n\n\n<li>Depresija disanja: suzbijanje disanja<\/li>\n\n\n\n<li>O\u0161te\u0107enje organa: optere\u0107enje jetre i bubrega<\/li>\n\n\n\n<li>U\u010dinci na mentalno zdravlje: depresija i anksioznost<\/li>\n\n\n\n<li>Rizik od predoziranja: komplikacije opasne po \u017eivot<\/li>\n<\/ul>\n\n\n\n<h3 class=\"wp-block-heading\">Moderne alternativne pogodnosti<\/h3>\n\n\n\n<p>Na\u0161i proizvodi otklanjaju ove brige:<\/p>\n\n\n\n<ul class=\"wp-block-list\">\n<li>Nema kontroliranih tvari: nula rizika od ovisnosti<\/li>\n\n\n\n<li>Sigurnost prehrambene kvalitete: laboratorijski provjereni sastojci<\/li>\n\n\n\n<li>Dosljedno doziranje: precizna kontrola formulacije<\/li>\n\n\n\n<li>Uskla\u0111enost s propisima: pridr\u017eavanje me\u0111unarodnih propisa<\/li>\n\n\n\n<li>Transparentno ozna\u010davanje: potpuno otkrivanje sastojaka<\/li>\n<\/ul>\n\n\n\n<blockquote class=\"wp-block-quote is-layout-flow wp-block-quote-is-layout-flow\">\n<p>\ud83d\udcda Saznajte vi\u0161e o tradicionalnim rizicima u na\u0161em\u00a0<a href=\"https:\/\/onlineleansyrup.com\/hr\/sto-je-lean-sirup\/\">\u0160to je Lean Sirup<\/a> vodi\u010d<\/p>\n<\/blockquote>\n\n\n\n<hr class=\"wp-block-separator has-alpha-channel-opacity\"\/>\n\n\n\n<h2 class=\"wp-block-heading\">Prijavljivanje ne\u017eeljenih doga\u0111aja<\/h2>\n\n\n\n<h3 class=\"wp-block-heading\">Proces dokumentacije<\/h3>\n\n\n\n<p>Ako do\u017eivite neo\u010dekivane u\u010dinke:<\/p>\n\n\n\n<ol class=\"wp-block-list\">\n<li>Zabilje\u017eite vrijeme i simptome<\/li>\n\n\n\n<li>Zabilje\u017eite koli\u010dinu potro\u0161enu<\/li>\n\n\n\n<li>Dokumentirajte sve druge kori\u0161tene tvari.<\/li>\n\n\n\n<li>Fotografirajte ako se pojave vidljive reakcije.<\/li>\n\n\n\n<li>Odmah kontaktirajte na\u0161 tim za podr\u0161ku.<\/li>\n<\/ol>\n\n\n\n<h3 class=\"wp-block-heading\">Na\u0161 protokol odgovora<\/h3>\n\n\n\n<p>Istra\u017eujemo sve prijave putem:<\/p>\n\n\n\n<ul class=\"wp-block-list\">\n<li>Odmah odgovor korisni\u010dke slu\u017ebe<\/li>\n\n\n\n<li>Istra\u017eivanje serije proizvoda<\/li>\n\n\n\n<li>Laboratorijsko ponovno testiranje po potrebi<\/li>\n\n\n\n<li>Konsultacija zdravstvenog djelatnika<\/li>\n\n\n\n<li>Jasna komunikacija kroz cijelo vrijeme<\/li>\n<\/ul>\n\n\n\n<p>\ud83d\udce7 Prijavite probleme na:&nbsp;<a href=\"mailto:leansyrupshop@proton.me\" rel=\"noreferrer noopener\" target=\"_blank\">leansyrupshop@proton.me<\/a><\/p>\n\n\n\n<hr class=\"wp-block-separator has-alpha-channel-opacity\"\/>\n\n\n\n<h2 class=\"wp-block-heading\">Kona\u010dne sigurnosne preporuke<\/h2>\n\n\n\n<h3 class=\"wp-block-heading\">Prije kupnje<\/h3>\n\n\n\n<ul class=\"wp-block-list\">\n<li>Pa\u017eljivo pro\u010ditajte sve informacije o sastojcima.<\/li>\n\n\n\n<li>Posavjetujte se s lije\u010dnikom ako uzimate lijekove.<\/li>\n\n\n\n<li>Razumjeti lokalne zakonske propise<\/li>\n\n\n\n<li>Plan za sigurno okru\u017eenje za konzumaciju<\/li>\n<\/ul>\n\n\n\n<h3 class=\"wp-block-heading\">Tijekom uporabe<\/h3>\n\n\n\n<ul class=\"wp-block-list\">\n<li>Po\u010dnite s malim testnim koli\u010dinama<\/li>\n\n\n\n<li>Ostanite hidrirani i nahranjeni<\/li>\n\n\n\n<li>Izbjegavajte opasne aktivnosti<\/li>\n\n\n\n<li>Pa\u017eljivo pratite osobne reakcije.<\/li>\n<\/ul>\n\n\n\n<h3 class=\"wp-block-heading\">Nakon konzumacije<\/h3>\n\n\n\n<ul class=\"wp-block-list\">\n<li>Pri\u010dekajte da potpuni u\u010dinci prestanu djelovati prije vo\u017enje.<\/li>\n\n\n\n<li>Odmori se ako osje\u0107a\u0161 pospanost.<\/li>\n\n\n\n<li>Izbjegavajte dodatne tvari<\/li>\n\n\n\n<li>Razmislite o osobnim razinama tolerancije<\/li>\n<\/ul>\n\n\n\n<blockquote class=\"wp-block-quote is-layout-flow wp-block-quote-is-layout-flow\">\n<p>\ud83d\udee1\ufe0f Zapamtite: Odgovorna upotreba zna\u010di informirana upotreba. Posjetite na\u0161u\u00a0<a href=\"https:\/\/onlineleansyrup.com\/hr\/\">Po\u010detna stranica<\/a> istra\u017eiti na\u0161e sigurne, testirane alternative<\/p>\n<\/blockquote>\n\n\n\n<hr class=\"wp-block-separator has-alpha-channel-opacity\"\/>\n\n\n\n<h3 class=\"wp-block-heading\">Trebate li vi\u0161e informacija?<\/h3>\n\n\n\n<p>Na\u0161 tim je dostupan za raspravu o pitanjima sigurnosti, upitima o sastojcima ili personaliziranim savjetima:<\/p>\n\n\n\n<p>\ud83d\udce7 E-po\u0161ta:&nbsp;<a href=\"mailto:leansyrupshop@proton.me\" rel=\"noreferrer noopener\" target=\"_blank\">leansyrupshop@proton.me<\/a><br>\ud83d\udd52 Vrijeme odgovora: unutar 24 sata<\/p>","protected":false},"excerpt":{"rendered":"<p>Lean Syrup Side Effects &#8211; Safety Information You Need Understanding potential side effects is crucial when deciding to&nbsp;buy Lean syrup. [&hellip;]<\/p>\n","protected":false},"author":1,"featured_media":0,"parent":0,"menu_order":0,"comment_status":"closed","ping_status":"closed","template":"","meta":{"site-sidebar-layout":"default","site-content-layout":"","ast-site-content-layout":"default","site-content-style":"default","site-sidebar-style":"default","ast-global-header-display":"","ast-banner-title-visibility":"","ast-main-header-display":"","ast-hfb-above-header-display":"","ast-hfb-below-header-display":"","ast-hfb-mobile-header-display":"","site-post-title":"","ast-breadcrumbs-content":"","ast-featured-img":"","footer-sml-layout":"","ast-disable-related-posts":"","theme-transparent-header-meta":"","adv-header-id-meta":"","stick-header-meta":"","header-above-stick-meta":"","header-main-stick-meta":"","header-below-stick-meta":"","astra-migrate-meta-layouts":"default","ast-page-background-enabled":"default","ast-page-background-meta":{"desktop":{"background-color":"var(--ast-global-color-5)","background-image":"","background-repeat":"repeat","background-position":"center center","background-size":"auto","background-attachment":"scroll","background-type":"","background-media":"","overlay-type":"","overlay-color":"","overlay-opacity":"","overlay-gradient":""},"tablet":{"background-color":"","background-image":"","background-repeat":"repeat","background-position":"center center","background-size":"auto","background-attachment":"scroll","background-type":"","background-media":"","overlay-type":"","overlay-color":"","overlay-opacity":"","overlay-gradient":""},"mobile":{"background-color":"","background-image":"","background-repeat":"repeat","background-position":"center center","background-size":"auto","background-attachment":"scroll","background-type":"","background-media":"","overlay-type":"","overlay-color":"","overlay-opacity":"","overlay-gradient":""}},"ast-content-background-meta":{"desktop":{"background-color":"var(--ast-global-color-4)","background-image":"","background-repeat":"repeat","background-position":"center center","background-size":"auto","background-attachment":"scroll","background-type":"","background-media":"","overlay-type":"","overlay-color":"","overlay-opacity":"","overlay-gradient":""},"tablet":{"background-color":"var(--ast-global-color-4)","background-image":"","background-repeat":"repeat","background-position":"center center","background-size":"auto","background-attachment":"scroll","background-type":"","background-media":"","overlay-type":"","overlay-color":"","overlay-opacity":"","overlay-gradient":""},"mobile":{"background-color":"var(--ast-global-color-4)","background-image":"","background-repeat":"repeat","background-position":"center center","background-size":"auto","background-attachment":"scroll","background-type":"","background-media":"","overlay-type":"","overlay-color":"","overlay-opacity":"","overlay-gradient":""}},"footnotes":""},"class_list":["post-31","page","type-page","status-publish","hentry"],"yoast_head":"<!-- This site is optimized with the Yoast SEO plugin v27.1.1 - https:\/\/yoast.com\/product\/yoast-seo-wordpress\/ -->\n<title>Lean Syrup Side Effects - Buy Lean Syrup | Premium Legal Lean Alternatives Worldwide<\/title>\n<meta name=\"description\" content=\"Complete guide to Lean syrup side effects and safety information. The risks, prevention, and responsible usage before buying Lean syrup.\" \/>\n<meta name=\"robots\" content=\"index, follow, max-snippet:-1, max-image-preview:large, max-video-preview:-1\" \/>\n<link rel=\"canonical\" href=\"https:\/\/onlineleansyrup.com\/hr\/nuspojave-sirupa-za-mrsavljenje\/\" \/>\n<meta property=\"og:locale\" content=\"hr_HR\" \/>\n<meta property=\"og:type\" content=\"article\" \/>\n<meta property=\"og:title\" content=\"Lean Syrup Side Effects - Buy Lean Syrup | Premium Legal Lean Alternatives Worldwide\" \/>\n<meta property=\"og:description\" content=\"Complete guide to Lean syrup side effects and safety information. The risks, prevention, and responsible usage before buying Lean syrup.\" \/>\n<meta property=\"og:url\" content=\"https:\/\/onlineleansyrup.com\/hr\/nuspojave-sirupa-za-mrsavljenje\/\" \/>\n<meta property=\"og:site_name\" content=\"Buy Lean Syrup | Premium Legal Lean Alternatives Worldwide\" \/>\n<meta property=\"article:modified_time\" content=\"2026-03-14T17:20:58+00:00\" \/>\n<meta name=\"twitter:card\" content=\"summary_large_image\" \/>\n<meta name=\"twitter:label1\" content=\"Est. reading time\" \/>\n\t<meta name=\"twitter:data1\" content=\"3 minute\" \/>\n<script type=\"application\/ld+json\" class=\"yoast-schema-graph\">{\"@context\":\"https:\/\/schema.org\",\"@graph\":[{\"@type\":\"WebPage\",\"@id\":\"https:\/\/onlineleansyrup.com\/lean-syrup-side-effects\/\",\"url\":\"https:\/\/onlineleansyrup.com\/lean-syrup-side-effects\/\",\"name\":\"Lean Syrup Side Effects - Buy Lean Syrup | Premium Legal Lean Alternatives Worldwide\",\"isPartOf\":{\"@id\":\"https:\/\/onlineleansyrup.com\/#website\"},\"datePublished\":\"2026-03-14T17:14:15+00:00\",\"dateModified\":\"2026-03-14T17:20:58+00:00\",\"description\":\"Complete guide to Lean syrup side effects and safety information. The risks, prevention, and responsible usage before buying Lean syrup.\",\"breadcrumb\":{\"@id\":\"https:\/\/onlineleansyrup.com\/lean-syrup-side-effects\/#breadcrumb\"},\"inLanguage\":\"hr\",\"potentialAction\":[{\"@type\":\"ReadAction\",\"target\":[\"https:\/\/onlineleansyrup.com\/lean-syrup-side-effects\/\"]}]},{\"@type\":\"BreadcrumbList\",\"@id\":\"https:\/\/onlineleansyrup.com\/lean-syrup-side-effects\/#breadcrumb\",\"itemListElement\":[{\"@type\":\"ListItem\",\"position\":1,\"name\":\"Home\",\"item\":\"https:\/\/onlineleansyrup.com\/\"},{\"@type\":\"ListItem\",\"position\":2,\"name\":\"Lean Syrup Side Effects\"}]},{\"@type\":\"WebSite\",\"@id\":\"https:\/\/onlineleansyrup.com\/#website\",\"url\":\"https:\/\/onlineleansyrup.com\/\",\"name\":\"Buy Lean Syrup | Premium Legal Lean Alternatives Worldwide\",\"description\":\"Safe, Discreet Shipping to 20+ Countries | Lab-Tested Lean Syrup\",\"potentialAction\":[{\"@type\":\"SearchAction\",\"target\":{\"@type\":\"EntryPoint\",\"urlTemplate\":\"https:\/\/onlineleansyrup.com\/?s={search_term_string}\"},\"query-input\":{\"@type\":\"PropertyValueSpecification\",\"valueRequired\":true,\"valueName\":\"search_term_string\"}}],\"inLanguage\":\"hr\"}]}<\/script>\n<!-- \/ Yoast SEO plugin. -->","yoast_head_json":{"title":"Nuspojave sirupa Lean - Kupite sirup Lean | Premium legalne alternative Lean sirupa diljem svijeta","description":"Cjeloviti vodi\u010d o nuspojavama sirupa Lean i sigurnosnim informacijama. Rizici, prevencija i odgovorno kori\u0161tenje prije kupnje sirupa Lean.","robots":{"index":"index","follow":"follow","max-snippet":"max-snippet:-1","max-image-preview":"max-image-preview:large","max-video-preview":"max-video-preview:-1"},"canonical":"https:\/\/onlineleansyrup.com\/hr\/nuspojave-sirupa-za-mrsavljenje\/","og_locale":"hr_HR","og_type":"article","og_title":"Lean Syrup Side Effects - Buy Lean Syrup | Premium Legal Lean Alternatives Worldwide","og_description":"Complete guide to Lean syrup side effects and safety information. The risks, prevention, and responsible usage before buying Lean syrup.","og_url":"https:\/\/onlineleansyrup.com\/hr\/nuspojave-sirupa-za-mrsavljenje\/","og_site_name":"Buy Lean Syrup | Premium Legal Lean Alternatives Worldwide","article_modified_time":"2026-03-14T17:20:58+00:00","twitter_card":"summary_large_image","twitter_misc":{"Est. reading time":"3 minute"},"schema":{"@context":"https:\/\/schema.org","@graph":[{"@type":"WebPage","@id":"https:\/\/onlineleansyrup.com\/lean-syrup-side-effects\/","url":"https:\/\/onlineleansyrup.com\/lean-syrup-side-effects\/","name":"Nuspojave sirupa Lean - Kupite sirup Lean | Premium legalne alternative Lean sirupa diljem svijeta","isPartOf":{"@id":"https:\/\/onlineleansyrup.com\/#website"},"datePublished":"2026-03-14T17:14:15+00:00","dateModified":"2026-03-14T17:20:58+00:00","description":"Cjeloviti vodi\u010d o nuspojavama sirupa Lean i sigurnosnim informacijama. Rizici, prevencija i odgovorno kori\u0161tenje prije kupnje sirupa Lean.","breadcrumb":{"@id":"https:\/\/onlineleansyrup.com\/lean-syrup-side-effects\/#breadcrumb"},"inLanguage":"hr","potentialAction":[{"@type":"ReadAction","target":["https:\/\/onlineleansyrup.com\/lean-syrup-side-effects\/"]}]},{"@type":"BreadcrumbList","@id":"https:\/\/onlineleansyrup.com\/lean-syrup-side-effects\/#breadcrumb","itemListElement":[{"@type":"ListItem","position":1,"name":"Home","item":"https:\/\/onlineleansyrup.com\/"},{"@type":"ListItem","position":2,"name":"Lean Syrup Side Effects"}]},{"@type":"WebSite","@id":"https:\/\/onlineleansyrup.com\/#website","url":"https:\/\/onlineleansyrup.com\/","name":"Kupite Lean sirup | Premium legalne alternative Lean-u diljem svijeta","description":"Sigurna i diskretna dostava u vi\u0161e od 20 zemalja | Laboratorijski testirani Lean sirup","potentialAction":[{"@type":"SearchAction","target":{"@type":"EntryPoint","urlTemplate":"https:\/\/onlineleansyrup.com\/?s={search_term_string}"},"query-input":{"@type":"PropertyValueSpecification","valueRequired":true,"valueName":"search_term_string"}}],"inLanguage":"hr"}]}},"_links":{"self":[{"href":"https:\/\/onlineleansyrup.com\/hr\/wp-json\/wp\/v2\/pages\/31","targetHints":{"allow":["GET"]}}],"collection":[{"href":"https:\/\/onlineleansyrup.com\/hr\/wp-json\/wp\/v2\/pages"}],"about":[{"href":"https:\/\/onlineleansyrup.com\/hr\/wp-json\/wp\/v2\/types\/page"}],"author":[{"embeddable":true,"href":"https:\/\/onlineleansyrup.com\/hr\/wp-json\/wp\/v2\/users\/1"}],"replies":[{"embeddable":true,"href":"https:\/\/onlineleansyrup.com\/hr\/wp-json\/wp\/v2\/comments?post=31"}],"version-history":[{"count":3,"href":"https:\/\/onlineleansyrup.com\/hr\/wp-json\/wp\/v2\/pages\/31\/revisions"}],"predecessor-version":[{"id":36,"href":"https:\/\/onlineleansyrup.com\/hr\/wp-json\/wp\/v2\/pages\/31\/revisions\/36"}],"wp:attachment":[{"href":"https:\/\/onlineleansyrup.com\/hr\/wp-json\/wp\/v2\/media?parent=31"}],"curies":[{"name":"wp","href":"https:\/\/api.w.org\/{rel}","templated":true}]}}