{"id":6,"date":"2026-03-14T16:40:16","date_gmt":"2026-03-14T16:40:16","guid":{"rendered":"https:\/\/onlineleansyrup.com\/?page_id=6"},"modified":"2026-03-14T19:08:56","modified_gmt":"2026-03-14T19:08:56","slug":"buy-lean-syrup","status":"publish","type":"page","link":"https:\/\/onlineleansyrup.com\/hr\/","title":{"rendered":"Kupi Lean sirup"},"content":{"rendered":"<h2 class=\"wp-block-heading\">Kupite Lean sirup \u2013 va\u0161 ulaz u vrhunsko Lean iskustvo<\/h2>\n\n\n\n<p>Tra\u017eite li pouzdani izvor za kupnju Lean sirupa? Bilo da ste novi u toj sceni ili tra\u017eite pouzdanog dobavlja\u010da, imamo sve \u0161to trebate znati o sigurnom i u\u010dinkovitom kupovanju i kori\u0161tenju Lean sirupa.<\/p>\n\n\n\n<p>Lean sirup, tako\u0111er poznat kao \u201cpurple drank\u201d, \u201csizzurp\u201d ili \u201cdirty sprite\u201d, postao je kulturni fenomen. Izvorno populariziran u houstonskoj underground hip-hop kulturi 1990-ih, od tada se razvio u \u0161iroko prepoznatu rekreativnu supstancu. Me\u0111utim, s rastu\u0107om popularno\u0161\u0107u dolazi potreba za odgovornim nabavom i informiranom upotrebom.<\/p>\n\n\n\n<p>U ovom vodi\u010du pro\u0107i \u0107emo vas kroz to \u0161to je Lean, kako ga kupovati odgovorno i gdje prona\u0107i proizvode vrhunske kvalitete na internetu.<\/p>\n\n\n\n<figure class=\"wp-block-image size-large is-resized\"><img loading=\"lazy\" decoding=\"async\" width=\"1024\" height=\"575\" src=\"https:\/\/onlineleansyrup.com\/wp-content\/uploads\/2026\/03\/buy-lean-1024x575.jpg\" alt=\"kupi mr\u0161avo\" class=\"wp-image-23\" style=\"aspect-ratio:1.7808823905617381;width:338px;height:auto\" srcset=\"https:\/\/onlineleansyrup.com\/wp-content\/uploads\/2026\/03\/buy-lean-1024x575.jpg 1024w, https:\/\/onlineleansyrup.com\/wp-content\/uploads\/2026\/03\/buy-lean-300x169.jpg 300w, https:\/\/onlineleansyrup.com\/wp-content\/uploads\/2026\/03\/buy-lean-768x431.jpg 768w, https:\/\/onlineleansyrup.com\/wp-content\/uploads\/2026\/03\/buy-lean-18x10.jpg 18w, https:\/\/onlineleansyrup.com\/wp-content\/uploads\/2026\/03\/buy-lean.jpg 1296w\" sizes=\"auto, (max-width: 1024px) 100vw, 1024px\" \/><\/figure>\n\n\n\n<hr class=\"wp-block-separator has-alpha-channel-opacity\"\/>\n\n\n\n<h3 class=\"wp-block-heading\">\u0160to je Lean sirup?<\/h3>\n\n\n\n<p>Lean sirup obi\u010dno se odnosi na mje\u0161avinu receptnog sirupa protiv ka\u0161lja koji sadr\u017ei kodein i promethazin, pomije\u0161anu s bezalkoholnim pi\u0107ima poput Spritea ili Mountain Dewa, a ponekad i s bombonima poput Jolly Ranchers. Rezultat je slatko, \u0161areno pi\u0107e koje izaziva opu\u0161tanje, euforiju i blagu sedaciju.<\/p>\n\n\n\n<p>Me\u0111utim, budu\u0107i da sadr\u017ei kontrolirane tvari, mnogi se okre\u0107u legalnim alternativama ili sinteti\u010dkim verzijama koje opona\u0161aju iskustvo bez zdravstvenih rizika povezanih s opioidima.<\/p>\n\n\n\n<p>Ako se pitate&nbsp;<em>gdje kupiti Lean sirup<\/em>, osobito ako ste izvan SAD-a, va\u017eno je razumjeti i pravni status i sigurne prakse upotrebe u va\u0161oj zemlji.<\/p>\n\n\n\n<blockquote class=\"wp-block-quote is-layout-flow wp-block-quote-is-layout-flow\">\n<p>\ud83d\udd0d Saznajte vi\u0161e:\u00a0<a href=\"https:\/\/onlineleansyrup.com\/hr\/sto-je-lean-sirup\/\">\u0160to je Lean Syrup?<\/a> <\/p>\n<\/blockquote>\n\n\n\n<figure class=\"wp-block-image size-full\"><img loading=\"lazy\" decoding=\"async\" width=\"342\" height=\"147\" src=\"https:\/\/onlineleansyrup.com\/wp-content\/uploads\/2026\/03\/buy-lean-syrup-codeine-purple-drink.jpg\" alt=\"kupi sirup protiv ka\u0161lja s kodeinom ljubi\u010dasti napitak\" class=\"wp-image-22\" srcset=\"https:\/\/onlineleansyrup.com\/wp-content\/uploads\/2026\/03\/buy-lean-syrup-codeine-purple-drink.jpg 342w, https:\/\/onlineleansyrup.com\/wp-content\/uploads\/2026\/03\/buy-lean-syrup-codeine-purple-drink-300x129.jpg 300w, https:\/\/onlineleansyrup.com\/wp-content\/uploads\/2026\/03\/buy-lean-syrup-codeine-purple-drink-18x8.jpg 18w\" sizes=\"auto, (max-width: 342px) 100vw, 342px\" \/><\/figure>\n\n\n\n<hr class=\"wp-block-separator has-alpha-channel-opacity\"\/>\n\n\n\n<h3 class=\"wp-block-heading\">Za\u0161to odabrati na\u0161e proizvode s Lean sirupom?<\/h3>\n\n\n\n<p>Nudimo visokokvalitetne, laboratorijski testirane Lean sirupe dizajnirane za sigurnost i okus. Evo za\u0161to nam tisu\u0107e vjeruju kada \u017eele legalno i sigurno kupiti Lean sirup:<\/p>\n\n\n\n<h4 class=\"wp-block-heading\">Vrhunske sastojke<\/h4>\n\n\n\n<p>Na\u0161i sirupi sadr\u017ee pa\u017eljivo odabrane sastojke koji opona\u0161aju profil okusa i opu\u0161taju\u0107e u\u010dinke tradicionalnih recepata\u2014ali bez opasnih narkotika.<\/p>\n\n\n\n<h4 class=\"wp-block-heading\">Zakonito i sigurno<\/h4>\n\n\n\n<p>Svi na\u0161i proizvodi su u skladu s me\u0111unarodnim propisima i ne sadr\u017ee nikakve kontrolirane tvari. Mo\u017eete biti mirni znaju\u0107i da svaka serija prolazi testiranje tre\u0107e strane.<\/p>\n\n\n\n<h4 class=\"wp-block-heading\">Diskretna dostava diljem svijeta<\/h4>\n\n\n\n<p>Isporu\u010dujemo u vi\u0161e od 20 zemalja, uklju\u010duju\u0107i Ujedinjeno Kraljevstvo, Kanadu, Njema\u010dku, Francusku, Australiju i druge. Sve se narud\u017ebe diskretno pakiraju kako bismo za\u0161titili va\u0161u privatnost.<\/p>\n\n\n\n<h4 class=\"wp-block-heading\">Brza dostava<\/h4>\n\n\n\n<p>Nakon \u0161to je va\u0161a narud\u017eba zaprimljena, dostava se o\u010dekuje u roku od 3\u20137 radnih dana, ovisno o va\u0161oj lokaciji.<\/p>\n\n\n\n<blockquote class=\"wp-block-quote is-layout-flow wp-block-quote-is-layout-flow\">\n<p>\ud83e\uddea \u017delite li znati to\u010dno \u0161to se nalazi unutra? Cjeloviti popis sastojaka potra\u017eite ovdje:\u00a0<a href=\"https:\/\/onlineleansyrup.com\/hr\/sastojci-lean-sirupa-sto-je-unutra-u-nasim-proizvodima\/\">Sastojci za mr\u0161avi sirup<\/a><\/p>\n<\/blockquote>\n\n\n\n<figure class=\"wp-block-image size-full is-resized\"><img loading=\"lazy\" decoding=\"async\" width=\"1000\" height=\"1000\" src=\"https:\/\/onlineleansyrup.com\/wp-content\/uploads\/2026\/03\/buy-lean-codeine-syrup.jpg\" alt=\"kupi sirup s kodinom i bez masno\u0107e\" class=\"wp-image-21\" style=\"width:317px;height:auto\" srcset=\"https:\/\/onlineleansyrup.com\/wp-content\/uploads\/2026\/03\/buy-lean-codeine-syrup.jpg 1000w, https:\/\/onlineleansyrup.com\/wp-content\/uploads\/2026\/03\/buy-lean-codeine-syrup-300x300.jpg 300w, https:\/\/onlineleansyrup.com\/wp-content\/uploads\/2026\/03\/buy-lean-codeine-syrup-150x150.jpg 150w, https:\/\/onlineleansyrup.com\/wp-content\/uploads\/2026\/03\/buy-lean-codeine-syrup-768x768.jpg 768w, https:\/\/onlineleansyrup.com\/wp-content\/uploads\/2026\/03\/buy-lean-codeine-syrup-12x12.jpg 12w\" sizes=\"auto, (max-width: 1000px) 100vw, 1000px\" \/><\/figure>\n\n\n\n<hr class=\"wp-block-separator has-alpha-channel-opacity\"\/>\n\n\n\n<h3 class=\"wp-block-heading\">Kako sigurno kupiti sirup za mr\u0161avljenje online<\/h3>\n\n\n\n<p>Kupnja bilo \u010dega putem interneta zahtijeva oprez, osobito kada se radi o reguliranim ili osjetljivim proizvodima. Slijedite ove korake kako biste osigurali sigurnu kupnju:<\/p>\n\n\n\n<ol class=\"wp-block-list\">\n<li>Provjerite vjerodostojnost: Uvijek provjerite recenzije, certifikate i kontaktne podatke prije narud\u017ebe.<\/li>\n\n\n\n<li>Pa\u017eljivo pro\u010ditajte deklaracije: provjerite da proizvod ne sadr\u017ei ilegalne tvari, osim ako vam nisu propisane.<\/li>\n\n\n\n<li>Provjerite lokalni pravni status: Saznajte je li uvo\u0111enje takvih proizvoda dopu\u0161teno u va\u0161oj regiji.<\/li>\n\n\n\n<li>Koristite sigurne metode pla\u0107anja: prihva\u0107amo glavne kreditne kartice i kriptovalute radi dodatne sigurnosti.<\/li>\n<\/ol>\n\n\n\n<p>Ponosimo se transparentno\u0161\u0107u i brigu o kupcima. Ako imate pitanja o na\u0161em postupku ili nedoumice u vezi s legalno\u0161\u0107u, slobodno nas kontaktirajte na\u00a0<a href=\"mailto:leansyrupshop@proton.me\" target=\"_blank\" rel=\"noreferrer noopener\">leansyrupshop@proton.me<\/a>.<\/p>\n\n\n\n<blockquote class=\"wp-block-quote is-layout-flow wp-block-quote-is-layout-flow\">\n<p>\ud83d\udcac Jo\u0161 uvijek niste sigurni? Pro\u010ditajte na\u0161e\u00a0<a href=\"https:\/\/onlineleansyrup.com\/hr\/cesto-postavljana-pitanja\/\">\u010cesto postavljana pitanja<\/a> Odjeljak s odgovorima na \u010desta pitanja o naru\u010divanju i konzumaciji.<\/p>\n<\/blockquote>\n\n\n\n<hr class=\"wp-block-separator has-alpha-channel-opacity\"\/>\n\n\n\n<h3 class=\"wp-block-heading\">Razumijevanje doze i u\u010dinaka<\/h3>\n\n\n\n<p>Kada kupujete Lean sirup, razumijevanje pravilne doze klju\u010dno je \u2013 ne samo zbog u\u010dinka, nego i zbog sigurnosti. Iako na\u0161e formulacije nisu opojne, umjerenost osigurava maksimalno u\u017eivanje bez nelagode.<\/p>\n\n\n\n<p>U\u010dinci se mogu razlikovati ovisno o individualnoj toleranciji, stoga uvijek zapo\u010dnite s malom dozom i prilagodite je prema potrebi. Tipi\u010dni u\u010dinci uklju\u010duju:<\/p>\n\n\n\n<ul class=\"wp-block-list\">\n<li>Blaga euforija<\/li>\n\n\n\n<li>Opu\u0161tanje<\/li>\n\n\n\n<li>Blaga pospanost<\/li>\n\n\n\n<li>Slatki vo\u0107ni okusi<\/li>\n<\/ul>\n\n\n\n<p>Za najbolje rezultate slijedite na\u0161e preporu\u010dene koli\u010dine navedene na etiketi svake boce. Nikada nemojte mije\u0161ati s alkoholom ili drugim tvarima, osim ako to ne preporu\u010di medicinski stru\u010dnjak.<\/p>\n\n\n\n<blockquote class=\"wp-block-quote is-layout-flow wp-block-quote-is-layout-flow\">\n<p>\u26a0\ufe0f Za detaljne informacije o mogu\u0107im nuspojavama i mjerama opreza pogledajte:\u00a0<a href=\"https:\/\/onlineleansyrup.com\/hr\/nuspojave-sirupa-za-mrsavljenje\/\">Nuspojave sirupa Lean<\/a> <\/p>\n<\/blockquote>\n\n\n\n<hr class=\"wp-block-separator has-alpha-channel-opacity\"\/>\n\n\n\n<h3 class=\"wp-block-heading\">Gdje mogu kupiti Lean sirup me\u0111unarodno?<\/h3>\n\n\n\n<p>Ponosno slu\u017eimo kupcima diljem Zapadne Europe, Sjeverne Amerike, Oceanije i dijelova Azije. Bez obzira gdje \u017eivite, nastojimo kupnju kvalitetnog Lean sirupa u\u010diniti jednostavnom i pristupa\u010dnom.<\/p>\n\n\n\n<p>Popularne destinacije uklju\u010duju:<\/p>\n\n\n\n<ul class=\"wp-block-list\">\n<li>Sjedinjene Ameri\u010dke Dr\u017eave<\/li>\n\n\n\n<li>Ujedinjeno Kraljevstvo<\/li>\n\n\n\n<li>Kanada<\/li>\n\n\n\n<li>Njema\u010dka<\/li>\n\n\n\n<li>Francuska<\/li>\n\n\n\n<li>Nizozemska<\/li>\n\n\n\n<li>Australija<\/li>\n\n\n\n<li>Novi Zeland<\/li>\n<\/ul>\n\n\n\n<p>Po\u0161iljka je u potpunosti osigurana i pra\u0107ena, \u0161to osigurava da va\u0161 paket stigne sigurno bez obzira na udaljenost.<\/p>\n\n\n\n<hr class=\"wp-block-separator has-alpha-channel-opacity\"\/>\n\n\n\n<h3 class=\"wp-block-heading\">Zavr\u0161ne misli \u2013 Jeste li spremni kupiti Lean sirup danas?<\/h3>\n\n\n\n<p>Bilo da ste znati\u017eeljni isprobati Lean po prvi put ili ste dugogodi\u0161nji obo\u017eavatelj koji tra\u017ei sigurnije alternative, odabir pravog dobavlja\u010da je klju\u010dan. Uz brzu globalnu dostavu, vrhunske sastojke i transparentnu komunikaciju, posve\u0107eni smo tome da vam pomognemo izvu\u0107i maksimum iz va\u0161eg iskustva.<\/p>\n\n\n\n<p>\ud83d\udc49 Posjetite&nbsp;<a href=\"https:\/\/onlineleansyrup.com\/hr\/\" rel=\"noreferrer noopener\" target=\"_blank\">onlineleansyrup.com<\/a>&nbsp;Istra\u017eite na\u0161 asortiman i naru\u010dite jo\u0161 danas!<\/p>\n\n\n\n<p>Imate pitanja? Kontaktirajte nas u bilo koje vrijeme putem e-po\u0161te na&nbsp;<a href=\"mailto:leansyrupshop@pm.me\" target=\"_blank\" rel=\"noreferrer noopener\">leansyrupshop@proton.me<\/a>&nbsp;ovdje smo da pomognemo ili kliknite na <a href=\"https:\/\/onlineleansyrup.com\/hr\/kontakt\/\">kontakt<\/a>.<\/p>","protected":false},"excerpt":{"rendered":"<p>Buy Lean Syrup \u2013 Your Gateway to Premium Lean Experience Are you searching for a trusted source to&nbsp;buy Lean syrup? [&hellip;]<\/p>\n","protected":false},"author":1,"featured_media":0,"parent":0,"menu_order":0,"comment_status":"closed","ping_status":"closed","template":"","meta":{"site-sidebar-layout":"default","site-content-layout":"","ast-site-content-layout":"default","site-content-style":"default","site-sidebar-style":"default","ast-global-header-display":"","ast-banner-title-visibility":"","ast-main-header-display":"","ast-hfb-above-header-display":"","ast-hfb-below-header-display":"","ast-hfb-mobile-header-display":"","site-post-title":"","ast-breadcrumbs-content":"","ast-featured-img":"","footer-sml-layout":"","ast-disable-related-posts":"","theme-transparent-header-meta":"","adv-header-id-meta":"","stick-header-meta":"","header-above-stick-meta":"","header-main-stick-meta":"","header-below-stick-meta":"","astra-migrate-meta-layouts":"default","ast-page-background-enabled":"default","ast-page-background-meta":{"desktop":{"background-color":"var(--ast-global-color-5)","background-image":"","background-repeat":"repeat","background-position":"center center","background-size":"auto","background-attachment":"scroll","background-type":"","background-media":"","overlay-type":"","overlay-color":"","overlay-opacity":"","overlay-gradient":""},"tablet":{"background-color":"","background-image":"","background-repeat":"repeat","background-position":"center center","background-size":"auto","background-attachment":"scroll","background-type":"","background-media":"","overlay-type":"","overlay-color":"","overlay-opacity":"","overlay-gradient":""},"mobile":{"background-color":"","background-image":"","background-repeat":"repeat","background-position":"center center","background-size":"auto","background-attachment":"scroll","background-type":"","background-media":"","overlay-type":"","overlay-color":"","overlay-opacity":"","overlay-gradient":""}},"ast-content-background-meta":{"desktop":{"background-color":"var(--ast-global-color-4)","background-image":"","background-repeat":"repeat","background-position":"center center","background-size":"auto","background-attachment":"scroll","background-type":"","background-media":"","overlay-type":"","overlay-color":"","overlay-opacity":"","overlay-gradient":""},"tablet":{"background-color":"var(--ast-global-color-4)","background-image":"","background-repeat":"repeat","background-position":"center center","background-size":"auto","background-attachment":"scroll","background-type":"","background-media":"","overlay-type":"","overlay-color":"","overlay-opacity":"","overlay-gradient":""},"mobile":{"background-color":"var(--ast-global-color-4)","background-image":"","background-repeat":"repeat","background-position":"center center","background-size":"auto","background-attachment":"scroll","background-type":"","background-media":"","overlay-type":"","overlay-color":"","overlay-opacity":"","overlay-gradient":""}},"footnotes":""},"class_list":["post-6","page","type-page","status-publish","hentry"],"yoast_head":"<!-- This site is optimized with the Yoast SEO plugin v27.1.1 - https:\/\/yoast.com\/product\/yoast-seo-wordpress\/ -->\n<title>Buy Lean Syrup - Buy Lean Syrup | Premium Legal Lean Alternatives Worldwide<\/title>\n<meta name=\"robots\" content=\"index, follow, max-snippet:-1, max-image-preview:large, max-video-preview:-1\" \/>\n<link rel=\"canonical\" href=\"https:\/\/onlineleansyrup.com\/hr\/\" \/>\n<meta property=\"og:locale\" content=\"hr_HR\" \/>\n<meta property=\"og:type\" content=\"article\" \/>\n<meta property=\"og:title\" content=\"Buy Lean Syrup - Buy Lean Syrup | Premium Legal Lean Alternatives Worldwide\" \/>\n<meta property=\"og:description\" content=\"Buy Lean Syrup \u2013 Your Gateway to Premium Lean Experience Are you searching for a trusted source to&nbsp;buy Lean syrup? [&hellip;]\" \/>\n<meta property=\"og:url\" content=\"https:\/\/onlineleansyrup.com\/hr\/\" \/>\n<meta property=\"og:site_name\" content=\"Buy Lean Syrup | Premium Legal Lean Alternatives Worldwide\" \/>\n<meta property=\"article:modified_time\" content=\"2026-03-14T19:08:56+00:00\" \/>\n<meta property=\"og:image\" content=\"https:\/\/onlineleansyrup.com\/wp-content\/uploads\/2026\/03\/buy-lean.jpg\" \/>\n\t<meta property=\"og:image:width\" content=\"1296\" \/>\n\t<meta property=\"og:image:height\" content=\"728\" \/>\n\t<meta property=\"og:image:type\" content=\"image\/jpeg\" \/>\n<meta name=\"twitter:card\" content=\"summary_large_image\" \/>\n<meta name=\"twitter:label1\" content=\"Est. reading time\" \/>\n\t<meta name=\"twitter:data1\" content=\"4 minute\" \/>\n<script type=\"application\/ld+json\" class=\"yoast-schema-graph\">{\"@context\":\"https:\/\/schema.org\",\"@graph\":[{\"@type\":\"WebPage\",\"@id\":\"https:\/\/onlineleansyrup.com\/\",\"url\":\"https:\/\/onlineleansyrup.com\/\",\"name\":\"Buy Lean Syrup - Buy Lean Syrup | Premium Legal Lean Alternatives Worldwide\",\"isPartOf\":{\"@id\":\"https:\/\/onlineleansyrup.com\/#website\"},\"primaryImageOfPage\":{\"@id\":\"https:\/\/onlineleansyrup.com\/#primaryimage\"},\"image\":{\"@id\":\"https:\/\/onlineleansyrup.com\/#primaryimage\"},\"thumbnailUrl\":\"https:\/\/onlineleansyrup.com\/wp-content\/uploads\/2026\/03\/buy-lean-1024x575.jpg\",\"datePublished\":\"2026-03-14T16:40:16+00:00\",\"dateModified\":\"2026-03-14T19:08:56+00:00\",\"breadcrumb\":{\"@id\":\"https:\/\/onlineleansyrup.com\/#breadcrumb\"},\"inLanguage\":\"hr\",\"potentialAction\":[{\"@type\":\"ReadAction\",\"target\":[\"https:\/\/onlineleansyrup.com\/\"]}]},{\"@type\":\"ImageObject\",\"inLanguage\":\"hr\",\"@id\":\"https:\/\/onlineleansyrup.com\/#primaryimage\",\"url\":\"https:\/\/onlineleansyrup.com\/wp-content\/uploads\/2026\/03\/buy-lean-1024x575.jpg\",\"contentUrl\":\"https:\/\/onlineleansyrup.com\/wp-content\/uploads\/2026\/03\/buy-lean-1024x575.jpg\"},{\"@type\":\"BreadcrumbList\",\"@id\":\"https:\/\/onlineleansyrup.com\/#breadcrumb\",\"itemListElement\":[{\"@type\":\"ListItem\",\"position\":1,\"name\":\"Home\",\"item\":\"https:\/\/onlineleansyrup.com\/\"},{\"@type\":\"ListItem\",\"position\":2,\"name\":\"Buy Lean Syrup\"}]},{\"@type\":\"WebSite\",\"@id\":\"https:\/\/onlineleansyrup.com\/#website\",\"url\":\"https:\/\/onlineleansyrup.com\/\",\"name\":\"Buy Lean Syrup | Premium Legal Lean Alternatives Worldwide\",\"description\":\"Safe, Discreet Shipping to 20+ Countries | Lab-Tested Lean Syrup\",\"potentialAction\":[{\"@type\":\"SearchAction\",\"target\":{\"@type\":\"EntryPoint\",\"urlTemplate\":\"https:\/\/onlineleansyrup.com\/?s={search_term_string}\"},\"query-input\":{\"@type\":\"PropertyValueSpecification\",\"valueRequired\":true,\"valueName\":\"search_term_string\"}}],\"inLanguage\":\"hr\"}]}<\/script>\n<!-- \/ Yoast SEO plugin. -->","yoast_head_json":{"title":"Kupite Lean sirup - Kupite Lean sirup | Premium legalne Lean alternative diljem svijeta","robots":{"index":"index","follow":"follow","max-snippet":"max-snippet:-1","max-image-preview":"max-image-preview:large","max-video-preview":"max-video-preview:-1"},"canonical":"https:\/\/onlineleansyrup.com\/hr\/","og_locale":"hr_HR","og_type":"article","og_title":"Buy Lean Syrup - Buy Lean Syrup | Premium Legal Lean Alternatives Worldwide","og_description":"Buy Lean Syrup \u2013 Your Gateway to Premium Lean Experience Are you searching for a trusted source to&nbsp;buy Lean syrup? [&hellip;]","og_url":"https:\/\/onlineleansyrup.com\/hr\/","og_site_name":"Buy Lean Syrup | Premium Legal Lean Alternatives Worldwide","article_modified_time":"2026-03-14T19:08:56+00:00","og_image":[{"width":1296,"height":728,"url":"https:\/\/onlineleansyrup.com\/wp-content\/uploads\/2026\/03\/buy-lean.jpg","type":"image\/jpeg"}],"twitter_card":"summary_large_image","twitter_misc":{"Est. reading time":"4 minute"},"schema":{"@context":"https:\/\/schema.org","@graph":[{"@type":"WebPage","@id":"https:\/\/onlineleansyrup.com\/","url":"https:\/\/onlineleansyrup.com\/","name":"Kupite Lean sirup - Kupite Lean sirup | Premium legalne Lean alternative diljem svijeta","isPartOf":{"@id":"https:\/\/onlineleansyrup.com\/#website"},"primaryImageOfPage":{"@id":"https:\/\/onlineleansyrup.com\/#primaryimage"},"image":{"@id":"https:\/\/onlineleansyrup.com\/#primaryimage"},"thumbnailUrl":"https:\/\/onlineleansyrup.com\/wp-content\/uploads\/2026\/03\/buy-lean-1024x575.jpg","datePublished":"2026-03-14T16:40:16+00:00","dateModified":"2026-03-14T19:08:56+00:00","breadcrumb":{"@id":"https:\/\/onlineleansyrup.com\/#breadcrumb"},"inLanguage":"hr","potentialAction":[{"@type":"ReadAction","target":["https:\/\/onlineleansyrup.com\/"]}]},{"@type":"ImageObject","inLanguage":"hr","@id":"https:\/\/onlineleansyrup.com\/#primaryimage","url":"https:\/\/onlineleansyrup.com\/wp-content\/uploads\/2026\/03\/buy-lean-1024x575.jpg","contentUrl":"https:\/\/onlineleansyrup.com\/wp-content\/uploads\/2026\/03\/buy-lean-1024x575.jpg"},{"@type":"BreadcrumbList","@id":"https:\/\/onlineleansyrup.com\/#breadcrumb","itemListElement":[{"@type":"ListItem","position":1,"name":"Home","item":"https:\/\/onlineleansyrup.com\/"},{"@type":"ListItem","position":2,"name":"Buy Lean Syrup"}]},{"@type":"WebSite","@id":"https:\/\/onlineleansyrup.com\/#website","url":"https:\/\/onlineleansyrup.com\/","name":"Kupite Lean sirup | Premium legalne alternative Lean-u diljem svijeta","description":"Sigurna i diskretna dostava u vi\u0161e od 20 zemalja | Laboratorijski testirani Lean sirup","potentialAction":[{"@type":"SearchAction","target":{"@type":"EntryPoint","urlTemplate":"https:\/\/onlineleansyrup.com\/?s={search_term_string}"},"query-input":{"@type":"PropertyValueSpecification","valueRequired":true,"valueName":"search_term_string"}}],"inLanguage":"hr"}]}},"_links":{"self":[{"href":"https:\/\/onlineleansyrup.com\/hr\/wp-json\/wp\/v2\/pages\/6","targetHints":{"allow":["GET"]}}],"collection":[{"href":"https:\/\/onlineleansyrup.com\/hr\/wp-json\/wp\/v2\/pages"}],"about":[{"href":"https:\/\/onlineleansyrup.com\/hr\/wp-json\/wp\/v2\/types\/page"}],"author":[{"embeddable":true,"href":"https:\/\/onlineleansyrup.com\/hr\/wp-json\/wp\/v2\/users\/1"}],"replies":[{"embeddable":true,"href":"https:\/\/onlineleansyrup.com\/hr\/wp-json\/wp\/v2\/comments?post=6"}],"version-history":[{"count":9,"href":"https:\/\/onlineleansyrup.com\/hr\/wp-json\/wp\/v2\/pages\/6\/revisions"}],"predecessor-version":[{"id":41,"href":"https:\/\/onlineleansyrup.com\/hr\/wp-json\/wp\/v2\/pages\/6\/revisions\/41"}],"wp:attachment":[{"href":"https:\/\/onlineleansyrup.com\/hr\/wp-json\/wp\/v2\/media?parent=6"}],"curies":[{"name":"wp","href":"https:\/\/api.w.org\/{rel}","templated":true}]}}