{"id":16,"date":"2026-03-14T16:56:40","date_gmt":"2026-03-14T16:56:40","guid":{"rendered":"https:\/\/onlineleansyrup.com\/?page_id=16"},"modified":"2026-03-14T19:14:25","modified_gmt":"2026-03-14T19:14:25","slug":"kapcsolatfelvetel","status":"publish","type":"page","link":"https:\/\/onlineleansyrup.com\/hu\/contact\/","title":{"rendered":"Kapcsolat"},"content":{"rendered":"<h1 class=\"wp-block-heading\">Kapcsolatfelv\u00e9tel - Lean Syrup Shop<\/h1>\n\n\n\n<p>K\u00e9rd\u00e9se van a term\u00e9keinkkel, a sz\u00e1ll\u00edt\u00e1ssal vagy a rendel\u00e9si folyamattal kapcsolatban? Itt vagyunk, hogy seg\u00edts\u00fcnk! Vegye fel vel\u00fcnk a kapcsolatot az al\u00e1bbi m\u00f3dszerek b\u00e1rmelyik\u00e9n kereszt\u00fcl, \u00e9s 24 \u00f3r\u00e1n bel\u00fcl v\u00e1laszolunk.<\/p>\n\n\n\n<hr class=\"wp-block-separator has-alpha-channel-opacity\"\/>\n\n\n\n<h2 class=\"wp-block-heading\">Kapcsolatfelv\u00e9tel<\/h2>\n\n\n\n<p>Ak\u00e1r el\u0151sz\u00f6r szeretne Lean szirupot v\u00e1s\u00e1rolni, ak\u00e1r megl\u00e9v\u0151 term\u00e9keinkkel kapcsolatban van k\u00e9rd\u00e9se, csapatunk k\u00e9szs\u00e9ggel \u00e1ll rendelkez\u00e9s\u00e9re. Nagyra \u00e9rt\u00e9kelj\u00fck visszajelz\u00e9seit, \u00e9s elk\u00f6telezettek vagyunk a kiv\u00e1l\u00f3 \u00fcgyf\u00e9lkiszolg\u00e1l\u00e1s mellett.<\/p>\n\n\n\n<h3 class=\"wp-block-heading\">Email t\u00e1mogat\u00e1s<\/h3>\n\n\n\n<p>\u00c1ltal\u00e1nos k\u00e9rd\u00e9sek, rendel\u00e9si k\u00e9rd\u00e9sek vagy term\u00e9kinform\u00e1ci\u00f3k eset\u00e9n: \ud83d\udce7&nbsp;<a href=\"mailto:leansyrupshop@proton.me\" rel=\"noreferrer noopener\" target=\"_blank\">leansyrupshop@proton.me<\/a><\/p>\n\n\n\n<h3 class=\"wp-block-heading\">V\u00e1laszid\u0151<\/h3>\n\n\n\n<p>Munkanapokon \u00e1ltal\u00e1ban 12-24 \u00f3r\u00e1n bel\u00fcl v\u00e1laszolunk minden e-mailre.<\/p>\n\n\n\n<h3 class=\"wp-block-heading\">\u00dczleti megkeres\u00e9sek<\/h3>\n\n\n\n<p>\u00c9rdekli a nagykereskedelmi partners\u00e9g vagy egy\u00fcttm\u0171k\u00f6d\u00e9s? \ud83d\udce7&nbsp;<a href=\"mailto:leansyrupshop@proton.me\" rel=\"noreferrer noopener\" target=\"_blank\">leansyrupshop@proton.me<\/a>&nbsp;(T\u00e1rgy: \u00dczleti megkeres\u00e9s)<\/p>\n\n\n\n<hr class=\"wp-block-separator has-alpha-channel-opacity\"\/>\n\n\n\n<h2 class=\"wp-block-heading\">Gyakran Ism\u00e9telt K\u00e9rd\u00e9sek<\/h2>\n\n\n\n<p>Miel\u0151tt kapcsolatba l\u00e9pne vel\u00fcnk, \u00e1tfog\u00f3 GYIK-oldalunkon v\u00e1laszt kaphat k\u00e9rd\u00e9seire:<\/p>\n\n\n\n<blockquote class=\"wp-block-quote is-layout-flow wp-block-quote-is-layout-flow\">\n<p>\ud83d\udcda Ellen\u0151rizze a\u00a0<a href=\"https:\/\/onlineleansyrup.com\/hu\/gyakran-ismetelt-kerdesek\/\">Gyakran Ism\u00e9telt K\u00e9rd\u00e9sek<\/a> oldal azonnali v\u00e1laszok\u00e9rt<\/p>\n<\/blockquote>\n\n\n\n<hr class=\"wp-block-separator has-alpha-channel-opacity\"\/>\n\n\n\n<h2 class=\"wp-block-heading\">Sz\u00e1ll\u00edt\u00e1si inform\u00e1ci\u00f3k<\/h2>\n\n\n\n<h3 class=\"wp-block-heading\">Vil\u00e1gm\u00e9ret\u0171 sz\u00e1ll\u00edt\u00e1s<\/h3>\n\n\n\n<p>T\u00f6bb mint 20 orsz\u00e1gba sz\u00e1ll\u00edtunk, t\u00f6bbek k\u00f6z\u00f6tt:<\/p>\n\n\n\n<ul class=\"wp-block-list\">\n<li>Egyes\u00fclt \u00c1llamok<\/li>\n\n\n\n<li>Egyes\u00fclt Kir\u00e1lys\u00e1g<\/li>\n\n\n\n<li>Kanada<\/li>\n\n\n\n<li>N\u00e9metorsz\u00e1g<\/li>\n\n\n\n<li>Franciaorsz\u00e1g<\/li>\n\n\n\n<li>Hollandia<\/li>\n\n\n\n<li>Ausztr\u00e1lia<\/li>\n\n\n\n<li>\u00daj-Z\u00e9land<\/li>\n\n\n\n<li>\u00c9s m\u00e9g t\u00f6bb...<\/li>\n<\/ul>\n\n\n\n<h3 class=\"wp-block-heading\">Sz\u00e1ll\u00edt\u00e1si id\u0151k<\/h3>\n\n\n\n<ul class=\"wp-block-list\">\n<li>Standard sz\u00e1ll\u00edt\u00e1s: 3-7 munkanap<\/li>\n\n\n\n<li>A p\u00e9nzt\u00e1rn\u00e1l el\u00e9rhet\u0151 expressz opci\u00f3k<\/li>\n<\/ul>\n\n\n\n<h3 class=\"wp-block-heading\">Diszkr\u00e9t csomagol\u00e1s<\/h3>\n\n\n\n<p>Minden megrendel\u00e9st egyszer\u0171, jel\u00f6letlen csomagol\u00e1sban sz\u00e1ll\u00edtunk, hogy megv\u00e9dj\u00fck az \u00d6n mag\u00e1n\u00e9let\u00e9t.<\/p>\n\n\n\n<hr class=\"wp-block-separator has-alpha-channel-opacity\"\/>\n\n\n\n<h2 class=\"wp-block-heading\">Term\u00e9kk\u00e9rd\u00e9sek<\/h2>\n\n\n\n<h3 class=\"wp-block-heading\">Mi van a sov\u00e1ny szirupunkban?<\/h3>\n\n\n\n<p>K\u00e9sz\u00edtm\u00e9nyeink pr\u00e9mium min\u0151s\u00e9g\u0171 \u00f6sszetev\u0151ket tartalmaznak, amelyek c\u00e9lja a hagyom\u00e1nyos Lean-\u00e9lm\u00e9ny biztons\u00e1gos megism\u00e9tl\u00e9se.<\/p>\n\n\n\n<blockquote class=\"wp-block-quote is-layout-flow wp-block-quote-is-layout-flow\">\n<p>\ud83d\udd2c Tekintse meg a teljes\u00a0<a href=\"https:\/\/onlineleansyrup.com\/hu\/sovany-szirup-osszetevoi-mi-van-a-termekeinkben\/\">\u00d6sszetev\u0151k list\u00e1ja<\/a><\/p>\n<\/blockquote>\n\n\n\n<h3 class=\"wp-block-heading\">Leg\u00e1lis?<\/h3>\n\n\n\n<p>Igen! Term\u00e9keink leg\u00e1lis alternat\u00edv\u00e1k, amelyek nem tartalmaznak ellen\u0151rz\u00f6tt anyagokat.<\/p>\n\n\n\n<hr class=\"wp-block-separator has-alpha-channel-opacity\"\/>\n\n\n\n<h2 class=\"wp-block-heading\">T\u00e1mogat\u00e1s megrendel\u00e9se<\/h2>\n\n\n\n<h3 class=\"wp-block-heading\">Rendel\u00e9s\u00e9nek nyomon k\u00f6vet\u00e9se<\/h3>\n\n\n\n<p>A megrendel\u00e9s lead\u00e1sa ut\u00e1n e-mailben megkapja a nyomon k\u00f6vet\u00e9si inform\u00e1ci\u00f3kat.<\/p>\n\n\n\n<h3 class=\"wp-block-heading\">Megrendel\u00e9s m\u00f3dos\u00edt\u00e1sa vagy t\u00f6rl\u00e9se<\/h3>\n\n\n\n<p>M\u00f3dos\u00edtani szeretn\u00e9 megrendel\u00e9s\u00e9t? L\u00e9pjen vel\u00fcnk azonnal kapcsolatba a k\u00f6vetkez\u0151 c\u00edmen: \ud83d\udce7&nbsp;<a href=\"mailto:leansyrupshop@proton.me\" rel=\"noreferrer noopener\" target=\"_blank\">leansyrupshop@proton.me<\/a><\/p>\n\n\n\n<h3 class=\"wp-block-heading\">Visszat\u00e9r\u00edt\u00e9s \u00e9s visszat\u00e9r\u00edt\u00e9s<\/h3>\n\n\n\n<p>Minden bontatlan term\u00e9kre 30 napos el\u00e9gedetts\u00e9gi garanci\u00e1t v\u00e1llalunk.<\/p>\n\n\n\n<hr class=\"wp-block-separator has-alpha-channel-opacity\"\/>\n\n\n\n<h2 class=\"wp-block-heading\">Csatlakozzon hozz\u00e1nk<\/h2>\n\n\n\n<p>Maradjon naprak\u00e9sz az \u00faj term\u00e9kekr\u0151l, k\u00fcl\u00f6nleges aj\u00e1nlatokr\u00f3l \u00e9s fontos bejelent\u00e9sekr\u0151l:<\/p>\n\n\n\n<h3 class=\"wp-block-heading\">K\u00f6z\u00f6ss\u00e9gi m\u00e9dia<\/h3>\n\n\n\n<p>K\u00f6vessen minket a legfrissebb friss\u00edt\u00e9sek\u00e9rt \u00e9s k\u00f6z\u00f6ss\u00e9gi besz\u00e9lget\u00e9sek\u00e9rt.<\/p>\n\n\n\n<h3 class=\"wp-block-heading\">H\u00edrlev\u00e9l feliratkoz\u00e1s<\/h3>\n\n\n\n<p>Csatlakozzon levelez\u0151list\u00e1nkhoz, hogy exkluz\u00edv kedvezm\u00e9nyeket \u00e9s term\u00e9kbemutat\u00f3kat kapjon.<\/p>\n\n\n\n<hr class=\"wp-block-separator has-alpha-channel-opacity\"\/>\n\n\n\n<h2 class=\"wp-block-heading\">Irodai \u00f3r\u00e1k<\/h2>\n\n\n\n<h3 class=\"wp-block-heading\">\u00dcgyf\u00e9lszolg\u00e1lat el\u00e9rhet\u0151s\u00e9ge<\/h3>\n\n\n\n<ul class=\"wp-block-list\">\n<li>24\/7, az \u00e9v 365 napj\u00e1n.<\/li>\n<\/ul>\n\n\n\n<p><em>K\u00e9rj\u00fck, vegye figyelembe: h\u00e9tv\u00e9g\u00e9n \u00e9s \u00fcnnepnapokon a v\u00e1laszad\u00e1s hosszabb id\u0151t vehet ig\u00e9nybe.<\/em><\/p>\n\n\n\n<hr class=\"wp-block-separator has-alpha-channel-opacity\"\/>\n\n\n\n<h2 class=\"wp-block-heading\">Biztons\u00e1g \u00e9s adatv\u00e9delem<\/h2>\n\n\n\n<p>Az \u00d6n mag\u00e1n\u00e9lete sz\u00e1munkra els\u0151dleges fontoss\u00e1g\u00fa. Minden kommunik\u00e1ci\u00f3 titkos\u00edtva van, \u00e9s soha nem osztjuk meg adatait harmadik f\u00e9llel.<\/p>\n\n\n\n<hr class=\"wp-block-separator has-alpha-channel-opacity\"\/>\n\n\n\n<h2 class=\"wp-block-heading\">Azonnali seg\u00edts\u00e9gre van sz\u00fcks\u00e9ge?<\/h2>\n\n\n\n<p>B\u00f6ng\u00e9sszen seg\u00e9danyagaink k\u00f6z\u00f6tt:<\/p>\n\n\n\n<ul class=\"wp-block-list\">\n<li><a href=\"https:\/\/onlineleansyrup.com\/hu\/gyakran-ismetelt-kerdesek\/\">GYIK szakasz<\/a><\/li>\n<\/ul>\n\n\n\n<hr class=\"wp-block-separator has-alpha-channel-opacity\"\/>\n\n\n\n<h3 class=\"wp-block-heading\">K\u00fcldj\u00f6n nek\u00fcnk \u00fczenetet<\/h3>\n\n\n\n<p>Nem tal\u00e1lja, amit keres? K\u00fcldj\u00f6n nek\u00fcnk k\u00f6zvetlen \u00fczenetet:<\/p>\n\n\n\n<p>E-mail:&nbsp;<a href=\"mailto:leansyrupshop@proton.me\" rel=\"noreferrer noopener\" target=\"_blank\">leansyrupshop@proton.me<\/a><\/p>\n\n\n\n<p>Elk\u00f6telezettek vagyunk amellett, hogy a legjobb szolg\u00e1ltat\u00e1st \u00e9s a legjobb min\u0151s\u00e9g\u0171 term\u00e9keket k\u00edn\u00e1ljuk \u00d6nnek, amikor t\u0151l\u00fcnk v\u00e1s\u00e1rol Lean szirupot.<\/p>","protected":false},"excerpt":{"rendered":"<p>Contact Us &#8211; Lean Syrup Shop Have questions about our products, shipping, or ordering process? We&#8217;re here to help! Get [&hellip;]<\/p>\n","protected":false},"author":1,"featured_media":0,"parent":0,"menu_order":0,"comment_status":"closed","ping_status":"closed","template":"","meta":{"site-sidebar-layout":"default","site-content-layout":"","ast-site-content-layout":"default","site-content-style":"default","site-sidebar-style":"default","ast-global-header-display":"","ast-banner-title-visibility":"","ast-main-header-display":"","ast-hfb-above-header-display":"","ast-hfb-below-header-display":"","ast-hfb-mobile-header-display":"","site-post-title":"","ast-breadcrumbs-content":"","ast-featured-img":"","footer-sml-layout":"","ast-disable-related-posts":"","theme-transparent-header-meta":"","adv-header-id-meta":"","stick-header-meta":"","header-above-stick-meta":"","header-main-stick-meta":"","header-below-stick-meta":"","astra-migrate-meta-layouts":"default","ast-page-background-enabled":"default","ast-page-background-meta":{"desktop":{"background-color":"var(--ast-global-color-5)","background-image":"","background-repeat":"repeat","background-position":"center center","background-size":"auto","background-attachment":"scroll","background-type":"","background-media":"","overlay-type":"","overlay-color":"","overlay-opacity":"","overlay-gradient":""},"tablet":{"background-color":"","background-image":"","background-repeat":"repeat","background-position":"center center","background-size":"auto","background-attachment":"scroll","background-type":"","background-media":"","overlay-type":"","overlay-color":"","overlay-opacity":"","overlay-gradient":""},"mobile":{"background-color":"","background-image":"","background-repeat":"repeat","background-position":"center center","background-size":"auto","background-attachment":"scroll","background-type":"","background-media":"","overlay-type":"","overlay-color":"","overlay-opacity":"","overlay-gradient":""}},"ast-content-background-meta":{"desktop":{"background-color":"var(--ast-global-color-4)","background-image":"","background-repeat":"repeat","background-position":"center center","background-size":"auto","background-attachment":"scroll","background-type":"","background-media":"","overlay-type":"","overlay-color":"","overlay-opacity":"","overlay-gradient":""},"tablet":{"background-color":"var(--ast-global-color-4)","background-image":"","background-repeat":"repeat","background-position":"center center","background-size":"auto","background-attachment":"scroll","background-type":"","background-media":"","overlay-type":"","overlay-color":"","overlay-opacity":"","overlay-gradient":""},"mobile":{"background-color":"var(--ast-global-color-4)","background-image":"","background-repeat":"repeat","background-position":"center center","background-size":"auto","background-attachment":"scroll","background-type":"","background-media":"","overlay-type":"","overlay-color":"","overlay-opacity":"","overlay-gradient":""}},"footnotes":""},"class_list":["post-16","page","type-page","status-publish","hentry"],"yoast_head":"<!-- This site is optimized with the Yoast SEO plugin v27.1.1 - https:\/\/yoast.com\/product\/yoast-seo-wordpress\/ -->\n<title>Contact - Buy Lean Syrup | Premium Legal Lean Alternatives Worldwide<\/title>\n<meta name=\"robots\" content=\"index, follow, max-snippet:-1, max-image-preview:large, max-video-preview:-1\" \/>\n<link rel=\"canonical\" href=\"https:\/\/onlineleansyrup.com\/hu\/kapcsolatfelvetel\/\" \/>\n<meta property=\"og:locale\" content=\"hu_HU\" \/>\n<meta property=\"og:type\" content=\"article\" \/>\n<meta property=\"og:title\" content=\"Contact - Buy Lean Syrup | Premium Legal Lean Alternatives Worldwide\" \/>\n<meta property=\"og:description\" content=\"Contact Us &#8211; Lean Syrup Shop Have questions about our products, shipping, or ordering process? We&#8217;re here to help! Get [&hellip;]\" \/>\n<meta property=\"og:url\" content=\"https:\/\/onlineleansyrup.com\/hu\/kapcsolatfelvetel\/\" \/>\n<meta property=\"og:site_name\" content=\"Buy Lean Syrup | Premium Legal Lean Alternatives Worldwide\" \/>\n<meta property=\"article:modified_time\" content=\"2026-03-14T19:14:25+00:00\" \/>\n<meta name=\"twitter:card\" content=\"summary_large_image\" \/>\n<script type=\"application\/ld+json\" class=\"yoast-schema-graph\">{\"@context\":\"https:\/\/schema.org\",\"@graph\":[{\"@type\":\"WebPage\",\"@id\":\"https:\/\/onlineleansyrup.com\/contact\/\",\"url\":\"https:\/\/onlineleansyrup.com\/contact\/\",\"name\":\"Contact - Buy Lean Syrup | Premium Legal Lean Alternatives Worldwide\",\"isPartOf\":{\"@id\":\"https:\/\/onlineleansyrup.com\/#website\"},\"datePublished\":\"2026-03-14T16:56:40+00:00\",\"dateModified\":\"2026-03-14T19:14:25+00:00\",\"breadcrumb\":{\"@id\":\"https:\/\/onlineleansyrup.com\/contact\/#breadcrumb\"},\"inLanguage\":\"hu\",\"potentialAction\":[{\"@type\":\"ReadAction\",\"target\":[\"https:\/\/onlineleansyrup.com\/contact\/\"]}]},{\"@type\":\"BreadcrumbList\",\"@id\":\"https:\/\/onlineleansyrup.com\/contact\/#breadcrumb\",\"itemListElement\":[{\"@type\":\"ListItem\",\"position\":1,\"name\":\"Home\",\"item\":\"https:\/\/onlineleansyrup.com\/\"},{\"@type\":\"ListItem\",\"position\":2,\"name\":\"Contact\"}]},{\"@type\":\"WebSite\",\"@id\":\"https:\/\/onlineleansyrup.com\/#website\",\"url\":\"https:\/\/onlineleansyrup.com\/\",\"name\":\"Buy Lean Syrup | Premium Legal Lean Alternatives Worldwide\",\"description\":\"Safe, Discreet Shipping to 20+ Countries | Lab-Tested Lean Syrup\",\"potentialAction\":[{\"@type\":\"SearchAction\",\"target\":{\"@type\":\"EntryPoint\",\"urlTemplate\":\"https:\/\/onlineleansyrup.com\/?s={search_term_string}\"},\"query-input\":{\"@type\":\"PropertyValueSpecification\",\"valueRequired\":true,\"valueName\":\"search_term_string\"}}],\"inLanguage\":\"hu\"}]}<\/script>\n<!-- \/ Yoast SEO plugin. -->","yoast_head_json":{"title":"Kapcsolat - V\u00e1s\u00e1rl\u00e1s Lean szirup | Pr\u00e9mium jogi Lean Alternat\u00edv\u00e1k vil\u00e1gszerte","robots":{"index":"index","follow":"follow","max-snippet":"max-snippet:-1","max-image-preview":"max-image-preview:large","max-video-preview":"max-video-preview:-1"},"canonical":"https:\/\/onlineleansyrup.com\/hu\/kapcsolatfelvetel\/","og_locale":"hu_HU","og_type":"article","og_title":"Contact - Buy Lean Syrup | Premium Legal Lean Alternatives Worldwide","og_description":"Contact Us &#8211; Lean Syrup Shop Have questions about our products, shipping, or ordering process? We&#8217;re here to help! Get [&hellip;]","og_url":"https:\/\/onlineleansyrup.com\/hu\/kapcsolatfelvetel\/","og_site_name":"Buy Lean Syrup | Premium Legal Lean Alternatives Worldwide","article_modified_time":"2026-03-14T19:14:25+00:00","twitter_card":"summary_large_image","schema":{"@context":"https:\/\/schema.org","@graph":[{"@type":"WebPage","@id":"https:\/\/onlineleansyrup.com\/contact\/","url":"https:\/\/onlineleansyrup.com\/contact\/","name":"Kapcsolat - V\u00e1s\u00e1rl\u00e1s Lean szirup | Pr\u00e9mium jogi Lean Alternat\u00edv\u00e1k vil\u00e1gszerte","isPartOf":{"@id":"https:\/\/onlineleansyrup.com\/#website"},"datePublished":"2026-03-14T16:56:40+00:00","dateModified":"2026-03-14T19:14:25+00:00","breadcrumb":{"@id":"https:\/\/onlineleansyrup.com\/contact\/#breadcrumb"},"inLanguage":"hu","potentialAction":[{"@type":"ReadAction","target":["https:\/\/onlineleansyrup.com\/contact\/"]}]},{"@type":"BreadcrumbList","@id":"https:\/\/onlineleansyrup.com\/contact\/#breadcrumb","itemListElement":[{"@type":"ListItem","position":1,"name":"Home","item":"https:\/\/onlineleansyrup.com\/"},{"@type":"ListItem","position":2,"name":"Contact"}]},{"@type":"WebSite","@id":"https:\/\/onlineleansyrup.com\/#website","url":"https:\/\/onlineleansyrup.com\/","name":"V\u00e1s\u00e1roljon Lean szirupot | Pr\u00e9mium leg\u00e1lis Lean alternat\u00edv\u00e1k vil\u00e1gszerte","description":"Biztons\u00e1gos, diszkr\u00e9t sz\u00e1ll\u00edt\u00e1s 20+ orsz\u00e1gba | Laborat\u00f3riumban tesztelt lean szirup","potentialAction":[{"@type":"SearchAction","target":{"@type":"EntryPoint","urlTemplate":"https:\/\/onlineleansyrup.com\/?s={search_term_string}"},"query-input":{"@type":"PropertyValueSpecification","valueRequired":true,"valueName":"search_term_string"}}],"inLanguage":"hu"}]}},"_links":{"self":[{"href":"https:\/\/onlineleansyrup.com\/hu\/wp-json\/wp\/v2\/pages\/16","targetHints":{"allow":["GET"]}}],"collection":[{"href":"https:\/\/onlineleansyrup.com\/hu\/wp-json\/wp\/v2\/pages"}],"about":[{"href":"https:\/\/onlineleansyrup.com\/hu\/wp-json\/wp\/v2\/types\/page"}],"author":[{"embeddable":true,"href":"https:\/\/onlineleansyrup.com\/hu\/wp-json\/wp\/v2\/users\/1"}],"replies":[{"embeddable":true,"href":"https:\/\/onlineleansyrup.com\/hu\/wp-json\/wp\/v2\/comments?post=16"}],"version-history":[{"count":4,"href":"https:\/\/onlineleansyrup.com\/hu\/wp-json\/wp\/v2\/pages\/16\/revisions"}],"predecessor-version":[{"id":45,"href":"https:\/\/onlineleansyrup.com\/hu\/wp-json\/wp\/v2\/pages\/16\/revisions\/45"}],"wp:attachment":[{"href":"https:\/\/onlineleansyrup.com\/hu\/wp-json\/wp\/v2\/media?parent=16"}],"curies":[{"name":"wp","href":"https:\/\/api.w.org\/{rel}","templated":true}]}}