{"id":24,"date":"2026-03-14T17:06:11","date_gmt":"2026-03-14T17:06:11","guid":{"rendered":"https:\/\/onlineleansyrup.com\/?page_id=24"},"modified":"2026-03-14T19:16:38","modified_gmt":"2026-03-14T19:16:38","slug":"gyakran-ismetelt-kerdesek","status":"publish","type":"page","link":"https:\/\/onlineleansyrup.com\/hu\/frequently-asked-questions\/","title":{"rendered":"Gyakran Ism\u00e9telt K\u00e9rd\u00e9sek a Lean Szirupokr\u00f3l"},"content":{"rendered":"<p>\u00dcdv\u00f6z\u00f6lj\u00fck \u00e1tfog\u00f3 GYIK r\u00e9sz\u00fcnk\u00f6n! Ak\u00e1r \u00faj vagy a Lean rendszeres felhaszn\u00e1l\u00f3ja, itt v\u00e1laszt tal\u00e1lsz a leggyakoribb k\u00e9rd\u00e9sekre a Lean szirup biztons\u00e1gos megv\u00e1s\u00e1rl\u00e1s\u00e1val \u00e9s haszn\u00e1lat\u00e1val kapcsolatban.<\/p>\n\n\n\n<hr class=\"wp-block-separator has-alpha-channel-opacity\"\/>\n\n\n\n<h2 class=\"wp-block-heading\">A Lean szirupr\u00f3l<\/h2>\n\n\n\n<h3 class=\"wp-block-heading\">A Lean szirup egy alkoholos alap\u00fa gy\u00f3gyszeripari term\u00e9k, amelyet gy\u00f3gyszerek el\u0151\u00e1ll\u00edt\u00e1s\u00e1ra haszn\u00e1lnak.<\/h3>\n\n\n\n<p>A sov\u00e1ny szirup (m\u00e1s n\u00e9ven purple drank, sizzurp vagy dirty sprite) hagyom\u00e1nyosan a kodein-prometazin k\u00f6h\u00f6g\u00e9s elleni szirupot, sz\u00f3d\u00e1t \u00e9s cukork\u00e1t tartalmaz\u00f3 kever\u00e9ket jelenti. Term\u00e9keink leg\u00e1lis alternat\u00edv\u00e1k, amelyek hasonl\u00f3 \u00edzprofilt \u00e9s pihentet\u0151 hat\u00e1st biztos\u00edtanak ellen\u0151rz\u00f6tt anyagok n\u00e9lk\u00fcl.<\/p>\n\n\n\n<blockquote class=\"wp-block-quote is-layout-flow wp-block-quote-is-layout-flow\">\n<p>\ud83d\udcda Tudjon meg t\u00f6bbet a\u00a0<a href=\"https:\/\/onlineleansyrup.com\/hu\/mi-a-sovany-szirup\/\">A Lean szirup egy alkoholos alap\u00fa gy\u00f3gyszeripari term\u00e9k, amelyet gy\u00f3gyszerek el\u0151\u00e1ll\u00edt\u00e1s\u00e1ra haszn\u00e1lnak.<\/a> \u00fatmutat\u00f3<\/p>\n<\/blockquote>\n\n\n\n<h3 class=\"wp-block-heading\">Leg\u00e1lis a sov\u00e1ny szirupod?<\/h3>\n\n\n\n<p>Igen! Minden k\u00e9sz\u00edtm\u00e9ny\u00fcnk megfelel a nemzetk\u00f6zi el\u0151\u00edr\u00e1soknak, \u00e9s nem tartalmaz ellen\u0151rz\u00f6tt anyagokat. Leg\u00e1lis alternat\u00edvak\u00e9nt vannak kialak\u00edtva a rekre\u00e1ci\u00f3s \u00e9lvezethez.<\/p>\n\n\n\n<h3 class=\"wp-block-heading\">Mik az \u00f6sszetev\u0151k?<\/h3>\n\n\n\n<p>Szirupjaink pr\u00e9mium min\u0151s\u00e9g\u0171 \u00edzes\u00edt\u0151anyagokat, term\u00e9szetes kivonatokat \u00e9s \u00e9lelmiszer-min\u0151s\u00e9g\u0171 adal\u00e9kanyagokat tartalmaznak. Soha nem tartalmazunk gy\u00f3gyszereket vagy vesz\u00e9lyes vegyi anyagokat.<\/p>\n\n\n\n<blockquote class=\"wp-block-quote is-layout-flow wp-block-quote-is-layout-flow\">\n<p>\ud83d\udd2c Tekintse meg a teljes\u00a0<a href=\"https:\/\/onlineleansyrup.com\/hu\/sovany-szirup-osszetevoi-mi-van-a-termekeinkben\/\">\u00d6sszetev\u0151k list\u00e1ja<\/a><\/p>\n<\/blockquote>\n\n\n\n<hr class=\"wp-block-separator has-alpha-channel-opacity\"\/>\n\n\n\n<h2 class=\"wp-block-heading\">V\u00e1s\u00e1rl\u00e1s \u00e9s rendel\u00e9s<\/h2>\n\n\n\n<h3 class=\"wp-block-heading\">Hogyan v\u00e1s\u00e1rolhatok \u00d6nt\u0151l sov\u00e1ny szirupot?<\/h3>\n\n\n\n<p>Egyszer\u0171en l\u00e1togasson el honlapunkra, \u00e9s b\u00f6ng\u00e9sszen v\u00e1laszt\u00e9kunkban. Tegye a kiv\u00e1lasztott term\u00e9ket a kos\u00e1rba, l\u00e9pjen a p\u00e9nzt\u00e1rhoz, \u00e9s fejezze be a fizet\u00e9st. Az \u00d6n k\u00e9nyelme \u00e9rdek\u00e9ben elfogadjuk a f\u0151bb hitelk\u00e1rty\u00e1kat \u00e9s a kriptovalut\u00e1t.<\/p>\n\n\n\n<h3 class=\"wp-block-heading\">Vil\u00e1gszerte sz\u00e1ll\u00edt?<\/h3>\n\n\n\n<p>Igen! T\u00f6bb mint 20 orsz\u00e1gba sz\u00e1ll\u00edtunk, t\u00f6bbek k\u00f6z\u00f6tt az Egyes\u00fclt \u00c1llamokba, az Egyes\u00fclt Kir\u00e1lys\u00e1gba, Kanad\u00e1ba, N\u00e9metorsz\u00e1gba, Franciaorsz\u00e1gba \u00e9s Ausztr\u00e1li\u00e1ba. Minden sz\u00e1ll\u00edtm\u00e1ny diszkr\u00e9t \u00e9s nyomon k\u00f6vethet\u0151.<\/p>\n\n\n\n<h3 class=\"wp-block-heading\">Mennyi ideig tart a sz\u00e1ll\u00edt\u00e1s?<\/h3>\n\n\n\n<p>A norm\u00e1l sz\u00e1ll\u00edt\u00e1s 3-7 munkanapot vesz ig\u00e9nybe, az \u00d6n tart\u00f3zkod\u00e1si hely\u00e9t\u0151l f\u00fcgg\u0151en. Az expressz sz\u00e1ll\u00edt\u00e1si lehet\u0151s\u00e9gek a p\u00e9nzt\u00e1rn\u00e1l \u00e1llnak rendelkez\u00e9sre.<\/p>\n\n\n\n<h3 class=\"wp-block-heading\">Milyen fizet\u00e9si m\u00f3dokat fogad el?<\/h3>\n\n\n\n<p>Elfogadjuk:<\/p>\n\n\n\n<ul class=\"wp-block-list\">\n<li>V\u00edzum<\/li>\n\n\n\n<li>Mastercard<\/li>\n\n\n\n<li>American Express<\/li>\n\n\n\n<li>Kriptop\u00e9nz (Bitcoin, Ethereum \u00e9s m\u00e1s \u00e9rm\u00e9k)<\/li>\n\n\n\n<li>Banki kifizet\u00e9sek<\/li>\n<\/ul>\n\n\n\n<h3 class=\"wp-block-heading\">Biztons\u00e1gos a fizet\u00e9sem?<\/h3>\n\n\n\n<p>Abszol\u00fat. Minden tranzakci\u00f3t titkos\u00edtott fizet\u00e9si \u00e1tj\u00e1r\u00f3kon kereszt\u00fcl dolgozunk fel, hogy p\u00e9nz\u00fcgyi inform\u00e1ci\u00f3i v\u00e9dve maradjanak.<\/p>\n\n\n\n<hr class=\"wp-block-separator has-alpha-channel-opacity\"\/>\n\n\n\n<h2 class=\"wp-block-heading\">Biztons\u00e1g \u00e9s haszn\u00e1lat<\/h2>\n\n\n\n<h3 class=\"wp-block-heading\">Vannak mell\u00e9khat\u00e1sok?<\/h3>\n\n\n\n<p>Term\u00e9keinket \u00fagy \u00e1ll\u00edtottuk \u00f6ssze, hogy az utas\u00edt\u00e1soknak megfelel\u0151en haszn\u00e1lva biztons\u00e1gosak legyenek. Azonban, mint minden fogyaszthat\u00f3 term\u00e9k eset\u00e9ben, az egy\u00e9ni reakci\u00f3k elt\u00e9r\u0151ek lehetnek.<\/p>\n\n\n\n<blockquote class=\"wp-block-quote is-layout-flow wp-block-quote-is-layout-flow\">\n<p>\u26a0\ufe0f Olvasson a potenci\u00e1lis\u00a0<a href=\"https:\/\/onlineleansyrup.com\/hu\/sovany-szirup-mellekhatasok\/\">Lek\u00f6t\u00f6tt szirup mell\u00e9khat\u00e1sok<\/a><\/p>\n<\/blockquote>\n\n\n\n<h3 class=\"wp-block-heading\">Mi az aj\u00e1nlott adagol\u00e1s?<\/h3>\n\n\n\n<p>Kezdje kis mennyis\u00e9ggel (\u00e1ltal\u00e1ban 10-15 ml), hogy felm\u00e9rje a t\u0171r\u0151k\u00e9pess\u00e9g\u00e9t. Soha ne l\u00e9pje t\u00fal a palackon felt\u00fcntetett aj\u00e1nlott adagol\u00e1si mennyis\u00e9get.<\/p>\n\n\n\n<h3 class=\"wp-block-heading\">Keverhetem ezt alkohollal?<\/h3>\n\n\n\n<p>Hat\u00e1rozottan tan\u00e1csoljuk, hogy ne keverje term\u00e9keinket alkohollal vagy m\u00e1s anyagokkal. Az \u00d6n biztons\u00e1ga \u00e9rdek\u00e9ben fogyassza felel\u0151ss\u00e9gteljesen, \u00e9s ker\u00fclje a m\u00e1s b\u00f3d\u00edt\u00f3 szerekkel val\u00f3 kombin\u00e1l\u00e1st.<\/p>\n\n\n\n<h3 class=\"wp-block-heading\">Mindenki sz\u00e1m\u00e1ra biztons\u00e1gos?<\/h3>\n\n\n\n<p>Ezeket a term\u00e9keket 18 \u00e9v feletti feln\u0151tteknek sz\u00e1njuk. Terhes vagy szoptat\u00f3s egy\u00e9neknek haszn\u00e1lat el\u0151tt konzult\u00e1lniuk kell az eg\u00e9szs\u00e9g\u00fcgyi szolg\u00e1ltat\u00f3val.<\/p>\n\n\n\n<hr class=\"wp-block-separator has-alpha-channel-opacity\"\/>\n\n\n\n<h2 class=\"wp-block-heading\">Sz\u00e1ll\u00edt\u00e1s \u00e9s visszak\u00fcld\u00e9s<\/h2>\n\n\n\n<h3 class=\"wp-block-heading\">Mennyire diszkr\u00e9t a csomagol\u00e1s?<\/h3>\n\n\n\n<p>Nagyon diszkr\u00e9t. Minden csomag egyszer\u0171, jel\u00f6letlen dobozban \u00e9rkezik, \u00e1ltal\u00e1nos visszak\u00fcld\u00e9si c\u00edmekkel, hogy megv\u00e9dj\u00fck a mag\u00e1n\u00e9let\u00e9t.<\/p>\n\n\n\n<h3 class=\"wp-block-heading\">Mi t\u00f6rt\u00e9nik, ha a csomagom elveszett vagy megs\u00e9r\u00fclt?<\/h3>\n\n\n\n<p>L\u00e9pjen vel\u00fcnk azonnal kapcsolatba a&nbsp;<a href=\"mailto:leansyrupshop@proton.me\" rel=\"noreferrer noopener\" target=\"_blank\">leansyrupshop@proton.me<\/a>&nbsp;a rendel\u00e9si sz\u00e1mmal egy\u00fctt. A probl\u00e9m\u00e1t azonnal kivizsg\u00e1ljuk \u00e9s megoldjuk, ak\u00e1r \u00fajrak\u00fcld\u00e9ssel, ak\u00e1r visszat\u00e9r\u00edt\u00e9ssel.<\/p>\n\n\n\n<h3 class=\"wp-block-heading\">Visszak\u00fcldhetem a rendel\u00e9semet?<\/h3>\n\n\n\n<p>Igen, 30 napos el\u00e9gedetts\u00e9gi garanci\u00e1t k\u00edn\u00e1lunk a bontatlan term\u00e9kekre. L\u00e9pjen kapcsolatba vel\u00fcnk a visszak\u00fcld\u00e9si enged\u00e9ly\u00e9rt.<\/p>\n\n\n\n<h3 class=\"wp-block-heading\">Visszat\u00e9r\u00edt\u00e9st k\u00edn\u00e1l?<\/h3>\n\n\n\n<p>S\u00e9r\u00fclt, hib\u00e1s vagy hib\u00e1s term\u00e9kek eset\u00e9n teljes visszat\u00e9r\u00edt\u00e9s j\u00e1r. A vev\u0151i el\u00e9gedetts\u00e9g a mi priorit\u00e1sunk.<\/p>\n\n\n\n<hr class=\"wp-block-separator has-alpha-channel-opacity\"\/>\n\n\n\n<h2 class=\"wp-block-heading\">M\u0171szaki k\u00e9rd\u00e9sek<\/h2>\n\n\n\n<h3 class=\"wp-block-heading\">Hogyan kell t\u00e1rolni a term\u00e9ket?<\/h3>\n\n\n\n<p>H\u0171v\u00f6s, sz\u00e1raz, k\u00f6zvetlen napf\u00e9nyt\u0151l v\u00e9dett helyen t\u00e1rolja. Haszn\u00e1laton k\u00edv\u00fcl tartsa szorosan lez\u00e1rva a flakont.<\/p>\n\n\n\n<h3 class=\"wp-block-heading\">Mennyi az eltarthat\u00f3s\u00e1gi ideje?<\/h3>\n\n\n\n<p>Term\u00e9keink szavatoss\u00e1gi ideje a gy\u00e1rt\u00e1st\u00f3l sz\u00e1m\u00edtott 18 h\u00f3nap. A lej\u00e1rati d\u00e1tumokat minden egyes palackon egy\u00e9rtelm\u0171en felt\u00fcntetj\u00fck.<\/p>\n\n\n\n<h3 class=\"wp-block-heading\">Ez megjelenik a drogteszten?<\/h3>\n\n\n\n<p>Jogi alternat\u00edv\u00e1ink nem tartalmaznak ellen\u0151rz\u00f6tt anyagokat, \u00e9s nem okoznak pozit\u00edv eredm\u00e9nyt a szok\u00e1sos drogsz\u0171r\u00e9seken.<\/p>\n\n\n\n<hr class=\"wp-block-separator has-alpha-channel-opacity\"\/>\n\n\n\n<h2 class=\"wp-block-heading\">M\u00e9g mindig vannak k\u00e9rd\u00e9sei?<\/h2>\n\n\n\n<h3 class=\"wp-block-heading\">Kapcsolat T\u00e1mogat\u00e1sunkkal<\/h3>\n\n\n\n<p>Ha nem tal\u00e1lja a keresett v\u00e1laszt, mi seg\u00edt\u00fcnk:<\/p>\n\n\n\n<p>\ud83d\udce7 Email:\u00a0<a href=\"mailto:leansyrupshop@proton.me\" target=\"_blank\" rel=\"noreferrer noopener\">leansyrupshop@proton.me<\/a><br>\ud83d\udd52 V\u00e1laszid\u0151: 24 \u00f3r\u00e1n bel\u00fcl, <a href=\"https:\/\/onlineleansyrup.com\/hu\/kapcsolatfelvetel\/\">kapcsolatfelv\u00e9tel<\/a> ma. <\/p>","protected":false},"excerpt":{"rendered":"<p>Welcome to our comprehensive FAQ section! Whether you&#8217;re new to Lean or a regular user, you&#8217;ll find answers to the [&hellip;]<\/p>\n","protected":false},"author":1,"featured_media":0,"parent":0,"menu_order":0,"comment_status":"closed","ping_status":"closed","template":"","meta":{"site-sidebar-layout":"default","site-content-layout":"","ast-site-content-layout":"default","site-content-style":"default","site-sidebar-style":"default","ast-global-header-display":"","ast-banner-title-visibility":"","ast-main-header-display":"","ast-hfb-above-header-display":"","ast-hfb-below-header-display":"","ast-hfb-mobile-header-display":"","site-post-title":"","ast-breadcrumbs-content":"","ast-featured-img":"","footer-sml-layout":"","ast-disable-related-posts":"","theme-transparent-header-meta":"","adv-header-id-meta":"","stick-header-meta":"","header-above-stick-meta":"","header-main-stick-meta":"","header-below-stick-meta":"","astra-migrate-meta-layouts":"default","ast-page-background-enabled":"default","ast-page-background-meta":{"desktop":{"background-color":"var(--ast-global-color-5)","background-image":"","background-repeat":"repeat","background-position":"center center","background-size":"auto","background-attachment":"scroll","background-type":"","background-media":"","overlay-type":"","overlay-color":"","overlay-opacity":"","overlay-gradient":""},"tablet":{"background-color":"","background-image":"","background-repeat":"repeat","background-position":"center center","background-size":"auto","background-attachment":"scroll","background-type":"","background-media":"","overlay-type":"","overlay-color":"","overlay-opacity":"","overlay-gradient":""},"mobile":{"background-color":"","background-image":"","background-repeat":"repeat","background-position":"center center","background-size":"auto","background-attachment":"scroll","background-type":"","background-media":"","overlay-type":"","overlay-color":"","overlay-opacity":"","overlay-gradient":""}},"ast-content-background-meta":{"desktop":{"background-color":"var(--ast-global-color-4)","background-image":"","background-repeat":"repeat","background-position":"center center","background-size":"auto","background-attachment":"scroll","background-type":"","background-media":"","overlay-type":"","overlay-color":"","overlay-opacity":"","overlay-gradient":""},"tablet":{"background-color":"var(--ast-global-color-4)","background-image":"","background-repeat":"repeat","background-position":"center center","background-size":"auto","background-attachment":"scroll","background-type":"","background-media":"","overlay-type":"","overlay-color":"","overlay-opacity":"","overlay-gradient":""},"mobile":{"background-color":"var(--ast-global-color-4)","background-image":"","background-repeat":"repeat","background-position":"center center","background-size":"auto","background-attachment":"scroll","background-type":"","background-media":"","overlay-type":"","overlay-color":"","overlay-opacity":"","overlay-gradient":""}},"footnotes":""},"class_list":["post-24","page","type-page","status-publish","hentry"],"yoast_head":"<!-- This site is optimized with the Yoast SEO plugin v27.1.1 - https:\/\/yoast.com\/product\/yoast-seo-wordpress\/ -->\n<title>Frequently Asked Questions About Lean Syrup - Buy Lean Syrup | Premium Legal Lean Alternatives Worldwide<\/title>\n<meta name=\"robots\" content=\"index, follow, max-snippet:-1, max-image-preview:large, max-video-preview:-1\" \/>\n<link rel=\"canonical\" href=\"https:\/\/onlineleansyrup.com\/hu\/gyakran-ismetelt-kerdesek\/\" \/>\n<meta property=\"og:locale\" content=\"hu_HU\" \/>\n<meta property=\"og:type\" content=\"article\" \/>\n<meta property=\"og:title\" content=\"Frequently Asked Questions About Lean Syrup - Buy Lean Syrup | Premium Legal Lean Alternatives Worldwide\" \/>\n<meta property=\"og:description\" content=\"Welcome to our comprehensive FAQ section! Whether you&#8217;re new to Lean or a regular user, you&#8217;ll find answers to the [&hellip;]\" \/>\n<meta property=\"og:url\" content=\"https:\/\/onlineleansyrup.com\/hu\/gyakran-ismetelt-kerdesek\/\" \/>\n<meta property=\"og:site_name\" content=\"Buy Lean Syrup | Premium Legal Lean Alternatives Worldwide\" \/>\n<meta property=\"article:modified_time\" content=\"2026-03-14T19:16:38+00:00\" \/>\n<meta name=\"twitter:card\" content=\"summary_large_image\" \/>\n<meta name=\"twitter:label1\" content=\"Becs\u00fclt olvas\u00e1si id\u0151\" \/>\n\t<meta name=\"twitter:data1\" content=\"3 perc\" \/>\n<script type=\"application\/ld+json\" class=\"yoast-schema-graph\">{\"@context\":\"https:\/\/schema.org\",\"@graph\":[{\"@type\":\"WebPage\",\"@id\":\"https:\/\/onlineleansyrup.com\/frequently-asked-questions\/\",\"url\":\"https:\/\/onlineleansyrup.com\/frequently-asked-questions\/\",\"name\":\"Frequently Asked Questions About Lean Syrup - Buy Lean Syrup | Premium Legal Lean Alternatives Worldwide\",\"isPartOf\":{\"@id\":\"https:\/\/onlineleansyrup.com\/#website\"},\"datePublished\":\"2026-03-14T17:06:11+00:00\",\"dateModified\":\"2026-03-14T19:16:38+00:00\",\"breadcrumb\":{\"@id\":\"https:\/\/onlineleansyrup.com\/frequently-asked-questions\/#breadcrumb\"},\"inLanguage\":\"hu\",\"potentialAction\":[{\"@type\":\"ReadAction\",\"target\":[\"https:\/\/onlineleansyrup.com\/frequently-asked-questions\/\"]}]},{\"@type\":\"BreadcrumbList\",\"@id\":\"https:\/\/onlineleansyrup.com\/frequently-asked-questions\/#breadcrumb\",\"itemListElement\":[{\"@type\":\"ListItem\",\"position\":1,\"name\":\"Home\",\"item\":\"https:\/\/onlineleansyrup.com\/\"},{\"@type\":\"ListItem\",\"position\":2,\"name\":\"Frequently Asked Questions About Lean Syrup\"}]},{\"@type\":\"WebSite\",\"@id\":\"https:\/\/onlineleansyrup.com\/#website\",\"url\":\"https:\/\/onlineleansyrup.com\/\",\"name\":\"Buy Lean Syrup | Premium Legal Lean Alternatives Worldwide\",\"description\":\"Safe, Discreet Shipping to 20+ Countries | Lab-Tested Lean Syrup\",\"potentialAction\":[{\"@type\":\"SearchAction\",\"target\":{\"@type\":\"EntryPoint\",\"urlTemplate\":\"https:\/\/onlineleansyrup.com\/?s={search_term_string}\"},\"query-input\":{\"@type\":\"PropertyValueSpecification\",\"valueRequired\":true,\"valueName\":\"search_term_string\"}}],\"inLanguage\":\"hu\"}]}<\/script>\n<!-- \/ Yoast SEO plugin. -->","yoast_head_json":{"title":"Gyakran ism\u00e9telt k\u00e9rd\u00e9sek a Lean szirup - V\u00e1s\u00e1rl\u00e1s Lean szirup | Pr\u00e9mium jogi Lean Alternat\u00edv\u00e1k vil\u00e1gszerte","robots":{"index":"index","follow":"follow","max-snippet":"max-snippet:-1","max-image-preview":"max-image-preview:large","max-video-preview":"max-video-preview:-1"},"canonical":"https:\/\/onlineleansyrup.com\/hu\/gyakran-ismetelt-kerdesek\/","og_locale":"hu_HU","og_type":"article","og_title":"Frequently Asked Questions About Lean Syrup - Buy Lean Syrup | Premium Legal Lean Alternatives Worldwide","og_description":"Welcome to our comprehensive FAQ section! Whether you&#8217;re new to Lean or a regular user, you&#8217;ll find answers to the [&hellip;]","og_url":"https:\/\/onlineleansyrup.com\/hu\/gyakran-ismetelt-kerdesek\/","og_site_name":"Buy Lean Syrup | Premium Legal Lean Alternatives Worldwide","article_modified_time":"2026-03-14T19:16:38+00:00","twitter_card":"summary_large_image","twitter_misc":{"Becs\u00fclt olvas\u00e1si id\u0151":"3 perc"},"schema":{"@context":"https:\/\/schema.org","@graph":[{"@type":"WebPage","@id":"https:\/\/onlineleansyrup.com\/frequently-asked-questions\/","url":"https:\/\/onlineleansyrup.com\/frequently-asked-questions\/","name":"Gyakran ism\u00e9telt k\u00e9rd\u00e9sek a Lean szirup - V\u00e1s\u00e1rl\u00e1s Lean szirup | Pr\u00e9mium jogi Lean Alternat\u00edv\u00e1k vil\u00e1gszerte","isPartOf":{"@id":"https:\/\/onlineleansyrup.com\/#website"},"datePublished":"2026-03-14T17:06:11+00:00","dateModified":"2026-03-14T19:16:38+00:00","breadcrumb":{"@id":"https:\/\/onlineleansyrup.com\/frequently-asked-questions\/#breadcrumb"},"inLanguage":"hu","potentialAction":[{"@type":"ReadAction","target":["https:\/\/onlineleansyrup.com\/frequently-asked-questions\/"]}]},{"@type":"BreadcrumbList","@id":"https:\/\/onlineleansyrup.com\/frequently-asked-questions\/#breadcrumb","itemListElement":[{"@type":"ListItem","position":1,"name":"Home","item":"https:\/\/onlineleansyrup.com\/"},{"@type":"ListItem","position":2,"name":"Frequently Asked Questions About Lean Syrup"}]},{"@type":"WebSite","@id":"https:\/\/onlineleansyrup.com\/#website","url":"https:\/\/onlineleansyrup.com\/","name":"V\u00e1s\u00e1roljon Lean szirupot | Pr\u00e9mium leg\u00e1lis Lean alternat\u00edv\u00e1k vil\u00e1gszerte","description":"Biztons\u00e1gos, diszkr\u00e9t sz\u00e1ll\u00edt\u00e1s 20+ orsz\u00e1gba | Laborat\u00f3riumban tesztelt lean szirup","potentialAction":[{"@type":"SearchAction","target":{"@type":"EntryPoint","urlTemplate":"https:\/\/onlineleansyrup.com\/?s={search_term_string}"},"query-input":{"@type":"PropertyValueSpecification","valueRequired":true,"valueName":"search_term_string"}}],"inLanguage":"hu"}]}},"_links":{"self":[{"href":"https:\/\/onlineleansyrup.com\/hu\/wp-json\/wp\/v2\/pages\/24","targetHints":{"allow":["GET"]}}],"collection":[{"href":"https:\/\/onlineleansyrup.com\/hu\/wp-json\/wp\/v2\/pages"}],"about":[{"href":"https:\/\/onlineleansyrup.com\/hu\/wp-json\/wp\/v2\/types\/page"}],"author":[{"embeddable":true,"href":"https:\/\/onlineleansyrup.com\/hu\/wp-json\/wp\/v2\/users\/1"}],"replies":[{"embeddable":true,"href":"https:\/\/onlineleansyrup.com\/hu\/wp-json\/wp\/v2\/comments?post=24"}],"version-history":[{"count":3,"href":"https:\/\/onlineleansyrup.com\/hu\/wp-json\/wp\/v2\/pages\/24\/revisions"}],"predecessor-version":[{"id":46,"href":"https:\/\/onlineleansyrup.com\/hu\/wp-json\/wp\/v2\/pages\/24\/revisions\/46"}],"wp:attachment":[{"href":"https:\/\/onlineleansyrup.com\/hu\/wp-json\/wp\/v2\/media?parent=24"}],"curies":[{"name":"wp","href":"https:\/\/api.w.org\/{rel}","templated":true}]}}