{"id":24,"date":"2026-03-14T17:06:11","date_gmt":"2026-03-14T17:06:11","guid":{"rendered":"https:\/\/onlineleansyrup.com\/?page_id=24"},"modified":"2026-03-14T19:16:38","modified_gmt":"2026-03-14T19:16:38","slug":"biezi-uzdotie-jautajumi","status":"publish","type":"page","link":"https:\/\/onlineleansyrup.com\/lv\/frequently-asked-questions\/","title":{"rendered":"Bie\u017ei uzdotie jaut\u0101jumi par lieso s\u012brupu"},"content":{"rendered":"<p>Laipni l\u016bgti m\u016bsu visaptvero\u0161aj\u0101 bie\u017ei uzdoto jaut\u0101jumu sada\u013c\u0101! Neatkar\u012bgi no t\u0101, vai esat jauns Lean lietot\u0101js vai regul\u0101rs lietot\u0101js, \u0161eit atrad\u012bsiet atbildes uz visbie\u017e\u0101k uzdotajiem jaut\u0101jumiem par Lean s\u012brupa ieg\u0101di un dro\u0161u lieto\u0161anu.<\/p>\n\n\n\n<hr class=\"wp-block-separator has-alpha-channel-opacity\"\/>\n\n\n\n<h2 class=\"wp-block-heading\">Par Lean Syrup<\/h2>\n\n\n\n<h3 class=\"wp-block-heading\">Kas ir liesais s\u012brups?<\/h3>\n\n\n\n<p>Ar lieso s\u012brupu (paz\u012bstams ar\u012b k\u0101 purple drank, sizzurp vai dirty sprite) tradicion\u0101li apz\u012bm\u0113 mais\u012bjumu, kas satur kode\u012bna-prometaz\u012bna s\u012brupu pret klepu, sodas dz\u0113rienu un konfektes. M\u016bsu produkti ir leg\u0101las alternat\u012bvas, kas nodro\u0161ina l\u012bdz\u012bgu gar\u0161as profilu un relaks\u0113jo\u0161u efektu bez kontrol\u0113jam\u0101m viel\u0101m.<\/p>\n\n\n\n<blockquote class=\"wp-block-quote is-layout-flow wp-block-quote-is-layout-flow\">\n<p>\ud83d\udcda Uzzini vair\u0101k m\u016bsu\u00a0<a href=\"https:\/\/onlineleansyrup.com\/lv\/kas-ir-liesais-sirups\/\">Kas ir liesais s\u012brups?<\/a> ce\u013cvedis<\/p>\n<\/blockquote>\n\n\n\n<h3 class=\"wp-block-heading\">Vai j\u016bsu liesais s\u012brups ir likum\u012bgs?<\/h3>\n\n\n\n<p>J\u0101! Visi m\u016bsu prepar\u0101ti atbilst starptautiskajiem noteikumiem un nesatur kontrol\u0113jamas vielas. Tie ir izstr\u0101d\u0101ti k\u0101 leg\u0101las alternat\u012bvas izklaides baud\u012b\u0161anai.<\/p>\n\n\n\n<h3 class=\"wp-block-heading\">K\u0101das ir sast\u0101vda\u013cas?<\/h3>\n\n\n\n<p>M\u016bsu s\u012brupos ir augst\u0101k\u0101s kvalit\u0101tes aromatiz\u0113t\u0101ji, dab\u012bgi ekstrakti un p\u0101rtikas piedevas. M\u016bsu sast\u0101v\u0101 nekad nav farmaceitisku z\u0101\u013cu vai b\u012bstamu \u0137\u012bmisku vielu.<\/p>\n\n\n\n<blockquote class=\"wp-block-quote is-layout-flow wp-block-quote-is-layout-flow\">\n<p>\ud83d\udd2c Apskat\u012bt m\u016bsu pilnu\u00a0<a href=\"https:\/\/onlineleansyrup.com\/lv\/lihav-kaalika-siirupi-koostisosad-mis-on-meie-toodetes\/\">Sast\u0101vda\u013cu saraksts<\/a><\/p>\n<\/blockquote>\n\n\n\n<hr class=\"wp-block-separator has-alpha-channel-opacity\"\/>\n\n\n\n<h2 class=\"wp-block-heading\">Iepirk\u0161ana un pas\u016bt\u012b\u0161ana<\/h2>\n\n\n\n<h3 class=\"wp-block-heading\">K\u0101 no jums ieg\u0101d\u0101ties liesu s\u012brupu?<\/h3>\n\n\n\n<p>Vienk\u0101r\u0161i apmekl\u0113jiet m\u016bsu m\u0101jaslapu un p\u0101rl\u016bkojiet m\u016bsu pied\u0101v\u0101jumu. Pievienot izv\u0113l\u0113to produktu groz\u0101, doties uz kasi un pabeigt maks\u0101jumu. J\u016bsu \u0113rt\u012bb\u0101m m\u0113s pie\u0146emam galven\u0101s kred\u012btkartes un kriptoval\u016btu.<\/p>\n\n\n\n<h3 class=\"wp-block-heading\">Vai j\u016bs veicat s\u016bt\u012bjumus vis\u0101 pasaul\u0113?<\/h3>\n\n\n\n<p>J\u0101! M\u0113s pieg\u0101d\u0101jam uz vair\u0101k nek\u0101 20 valst\u012bm, tostarp ASV, Lielbrit\u0101niju, Kan\u0101du, V\u0101ciju, Franciju, Franciju, Austr\u0101liju un cit\u0101m. Visi s\u016bt\u012bjumi ir diskr\u0113ti un izsekojami.<\/p>\n\n\n\n<h3 class=\"wp-block-heading\">Cik ilgs ir pieg\u0101des laiks?<\/h3>\n\n\n\n<p>Standarta pieg\u0101de atkar\u012bb\u0101 no j\u016bsu atra\u0161an\u0101s vietas aiz\u0146em 3-7 darba dienas. Pieg\u0101des iesp\u0113jas ir pieejamas pie kases.<\/p>\n\n\n\n<h3 class=\"wp-block-heading\">K\u0101das maks\u0101jumu metodes j\u016bs pie\u0146emat?<\/h3>\n\n\n\n<p>M\u0113s pie\u0146emam:<\/p>\n\n\n\n<ul class=\"wp-block-list\">\n<li>Visa<\/li>\n\n\n\n<li>Mastercard<\/li>\n\n\n\n<li>American Express<\/li>\n\n\n\n<li>Kriptoval\u016bta (Bitcoin, Ethereum un citas mon\u0113tas)<\/li>\n\n\n\n<li>Bankas maks\u0101jumi<\/li>\n<\/ul>\n\n\n\n<h3 class=\"wp-block-heading\">Vai mans maks\u0101jums ir dro\u0161s?<\/h3>\n\n\n\n<p>Piln\u012bgi noteikti. Visi dar\u012bjumi tiek apstr\u0101d\u0101ti, izmantojot \u0161ifr\u0113tus maks\u0101jumu port\u0101lus, lai nodro\u0161in\u0101tu j\u016bsu finan\u0161u inform\u0101cijas aizsardz\u012bbu.<\/p>\n\n\n\n<hr class=\"wp-block-separator has-alpha-channel-opacity\"\/>\n\n\n\n<h2 class=\"wp-block-heading\">Dro\u0161\u012bba un lieto\u0161ana<\/h2>\n\n\n\n<h3 class=\"wp-block-heading\">Vai ir k\u0101das blakuspar\u0101d\u012bbas?<\/h3>\n\n\n\n<p>M\u016bsu produkti ir izstr\u0101d\u0101ti t\u0101, lai tie b\u016btu dro\u0161i, ja tos lieto atbilsto\u0161i nor\u0101d\u012bjumiem. Tom\u0113r, t\u0101pat k\u0101 jebkura cita pat\u0113ri\u0146a produkta gad\u012bjum\u0101, individu\u0101l\u0101 reakcija var at\u0161\u0137irties.<\/p>\n\n\n\n<blockquote class=\"wp-block-quote is-layout-flow wp-block-quote-is-layout-flow\">\n<p>\u26a0\ufe0f Lasiet par potenci\u0101lo\u00a0<a href=\"https:\/\/onlineleansyrup.com\/lv\/liesas-sirupa-blakusparadibas\/\">Liekna s\u012brupa blakuspar\u0101d\u012bbas<\/a><\/p>\n<\/blockquote>\n\n\n\n<h3 class=\"wp-block-heading\">K\u0101da ir ieteicam\u0101 deva?<\/h3>\n\n\n\n<p>S\u0101ciet ar nelielu daudzumu (parasti 10-15 ml), lai nov\u0113rt\u0113tu savu panesam\u012bbu. Nekad nep\u0101rsniedziet ieteicamo porcijas daudzumu, kas nor\u0101d\u012bts uz pudeles.<\/p>\n\n\n\n<h3 class=\"wp-block-heading\">Vai to var sajaukt ar alkoholu?<\/h3>\n\n\n\n<p>M\u0113s stingri iesak\u0101m nesajaukt m\u016bsu produktus ar alkoholu vai cit\u0101m viel\u0101m. J\u016bsu dro\u0161\u012bbas labad lietojiet atbild\u012bgi un izvairieties no kombin\u0113\u0161anas ar cit\u0101m apreibino\u0161\u0101m viel\u0101m.<\/p>\n\n\n\n<h3 class=\"wp-block-heading\">Vai tas ir dro\u0161s ikvienam?<\/h3>\n\n\n\n<p>\u0160ie produkti ir paredz\u0113ti pieaugu\u0161ajiem, kas vec\u0101ki par 18 gadiem. Gr\u016btniec\u0113m vai z\u012bd\u012bt\u0101j\u0101m pirms lieto\u0161anas j\u0101konsult\u0113jas ar vesel\u012bbas apr\u016bpes speci\u0101listu.<\/p>\n\n\n\n<hr class=\"wp-block-separator has-alpha-channel-opacity\"\/>\n\n\n\n<h2 class=\"wp-block-heading\">Pieg\u0101de un atgrie\u0161ana<\/h2>\n\n\n\n<h3 class=\"wp-block-heading\">Cik diskr\u0113ts ir iepakojums?<\/h3>\n\n\n\n<p>\u013boti diskr\u0113ts. Visi s\u016bt\u012bjumi tiek pieg\u0101d\u0101ti vienk\u0101r\u0161\u0101s, nemar\u0137\u0113t\u0101s kast\u0113s ar visp\u0101r\u012bg\u0101m atpaka\u013cnos\u016bt\u012b\u0161anas adres\u0113m, lai aizsarg\u0101tu j\u016bsu priv\u0101tumu.<\/p>\n\n\n\n<h3 class=\"wp-block-heading\">Ko dar\u012bt, ja paka ir pazaud\u0113ta vai boj\u0101ta?<\/h3>\n\n\n\n<p>Sazinieties ar mums nekav\u0113joties pa t\u0101lruni&nbsp;<a href=\"mailto:leansyrupshop@proton.me\" rel=\"noreferrer noopener\" target=\"_blank\">leansyrupshop@proton.me<\/a>&nbsp;nor\u0101diet savu pas\u016bt\u012bjuma numuru. M\u0113s izmekl\u0113sim un nekav\u0113joties atrisin\u0101sim probl\u0113mu, veicot atk\u0101rtotu pieg\u0101di vai atmaks\u0101jot naudu.<\/p>\n\n\n\n<h3 class=\"wp-block-heading\">Vai es varu atgriezt savu pas\u016bt\u012bjumu?<\/h3>\n\n\n\n<p>J\u0101, m\u0113s pied\u0101v\u0101jam 30 dienu apmierin\u0101t\u012bbas garantiju neatv\u0113rtiem produktiem. Sazinieties ar mums, lai sa\u0146emtu atgrie\u0161anas at\u013cauju.<\/p>\n\n\n\n<h3 class=\"wp-block-heading\">Vai j\u016bs pied\u0101v\u0101jat kompens\u0101ciju?<\/h3>\n\n\n\n<p>Par boj\u0101t\u0101m, boj\u0101t\u0101m vai nepareiz\u0101m prec\u0113m var sa\u0146emt pilnu kompens\u0101ciju. Klientu apmierin\u0101t\u012bba ir m\u016bsu priorit\u0101te.<\/p>\n\n\n\n<hr class=\"wp-block-separator has-alpha-channel-opacity\"\/>\n\n\n\n<h2 class=\"wp-block-heading\">Tehniskie jaut\u0101jumi<\/h2>\n\n\n\n<h3 class=\"wp-block-heading\">K\u0101 uzglab\u0101t izstr\u0101d\u0101jumu?<\/h3>\n\n\n\n<p>Uzglab\u0101t v\u0113s\u0101, saus\u0101 viet\u0101, prom no tie\u0161iem saules stariem. Kad pudel\u012bte netiek lietota, turiet to cie\u0161i aizv\u0113rtu.<\/p>\n\n\n\n<h3 class=\"wp-block-heading\">K\u0101ds ir der\u012bguma termi\u0146\u0161?<\/h3>\n\n\n\n<p>M\u016bsu izstr\u0101d\u0101jumu der\u012bguma termi\u0146\u0161 ir 18 m\u0113ne\u0161i no izgatavo\u0161anas datuma. Der\u012bguma termi\u0146\u0161 ir skaidri nor\u0101d\u012bts uz katras pudeles.<\/p>\n\n\n\n<h3 class=\"wp-block-heading\">Vai tas par\u0101d\u012bsies narkotiku test\u0101?<\/h3>\n\n\n\n<p>M\u016bsu leg\u0101l\u0101s alternat\u012bvas nesatur kontrol\u0113jamas vielas un nerada pozit\u012bvus rezult\u0101tus standarta narkotiku p\u0101rbaud\u0113s.<\/p>\n\n\n\n<hr class=\"wp-block-separator has-alpha-channel-opacity\"\/>\n\n\n\n<h2 class=\"wp-block-heading\">Joproj\u0101m ir jaut\u0101jumi?<\/h2>\n\n\n\n<h3 class=\"wp-block-heading\">Sazinieties ar m\u016bsu atbalsta komandu<\/h3>\n\n\n\n<p>Ja nevarat atrast mekl\u0113to atbildi, m\u0113s esam gatavi pal\u012bdz\u0113t:<\/p>\n\n\n\n<p>\ud83d\udce7 E-pasts:\u00a0<a href=\"mailto:leansyrupshop@proton.me\" target=\"_blank\" rel=\"noreferrer noopener\">leansyrupshop@proton.me<\/a><br>\ud83d\udd52 Reakcijas laiks: 24 stundu laik\u0101, <a href=\"https:\/\/onlineleansyrup.com\/lv\/sazinaties-ar\/\">sazinieties ar mums<\/a> \u0161odien. <\/p>","protected":false},"excerpt":{"rendered":"<p>Welcome to our comprehensive FAQ section! Whether you&#8217;re new to Lean or a regular user, you&#8217;ll find answers to the [&hellip;]<\/p>\n","protected":false},"author":1,"featured_media":0,"parent":0,"menu_order":0,"comment_status":"closed","ping_status":"closed","template":"","meta":{"site-sidebar-layout":"default","site-content-layout":"","ast-site-content-layout":"default","site-content-style":"default","site-sidebar-style":"default","ast-global-header-display":"","ast-banner-title-visibility":"","ast-main-header-display":"","ast-hfb-above-header-display":"","ast-hfb-below-header-display":"","ast-hfb-mobile-header-display":"","site-post-title":"","ast-breadcrumbs-content":"","ast-featured-img":"","footer-sml-layout":"","ast-disable-related-posts":"","theme-transparent-header-meta":"","adv-header-id-meta":"","stick-header-meta":"","header-above-stick-meta":"","header-main-stick-meta":"","header-below-stick-meta":"","astra-migrate-meta-layouts":"default","ast-page-background-enabled":"default","ast-page-background-meta":{"desktop":{"background-color":"var(--ast-global-color-5)","background-image":"","background-repeat":"repeat","background-position":"center center","background-size":"auto","background-attachment":"scroll","background-type":"","background-media":"","overlay-type":"","overlay-color":"","overlay-opacity":"","overlay-gradient":""},"tablet":{"background-color":"","background-image":"","background-repeat":"repeat","background-position":"center center","background-size":"auto","background-attachment":"scroll","background-type":"","background-media":"","overlay-type":"","overlay-color":"","overlay-opacity":"","overlay-gradient":""},"mobile":{"background-color":"","background-image":"","background-repeat":"repeat","background-position":"center center","background-size":"auto","background-attachment":"scroll","background-type":"","background-media":"","overlay-type":"","overlay-color":"","overlay-opacity":"","overlay-gradient":""}},"ast-content-background-meta":{"desktop":{"background-color":"var(--ast-global-color-4)","background-image":"","background-repeat":"repeat","background-position":"center center","background-size":"auto","background-attachment":"scroll","background-type":"","background-media":"","overlay-type":"","overlay-color":"","overlay-opacity":"","overlay-gradient":""},"tablet":{"background-color":"var(--ast-global-color-4)","background-image":"","background-repeat":"repeat","background-position":"center center","background-size":"auto","background-attachment":"scroll","background-type":"","background-media":"","overlay-type":"","overlay-color":"","overlay-opacity":"","overlay-gradient":""},"mobile":{"background-color":"var(--ast-global-color-4)","background-image":"","background-repeat":"repeat","background-position":"center center","background-size":"auto","background-attachment":"scroll","background-type":"","background-media":"","overlay-type":"","overlay-color":"","overlay-opacity":"","overlay-gradient":""}},"footnotes":""},"class_list":["post-24","page","type-page","status-publish","hentry"],"yoast_head":"<!-- This site is optimized with the Yoast SEO plugin v27.1.1 - https:\/\/yoast.com\/product\/yoast-seo-wordpress\/ -->\n<title>Frequently Asked Questions About Lean Syrup - Buy Lean Syrup | Premium Legal Lean Alternatives Worldwide<\/title>\n<meta name=\"robots\" content=\"index, follow, max-snippet:-1, max-image-preview:large, max-video-preview:-1\" \/>\n<link rel=\"canonical\" href=\"https:\/\/onlineleansyrup.com\/lv\/biezi-uzdotie-jautajumi\/\" \/>\n<meta property=\"og:locale\" content=\"lv_LV\" \/>\n<meta property=\"og:type\" content=\"article\" \/>\n<meta property=\"og:title\" content=\"Frequently Asked Questions About Lean Syrup - Buy Lean Syrup | Premium Legal Lean Alternatives Worldwide\" \/>\n<meta property=\"og:description\" content=\"Welcome to our comprehensive FAQ section! Whether you&#8217;re new to Lean or a regular user, you&#8217;ll find answers to the [&hellip;]\" \/>\n<meta property=\"og:url\" content=\"https:\/\/onlineleansyrup.com\/lv\/biezi-uzdotie-jautajumi\/\" \/>\n<meta property=\"og:site_name\" content=\"Buy Lean Syrup | Premium Legal Lean Alternatives Worldwide\" \/>\n<meta property=\"article:modified_time\" content=\"2026-03-14T19:16:38+00:00\" \/>\n<meta name=\"twitter:card\" content=\"summary_large_image\" \/>\n<meta name=\"twitter:label1\" content=\"Est. reading time\" \/>\n\t<meta name=\"twitter:data1\" content=\"3 min\u016btes\" \/>\n<script type=\"application\/ld+json\" class=\"yoast-schema-graph\">{\"@context\":\"https:\/\/schema.org\",\"@graph\":[{\"@type\":\"WebPage\",\"@id\":\"https:\/\/onlineleansyrup.com\/frequently-asked-questions\/\",\"url\":\"https:\/\/onlineleansyrup.com\/frequently-asked-questions\/\",\"name\":\"Frequently Asked Questions About Lean Syrup - Buy Lean Syrup | Premium Legal Lean Alternatives Worldwide\",\"isPartOf\":{\"@id\":\"https:\/\/onlineleansyrup.com\/#website\"},\"datePublished\":\"2026-03-14T17:06:11+00:00\",\"dateModified\":\"2026-03-14T19:16:38+00:00\",\"breadcrumb\":{\"@id\":\"https:\/\/onlineleansyrup.com\/frequently-asked-questions\/#breadcrumb\"},\"inLanguage\":\"lv-LV\",\"potentialAction\":[{\"@type\":\"ReadAction\",\"target\":[\"https:\/\/onlineleansyrup.com\/frequently-asked-questions\/\"]}]},{\"@type\":\"BreadcrumbList\",\"@id\":\"https:\/\/onlineleansyrup.com\/frequently-asked-questions\/#breadcrumb\",\"itemListElement\":[{\"@type\":\"ListItem\",\"position\":1,\"name\":\"Home\",\"item\":\"https:\/\/onlineleansyrup.com\/\"},{\"@type\":\"ListItem\",\"position\":2,\"name\":\"Frequently Asked Questions About Lean Syrup\"}]},{\"@type\":\"WebSite\",\"@id\":\"https:\/\/onlineleansyrup.com\/#website\",\"url\":\"https:\/\/onlineleansyrup.com\/\",\"name\":\"Buy Lean Syrup | Premium Legal Lean Alternatives Worldwide\",\"description\":\"Safe, Discreet Shipping to 20+ Countries | Lab-Tested Lean Syrup\",\"potentialAction\":[{\"@type\":\"SearchAction\",\"target\":{\"@type\":\"EntryPoint\",\"urlTemplate\":\"https:\/\/onlineleansyrup.com\/?s={search_term_string}\"},\"query-input\":{\"@type\":\"PropertyValueSpecification\",\"valueRequired\":true,\"valueName\":\"search_term_string\"}}],\"inLanguage\":\"lv-LV\"}]}<\/script>\n<!-- \/ Yoast SEO plugin. -->","yoast_head_json":{"title":"Bie\u017e\u0101k uzdotie jaut\u0101jumi par Lean s\u012brupu - nopirkt Lean s\u012brupu | Premium Legal Lean Alternatives Worldwide","robots":{"index":"index","follow":"follow","max-snippet":"max-snippet:-1","max-image-preview":"max-image-preview:large","max-video-preview":"max-video-preview:-1"},"canonical":"https:\/\/onlineleansyrup.com\/lv\/biezi-uzdotie-jautajumi\/","og_locale":"lv_LV","og_type":"article","og_title":"Frequently Asked Questions About Lean Syrup - Buy Lean Syrup | Premium Legal Lean Alternatives Worldwide","og_description":"Welcome to our comprehensive FAQ section! Whether you&#8217;re new to Lean or a regular user, you&#8217;ll find answers to the [&hellip;]","og_url":"https:\/\/onlineleansyrup.com\/lv\/biezi-uzdotie-jautajumi\/","og_site_name":"Buy Lean Syrup | Premium Legal Lean Alternatives Worldwide","article_modified_time":"2026-03-14T19:16:38+00:00","twitter_card":"summary_large_image","twitter_misc":{"Est. reading time":"3 min\u016btes"},"schema":{"@context":"https:\/\/schema.org","@graph":[{"@type":"WebPage","@id":"https:\/\/onlineleansyrup.com\/frequently-asked-questions\/","url":"https:\/\/onlineleansyrup.com\/frequently-asked-questions\/","name":"Bie\u017e\u0101k uzdotie jaut\u0101jumi par Lean s\u012brupu - nopirkt Lean s\u012brupu | Premium Legal Lean Alternatives Worldwide","isPartOf":{"@id":"https:\/\/onlineleansyrup.com\/#website"},"datePublished":"2026-03-14T17:06:11+00:00","dateModified":"2026-03-14T19:16:38+00:00","breadcrumb":{"@id":"https:\/\/onlineleansyrup.com\/frequently-asked-questions\/#breadcrumb"},"inLanguage":"lv-LV","potentialAction":[{"@type":"ReadAction","target":["https:\/\/onlineleansyrup.com\/frequently-asked-questions\/"]}]},{"@type":"BreadcrumbList","@id":"https:\/\/onlineleansyrup.com\/frequently-asked-questions\/#breadcrumb","itemListElement":[{"@type":"ListItem","position":1,"name":"Home","item":"https:\/\/onlineleansyrup.com\/"},{"@type":"ListItem","position":2,"name":"Frequently Asked Questions About Lean Syrup"}]},{"@type":"WebSite","@id":"https:\/\/onlineleansyrup.com\/#website","url":"https:\/\/onlineleansyrup.com\/","name":"P\u0113rc Lean s\u012brupu | Premium leg\u0101las Lean alternat\u012bvas vis\u0101 pasaul\u0113","description":"Dro\u0161a, diskr\u0113ta pieg\u0101de uz 20+ valst\u012bm | Laboratoriski p\u0101rbaud\u012bts liesais s\u012brups","potentialAction":[{"@type":"SearchAction","target":{"@type":"EntryPoint","urlTemplate":"https:\/\/onlineleansyrup.com\/?s={search_term_string}"},"query-input":{"@type":"PropertyValueSpecification","valueRequired":true,"valueName":"search_term_string"}}],"inLanguage":"lv-LV"}]}},"_links":{"self":[{"href":"https:\/\/onlineleansyrup.com\/lv\/wp-json\/wp\/v2\/pages\/24","targetHints":{"allow":["GET"]}}],"collection":[{"href":"https:\/\/onlineleansyrup.com\/lv\/wp-json\/wp\/v2\/pages"}],"about":[{"href":"https:\/\/onlineleansyrup.com\/lv\/wp-json\/wp\/v2\/types\/page"}],"author":[{"embeddable":true,"href":"https:\/\/onlineleansyrup.com\/lv\/wp-json\/wp\/v2\/users\/1"}],"replies":[{"embeddable":true,"href":"https:\/\/onlineleansyrup.com\/lv\/wp-json\/wp\/v2\/comments?post=24"}],"version-history":[{"count":3,"href":"https:\/\/onlineleansyrup.com\/lv\/wp-json\/wp\/v2\/pages\/24\/revisions"}],"predecessor-version":[{"id":46,"href":"https:\/\/onlineleansyrup.com\/lv\/wp-json\/wp\/v2\/pages\/24\/revisions\/46"}],"wp:attachment":[{"href":"https:\/\/onlineleansyrup.com\/lv\/wp-json\/wp\/v2\/media?parent=24"}],"curies":[{"name":"wp","href":"https:\/\/api.w.org\/{rel}","templated":true}]}}