{"id":24,"date":"2026-03-14T17:06:11","date_gmt":"2026-03-14T17:06:11","guid":{"rendered":"https:\/\/onlineleansyrup.com\/?page_id=24"},"modified":"2026-03-14T19:16:38","modified_gmt":"2026-03-14T19:16:38","slug":"czesto-zadawane-pytania","status":"publish","type":"page","link":"https:\/\/onlineleansyrup.com\/pl\/frequently-asked-questions\/","title":{"rendered":"Cz\u0119sto zadawane pytania dotycz\u0105ce syropu Lean"},"content":{"rendered":"<p>Witamy w naszej obszernej sekcji FAQ! Niezale\u017cnie od tego, czy dopiero zaczynasz przygod\u0119 z Lean, czy jeste\u015b jego sta\u0142ym u\u017cytkownikiem, znajdziesz tu odpowiedzi na najcz\u0119\u015bciej zadawane pytania dotycz\u0105ce zakupu i bezpiecznego stosowania syropu Lean.<\/p>\n\n\n\n<hr class=\"wp-block-separator has-alpha-channel-opacity\"\/>\n\n\n\n<h2 class=\"wp-block-heading\">Informacje o syropie Lean<\/h2>\n\n\n\n<h3 class=\"wp-block-heading\">Czym jest syrop Lean?<\/h3>\n\n\n\n<p>Chudy syrop (znany r\u00f3wnie\u017c jako purple drank, sizzurp lub dirty sprite) tradycyjnie odnosi si\u0119 do mieszanki zawieraj\u0105cej kodeinowo-prometazynowy syrop na kaszel, napoje gazowane i cukierki. Nasze produkty to legalne alternatywy, kt\u00f3re zapewniaj\u0105 podobne profile smakowe i relaksuj\u0105ce efekty bez substancji kontrolowanych.<\/p>\n\n\n\n<blockquote class=\"wp-block-quote is-layout-flow wp-block-quote-is-layout-flow\">\n<p>Dowiedz si\u0119 wi\u0119cej w naszym\u00a0<a href=\"https:\/\/onlineleansyrup.com\/pl\/co-to-jest-syrop-lean\/\">Czym jest syrop Lean?<\/a> przewodnik<\/p>\n<\/blockquote>\n\n\n\n<h3 class=\"wp-block-heading\">Czy syrop Lean jest legalny?<\/h3>\n\n\n\n<p>Tak! Wszystkie nasze preparaty s\u0105 zgodne z mi\u0119dzynarodowymi przepisami i nie zawieraj\u0105 substancji kontrolowanych. Zosta\u0142y zaprojektowane jako legalne alternatywy dla rekreacyjnej przyjemno\u015bci.<\/p>\n\n\n\n<h3 class=\"wp-block-heading\">Jakie s\u0105 sk\u0142adniki?<\/h3>\n\n\n\n<p>Nasze syropy zawieraj\u0105 najwy\u017cszej jako\u015bci \u015brodki aromatyzuj\u0105ce, naturalne ekstrakty i dodatki spo\u017cywcze. Nigdy nie dodajemy \u017cadnych lek\u00f3w farmaceutycznych ani niebezpiecznych chemikali\u00f3w.<\/p>\n\n\n\n<blockquote class=\"wp-block-quote is-layout-flow wp-block-quote-is-layout-flow\">\n<p>Zobacz nasz\u0105 pe\u0142n\u0105 ofert\u0119\u00a0<a href=\"https:\/\/onlineleansyrup.com\/pl\/syrop-dietetyczny-skladniki-co-jest-w-naszych-produktach\/\">Lista sk\u0142adnik\u00f3w<\/a><\/p>\n<\/blockquote>\n\n\n\n<hr class=\"wp-block-separator has-alpha-channel-opacity\"\/>\n\n\n\n<h2 class=\"wp-block-heading\">Zakupy i zam\u00f3wienia<\/h2>\n\n\n\n<h3 class=\"wp-block-heading\">Jak mog\u0119 kupi\u0107 od was syrop Lean?<\/h3>\n\n\n\n<p>Wystarczy odwiedzi\u0107 nasz\u0105 stron\u0119 g\u0142\u00f3wn\u0105 i przejrze\u0107 nasz\u0105 ofert\u0119. Dodaj wybrany produkt do koszyka, przejd\u017a do kasy i doko\u0144cz p\u0142atno\u015b\u0107. Dla Twojej wygody akceptujemy g\u0142\u00f3wne karty kredytowe i kryptowaluty.<\/p>\n\n\n\n<h3 class=\"wp-block-heading\">Czy wysy\u0142asz na ca\u0142y \u015bwiat?<\/h3>\n\n\n\n<p>Tak! Dostarczamy do ponad 20 kraj\u00f3w, w tym do USA, Wielkiej Brytanii, Kanady, Niemiec, Francji, Australii i nie tylko. Wszystkie przesy\u0142ki s\u0105 dyskretne i mo\u017cna je \u015bledzi\u0107.<\/p>\n\n\n\n<h3 class=\"wp-block-heading\">Jak d\u0142ugo trwa wysy\u0142ka?<\/h3>\n\n\n\n<p>Standardowa dostawa trwa od 3 do 7 dni roboczych w zale\u017cno\u015bci od lokalizacji. Opcje wysy\u0142ki ekspresowej s\u0105 dost\u0119pne przy kasie.<\/p>\n\n\n\n<h3 class=\"wp-block-heading\">Jakie metody p\u0142atno\u015bci s\u0105 akceptowane?<\/h3>\n\n\n\n<p>Akceptujemy:<\/p>\n\n\n\n<ul class=\"wp-block-list\">\n<li>Wiza<\/li>\n\n\n\n<li>Mastercard<\/li>\n\n\n\n<li>American Express<\/li>\n\n\n\n<li>Kryptowaluta (Bitcoin, Ethereum i inne monety)<\/li>\n\n\n\n<li>P\u0142atno\u015bci bankowe<\/li>\n<\/ul>\n\n\n\n<h3 class=\"wp-block-heading\">Czy moja p\u0142atno\u015b\u0107 jest bezpieczna?<\/h3>\n\n\n\n<p>Absolutnie. Wszystkie transakcje s\u0105 przetwarzane za po\u015brednictwem szyfrowanych bramek p\u0142atniczych, aby zapewni\u0107 ochron\u0119 informacji finansowych.<\/p>\n\n\n\n<hr class=\"wp-block-separator has-alpha-channel-opacity\"\/>\n\n\n\n<h2 class=\"wp-block-heading\">Bezpiecze\u0144stwo i u\u017cytkowanie<\/h2>\n\n\n\n<h3 class=\"wp-block-heading\">Czy s\u0105 jakie\u015b skutki uboczne?<\/h3>\n\n\n\n<p>Nasze produkty zosta\u0142y opracowane tak, aby by\u0142y bezpieczne, gdy s\u0105 stosowane zgodnie z zaleceniami. Jednak\u017ce, jak w przypadku ka\u017cdego produktu konsumpcyjnego, indywidualne reakcje mog\u0105 si\u0119 r\u00f3\u017cni\u0107.<\/p>\n\n\n\n<blockquote class=\"wp-block-quote is-layout-flow wp-block-quote-is-layout-flow\">\n<p>\u26a0\ufe0f Przeczytaj o potencjale\u00a0<a href=\"https:\/\/onlineleansyrup.com\/pl\/skutki-uboczne-syropu-lean\/\">Lean Syrup skutki uboczne<\/a><\/p>\n<\/blockquote>\n\n\n\n<h3 class=\"wp-block-heading\">Jakie jest zalecane dawkowanie?<\/h3>\n\n\n\n<p>Zacznij od niewielkiej ilo\u015bci (zwykle 10-15 ml), aby oceni\u0107 swoj\u0105 tolerancj\u0119. Nigdy nie przekraczaj zalecanej wielko\u015bci porcji wskazanej na butelce.<\/p>\n\n\n\n<h3 class=\"wp-block-heading\">Czy mog\u0119 miesza\u0107 to z alkoholem?<\/h3>\n\n\n\n<p>Zdecydowanie odradzamy \u0142\u0105czenie naszych produkt\u00f3w z alkoholem lub innymi substancjami. Dla w\u0142asnego bezpiecze\u0144stwa nale\u017cy spo\u017cywa\u0107 je w spos\u00f3b odpowiedzialny i unika\u0107 \u0142\u0105czenia ich z innymi substancjami odurzaj\u0105cymi.<\/p>\n\n\n\n<h3 class=\"wp-block-heading\">Czy jest bezpieczny dla ka\u017cdego?<\/h3>\n\n\n\n<p>Te produkty s\u0105 przeznaczone dla os\u00f3b doros\u0142ych w wieku powy\u017cej 18 lat. Osoby w ci\u0105\u017cy lub karmi\u0105ce piersi\u0105 powinny przed u\u017cyciem skonsultowa\u0107 si\u0119 z lekarzem.<\/p>\n\n\n\n<hr class=\"wp-block-separator has-alpha-channel-opacity\"\/>\n\n\n\n<h2 class=\"wp-block-heading\">Wysy\u0142ka i zwroty<\/h2>\n\n\n\n<h3 class=\"wp-block-heading\">Jak dyskretne jest opakowanie?<\/h3>\n\n\n\n<p>Bardzo dyskretnie. Wszystkie paczki s\u0105 dostarczane w zwyk\u0142ych, nieoznakowanych pude\u0142kach z og\u00f3lnymi adresami zwrotnymi w celu ochrony prywatno\u015bci.<\/p>\n\n\n\n<h3 class=\"wp-block-heading\">Co zrobi\u0107 w przypadku zagubienia lub uszkodzenia paczki?<\/h3>\n\n\n\n<p>Skontaktuj si\u0119 z nami natychmiast pod adresem&nbsp;<a href=\"mailto:leansyrupshop@proton.me\" rel=\"noreferrer noopener\" target=\"_blank\">leansyrupshop@proton.me<\/a>&nbsp;wraz z numerem zam\u00f3wienia. Zbadamy spraw\u0119 i niezw\u0142ocznie j\u0105 rozwi\u0105\u017cemy poprzez ponown\u0105 wysy\u0142k\u0119 lub zwrot pieni\u0119dzy.<\/p>\n\n\n\n<h3 class=\"wp-block-heading\">Czy mog\u0119 zwr\u00f3ci\u0107 moje zam\u00f3wienie?<\/h3>\n\n\n\n<p>Tak, oferujemy 30-dniow\u0105 gwarancj\u0119 satysfakcji na nieotwarte produkty. Skontaktuj si\u0119 z nami, aby uzyska\u0107 autoryzacj\u0119 zwrotu.<\/p>\n\n\n\n<h3 class=\"wp-block-heading\">Czy oferujecie zwrot pieni\u0119dzy?<\/h3>\n\n\n\n<p>Pe\u0142ne zwroty koszt\u00f3w s\u0105 dost\u0119pne w przypadku uszkodzonych, wadliwych lub nieprawid\u0142owych produkt\u00f3w. Zadowolenie klienta jest naszym priorytetem.<\/p>\n\n\n\n<hr class=\"wp-block-separator has-alpha-channel-opacity\"\/>\n\n\n\n<h2 class=\"wp-block-heading\">Pytania techniczne<\/h2>\n\n\n\n<h3 class=\"wp-block-heading\">Jak nale\u017cy przechowywa\u0107 produkt?<\/h3>\n\n\n\n<p>Przechowywa\u0107 w ch\u0142odnym, suchym miejscu z dala od bezpo\u015bredniego \u015bwiat\u0142a s\u0142onecznego. Przechowywa\u0107 butelk\u0119 szczelnie zamkni\u0119t\u0105, gdy nie jest u\u017cywana.<\/p>\n\n\n\n<h3 class=\"wp-block-heading\">Jaki jest okres trwa\u0142o\u015bci?<\/h3>\n\n\n\n<p>Okres przechowywania naszych produkt\u00f3w wynosi 18 miesi\u0119cy od daty produkcji. Daty wa\u017cno\u015bci s\u0105 wyra\u017anie oznaczone na ka\u017cdej butelce.<\/p>\n\n\n\n<h3 class=\"wp-block-heading\">Czy b\u0119dzie to widoczne na te\u015bcie narkotykowym?<\/h3>\n\n\n\n<p>Nasze legalne alternatywy nie zawieraj\u0105 substancji kontrolowanych i nie powoduj\u0105 pozytywnych wynik\u00f3w standardowych test\u00f3w narkotykowych.<\/p>\n\n\n\n<hr class=\"wp-block-separator has-alpha-channel-opacity\"\/>\n\n\n\n<h2 class=\"wp-block-heading\">Nadal masz pytania?<\/h2>\n\n\n\n<h3 class=\"wp-block-heading\">Skontaktuj si\u0119 z naszym zespo\u0142em wsparcia<\/h3>\n\n\n\n<p>Je\u015bli nie mo\u017cesz znale\u017a\u0107 odpowiedzi, kt\u00f3rej szukasz, jeste\u015bmy tutaj, aby pom\u00f3c:<\/p>\n\n\n\n<p>E-mail:\u00a0<a href=\"mailto:leansyrupshop@proton.me\" target=\"_blank\" rel=\"noreferrer noopener\">leansyrupshop@proton.me<\/a><br>Czas reakcji: w ci\u0105gu 24 godzin, <a href=\"https:\/\/onlineleansyrup.com\/pl\/kontakt\/\">skontaktuj si\u0119 z nami<\/a> dzisiaj. <\/p>","protected":false},"excerpt":{"rendered":"<p>Welcome to our comprehensive FAQ section! Whether you&#8217;re new to Lean or a regular user, you&#8217;ll find answers to the [&hellip;]<\/p>\n","protected":false},"author":1,"featured_media":0,"parent":0,"menu_order":0,"comment_status":"closed","ping_status":"closed","template":"","meta":{"site-sidebar-layout":"default","site-content-layout":"","ast-site-content-layout":"default","site-content-style":"default","site-sidebar-style":"default","ast-global-header-display":"","ast-banner-title-visibility":"","ast-main-header-display":"","ast-hfb-above-header-display":"","ast-hfb-below-header-display":"","ast-hfb-mobile-header-display":"","site-post-title":"","ast-breadcrumbs-content":"","ast-featured-img":"","footer-sml-layout":"","ast-disable-related-posts":"","theme-transparent-header-meta":"","adv-header-id-meta":"","stick-header-meta":"","header-above-stick-meta":"","header-main-stick-meta":"","header-below-stick-meta":"","astra-migrate-meta-layouts":"default","ast-page-background-enabled":"default","ast-page-background-meta":{"desktop":{"background-color":"var(--ast-global-color-5)","background-image":"","background-repeat":"repeat","background-position":"center center","background-size":"auto","background-attachment":"scroll","background-type":"","background-media":"","overlay-type":"","overlay-color":"","overlay-opacity":"","overlay-gradient":""},"tablet":{"background-color":"","background-image":"","background-repeat":"repeat","background-position":"center center","background-size":"auto","background-attachment":"scroll","background-type":"","background-media":"","overlay-type":"","overlay-color":"","overlay-opacity":"","overlay-gradient":""},"mobile":{"background-color":"","background-image":"","background-repeat":"repeat","background-position":"center center","background-size":"auto","background-attachment":"scroll","background-type":"","background-media":"","overlay-type":"","overlay-color":"","overlay-opacity":"","overlay-gradient":""}},"ast-content-background-meta":{"desktop":{"background-color":"var(--ast-global-color-4)","background-image":"","background-repeat":"repeat","background-position":"center center","background-size":"auto","background-attachment":"scroll","background-type":"","background-media":"","overlay-type":"","overlay-color":"","overlay-opacity":"","overlay-gradient":""},"tablet":{"background-color":"var(--ast-global-color-4)","background-image":"","background-repeat":"repeat","background-position":"center center","background-size":"auto","background-attachment":"scroll","background-type":"","background-media":"","overlay-type":"","overlay-color":"","overlay-opacity":"","overlay-gradient":""},"mobile":{"background-color":"var(--ast-global-color-4)","background-image":"","background-repeat":"repeat","background-position":"center center","background-size":"auto","background-attachment":"scroll","background-type":"","background-media":"","overlay-type":"","overlay-color":"","overlay-opacity":"","overlay-gradient":""}},"footnotes":""},"class_list":["post-24","page","type-page","status-publish","hentry"],"yoast_head":"<!-- This site is optimized with the Yoast SEO plugin v27.1.1 - https:\/\/yoast.com\/product\/yoast-seo-wordpress\/ -->\n<title>Frequently Asked Questions About Lean Syrup - Buy Lean Syrup | Premium Legal Lean Alternatives Worldwide<\/title>\n<meta name=\"robots\" content=\"index, follow, max-snippet:-1, max-image-preview:large, max-video-preview:-1\" \/>\n<link rel=\"canonical\" href=\"https:\/\/onlineleansyrup.com\/pl\/czesto-zadawane-pytania\/\" \/>\n<meta property=\"og:locale\" content=\"pl_PL\" \/>\n<meta property=\"og:type\" content=\"article\" \/>\n<meta property=\"og:title\" content=\"Frequently Asked Questions About Lean Syrup - Buy Lean Syrup | Premium Legal Lean Alternatives Worldwide\" \/>\n<meta property=\"og:description\" content=\"Welcome to our comprehensive FAQ section! Whether you&#8217;re new to Lean or a regular user, you&#8217;ll find answers to the [&hellip;]\" \/>\n<meta property=\"og:url\" content=\"https:\/\/onlineleansyrup.com\/pl\/czesto-zadawane-pytania\/\" \/>\n<meta property=\"og:site_name\" content=\"Buy Lean Syrup | Premium Legal Lean Alternatives Worldwide\" \/>\n<meta property=\"article:modified_time\" content=\"2026-03-14T19:16:38+00:00\" \/>\n<meta name=\"twitter:card\" content=\"summary_large_image\" \/>\n<meta name=\"twitter:label1\" content=\"Szacowany czas czytania\" \/>\n\t<meta name=\"twitter:data1\" content=\"3 minuty\" \/>\n<script type=\"application\/ld+json\" class=\"yoast-schema-graph\">{\"@context\":\"https:\/\/schema.org\",\"@graph\":[{\"@type\":\"WebPage\",\"@id\":\"https:\/\/onlineleansyrup.com\/frequently-asked-questions\/\",\"url\":\"https:\/\/onlineleansyrup.com\/frequently-asked-questions\/\",\"name\":\"Frequently Asked Questions About Lean Syrup - Buy Lean Syrup | Premium Legal Lean Alternatives Worldwide\",\"isPartOf\":{\"@id\":\"https:\/\/onlineleansyrup.com\/#website\"},\"datePublished\":\"2026-03-14T17:06:11+00:00\",\"dateModified\":\"2026-03-14T19:16:38+00:00\",\"breadcrumb\":{\"@id\":\"https:\/\/onlineleansyrup.com\/frequently-asked-questions\/#breadcrumb\"},\"inLanguage\":\"pl-PL\",\"potentialAction\":[{\"@type\":\"ReadAction\",\"target\":[\"https:\/\/onlineleansyrup.com\/frequently-asked-questions\/\"]}]},{\"@type\":\"BreadcrumbList\",\"@id\":\"https:\/\/onlineleansyrup.com\/frequently-asked-questions\/#breadcrumb\",\"itemListElement\":[{\"@type\":\"ListItem\",\"position\":1,\"name\":\"Home\",\"item\":\"https:\/\/onlineleansyrup.com\/\"},{\"@type\":\"ListItem\",\"position\":2,\"name\":\"Frequently Asked Questions About Lean Syrup\"}]},{\"@type\":\"WebSite\",\"@id\":\"https:\/\/onlineleansyrup.com\/#website\",\"url\":\"https:\/\/onlineleansyrup.com\/\",\"name\":\"Buy Lean Syrup | Premium Legal Lean Alternatives Worldwide\",\"description\":\"Safe, Discreet Shipping to 20+ Countries | Lab-Tested Lean Syrup\",\"potentialAction\":[{\"@type\":\"SearchAction\",\"target\":{\"@type\":\"EntryPoint\",\"urlTemplate\":\"https:\/\/onlineleansyrup.com\/?s={search_term_string}\"},\"query-input\":{\"@type\":\"PropertyValueSpecification\",\"valueRequired\":true,\"valueName\":\"search_term_string\"}}],\"inLanguage\":\"pl-PL\"}]}<\/script>\n<!-- \/ Yoast SEO plugin. -->","yoast_head_json":{"title":"Cz\u0119sto zadawane pytania na temat Lean Syrup - Kup Lean Syrup | Legalne alternatywy Lean Premium na ca\u0142ym \u015bwiecie","robots":{"index":"index","follow":"follow","max-snippet":"max-snippet:-1","max-image-preview":"max-image-preview:large","max-video-preview":"max-video-preview:-1"},"canonical":"https:\/\/onlineleansyrup.com\/pl\/czesto-zadawane-pytania\/","og_locale":"pl_PL","og_type":"article","og_title":"Frequently Asked Questions About Lean Syrup - Buy Lean Syrup | Premium Legal Lean Alternatives Worldwide","og_description":"Welcome to our comprehensive FAQ section! Whether you&#8217;re new to Lean or a regular user, you&#8217;ll find answers to the [&hellip;]","og_url":"https:\/\/onlineleansyrup.com\/pl\/czesto-zadawane-pytania\/","og_site_name":"Buy Lean Syrup | Premium Legal Lean Alternatives Worldwide","article_modified_time":"2026-03-14T19:16:38+00:00","twitter_card":"summary_large_image","twitter_misc":{"Szacowany czas czytania":"3 minuty"},"schema":{"@context":"https:\/\/schema.org","@graph":[{"@type":"WebPage","@id":"https:\/\/onlineleansyrup.com\/frequently-asked-questions\/","url":"https:\/\/onlineleansyrup.com\/frequently-asked-questions\/","name":"Cz\u0119sto zadawane pytania na temat Lean Syrup - Kup Lean Syrup | Legalne alternatywy Lean Premium na ca\u0142ym \u015bwiecie","isPartOf":{"@id":"https:\/\/onlineleansyrup.com\/#website"},"datePublished":"2026-03-14T17:06:11+00:00","dateModified":"2026-03-14T19:16:38+00:00","breadcrumb":{"@id":"https:\/\/onlineleansyrup.com\/frequently-asked-questions\/#breadcrumb"},"inLanguage":"pl-PL","potentialAction":[{"@type":"ReadAction","target":["https:\/\/onlineleansyrup.com\/frequently-asked-questions\/"]}]},{"@type":"BreadcrumbList","@id":"https:\/\/onlineleansyrup.com\/frequently-asked-questions\/#breadcrumb","itemListElement":[{"@type":"ListItem","position":1,"name":"Home","item":"https:\/\/onlineleansyrup.com\/"},{"@type":"ListItem","position":2,"name":"Frequently Asked Questions About Lean Syrup"}]},{"@type":"WebSite","@id":"https:\/\/onlineleansyrup.com\/#website","url":"https:\/\/onlineleansyrup.com\/","name":"Kup Lean Syrup | Legalne alternatywy Lean Premium na ca\u0142ym \u015bwiecie","description":"Bezpieczna, dyskretna wysy\u0142ka do ponad 20 kraj\u00f3w | Chudy syrop testowany laboratoryjnie","potentialAction":[{"@type":"SearchAction","target":{"@type":"EntryPoint","urlTemplate":"https:\/\/onlineleansyrup.com\/?s={search_term_string}"},"query-input":{"@type":"PropertyValueSpecification","valueRequired":true,"valueName":"search_term_string"}}],"inLanguage":"pl-PL"}]}},"_links":{"self":[{"href":"https:\/\/onlineleansyrup.com\/pl\/wp-json\/wp\/v2\/pages\/24","targetHints":{"allow":["GET"]}}],"collection":[{"href":"https:\/\/onlineleansyrup.com\/pl\/wp-json\/wp\/v2\/pages"}],"about":[{"href":"https:\/\/onlineleansyrup.com\/pl\/wp-json\/wp\/v2\/types\/page"}],"author":[{"embeddable":true,"href":"https:\/\/onlineleansyrup.com\/pl\/wp-json\/wp\/v2\/users\/1"}],"replies":[{"embeddable":true,"href":"https:\/\/onlineleansyrup.com\/pl\/wp-json\/wp\/v2\/comments?post=24"}],"version-history":[{"count":3,"href":"https:\/\/onlineleansyrup.com\/pl\/wp-json\/wp\/v2\/pages\/24\/revisions"}],"predecessor-version":[{"id":46,"href":"https:\/\/onlineleansyrup.com\/pl\/wp-json\/wp\/v2\/pages\/24\/revisions\/46"}],"wp:attachment":[{"href":"https:\/\/onlineleansyrup.com\/pl\/wp-json\/wp\/v2\/media?parent=24"}],"curies":[{"name":"wp","href":"https:\/\/api.w.org\/{rel}","templated":true}]}}