{"id":16,"date":"2026-03-14T16:56:40","date_gmt":"2026-03-14T16:56:40","guid":{"rendered":"https:\/\/onlineleansyrup.com\/?page_id=16"},"modified":"2026-03-14T19:14:25","modified_gmt":"2026-03-14T19:14:25","slug":"kontakt","status":"publish","type":"page","link":"https:\/\/onlineleansyrup.com\/sk\/contact\/","title":{"rendered":"Kontakt"},"content":{"rendered":"<h1 class=\"wp-block-heading\">Kontaktujte n\u00e1s - Lean Syrup Shop<\/h1>\n\n\n\n<p>M\u00e1te ot\u00e1zky t\u00fdkaj\u00face sa na\u0161ich produktov, dopravy alebo procesu objedn\u00e1vania? Sme tu, aby sme v\u00e1m pomohli! Kontaktujte n\u00e1s ktor\u00fdmko\u013evek z ni\u017e\u0161ie uveden\u00fdch sp\u00f4sobov a my v\u00e1m odpovieme do 24 hod\u00edn.<\/p>\n\n\n\n<hr class=\"wp-block-separator has-alpha-channel-opacity\"\/>\n\n\n\n<h2 class=\"wp-block-heading\">Kontaktujte n\u00e1s<\/h2>\n\n\n\n<p>\u010ci u\u017e si chcete k\u00fapi\u0165 sirup Lean prv\u00fdkr\u00e1t, alebo m\u00e1te ot\u00e1zky o na\u0161ich existuj\u00facich produktoch, n\u00e1\u0161 t\u00edm je pripraven\u00fd v\u00e1m pom\u00f4c\u0165. V\u00e1\u017eime si va\u0161u sp\u00e4tn\u00fa v\u00e4zbu a sme odhodlan\u00ed poskytova\u0165 vynikaj\u00face slu\u017eby z\u00e1kazn\u00edkom.<\/p>\n\n\n\n<h3 class=\"wp-block-heading\">E-mailov\u00e1 podpora<\/h3>\n\n\n\n<p>V\u0161eobecn\u00e9 ot\u00e1zky, ot\u00e1zky k objedn\u00e1vke alebo inform\u00e1cie o produkte: \ud83d\udce7&nbsp;<a href=\"mailto:leansyrupshop@proton.me\" rel=\"noreferrer noopener\" target=\"_blank\">leansyrupshop@proton.me<\/a><\/p>\n\n\n\n<h3 class=\"wp-block-heading\">\u010cas odozvy<\/h3>\n\n\n\n<p>Na v\u0161etky e-maily zvy\u010dajne odpoved\u00e1me do 12 a\u017e 24 hod\u00edn po\u010das pracovn\u00fdch dn\u00ed.<\/p>\n\n\n\n<h3 class=\"wp-block-heading\">Obchodn\u00e9 ot\u00e1zky<\/h3>\n\n\n\n<p>M\u00e1te z\u00e1ujem o ve\u013ekoobchodn\u00e9 partnerstv\u00e1 alebo spolupr\u00e1cu? \ud83d\udce7&nbsp;<a href=\"mailto:leansyrupshop@proton.me\" rel=\"noreferrer noopener\" target=\"_blank\">leansyrupshop@proton.me<\/a>&nbsp;(Vec: Obchodn\u00fd dotaz)<\/p>\n\n\n\n<hr class=\"wp-block-separator has-alpha-channel-opacity\"\/>\n\n\n\n<h2 class=\"wp-block-heading\">\u010casto kladen\u00e9 ot\u00e1zky<\/h2>\n\n\n\n<p>Predt\u00fdm, ako sa na n\u00e1s obr\u00e1ti, m\u00f4\u017eete n\u00e1js\u0165 odpovede na svoje ot\u00e1zky v na\u0161ej rozsiahlej sekcii \u010dasto kladen\u00fdch ot\u00e1zok:<\/p>\n\n\n\n<blockquote class=\"wp-block-quote is-layout-flow wp-block-quote-is-layout-flow\">\n<p>\ud83d\udcda Pozrite si n\u00e1\u0161\u00a0<a href=\"https:\/\/onlineleansyrup.com\/sk\/casto-kladene-otazky\/\">\u010casto kladen\u00e9 ot\u00e1zky<\/a> str\u00e1nku pre okam\u017eit\u00e9 odpovede<\/p>\n<\/blockquote>\n\n\n\n<hr class=\"wp-block-separator has-alpha-channel-opacity\"\/>\n\n\n\n<h2 class=\"wp-block-heading\">Inform\u00e1cie o preprave<\/h2>\n\n\n\n<h3 class=\"wp-block-heading\">Celosvetov\u00e9 doru\u010denie<\/h3>\n\n\n\n<p>Dod\u00e1vame do viac ako 20 kraj\u00edn vr\u00e1tane:<\/p>\n\n\n\n<ul class=\"wp-block-list\">\n<li>Spojen\u00e9 \u0161t\u00e1ty americk\u00e9<\/li>\n\n\n\n<li>Spojen\u00e9 kr\u00e1\u013eovstvo<\/li>\n\n\n\n<li>Kanada<\/li>\n\n\n\n<li>Nemecko<\/li>\n\n\n\n<li>Franc\u00fazsko<\/li>\n\n\n\n<li>Holandsko<\/li>\n\n\n\n<li>Austr\u00e1lia<\/li>\n\n\n\n<li>Nov\u00fd Z\u00e9land<\/li>\n\n\n\n<li>A viac...<\/li>\n<\/ul>\n\n\n\n<h3 class=\"wp-block-heading\">\u010cas dodania<\/h3>\n\n\n\n<ul class=\"wp-block-list\">\n<li>\u0160tandardn\u00e1 doprava: 3-7 pracovn\u00fdch dn\u00ed<\/li>\n\n\n\n<li>Expresn\u00e9 mo\u017enosti dostupn\u00e9 pri pokladni<\/li>\n<\/ul>\n\n\n\n<h3 class=\"wp-block-heading\">Diskr\u00e9tne balenie<\/h3>\n\n\n\n<p>V\u0161etky objedn\u00e1vky sa odosielaj\u00fa v oby\u010dajn\u00fdch, neozna\u010den\u00fdch obaloch, aby sa chr\u00e1nilo va\u0161e s\u00fakromie.<\/p>\n\n\n\n<hr class=\"wp-block-separator has-alpha-channel-opacity\"\/>\n\n\n\n<h2 class=\"wp-block-heading\">Ot\u00e1zky t\u00fdkaj\u00face sa produktu<\/h2>\n\n\n\n<h3 class=\"wp-block-heading\">\u010co obsahuje n\u00e1\u0161 chud\u00fd sirup?<\/h3>\n\n\n\n<p>Na\u0161e pr\u00edpravky obsahuj\u00fa prvotriedne zlo\u017eky, ktor\u00e9 s\u00fa navrhnut\u00e9 tak, aby bezpe\u010dne kop\u00edrovali tradi\u010dn\u00fd z\u00e1\u017eitok zo \u0161t\u00edhlej ko\u017ee.<\/p>\n\n\n\n<blockquote class=\"wp-block-quote is-layout-flow wp-block-quote-is-layout-flow\">\n<p>\ud83d\udd2c Pozrite si n\u00e1\u0161 kompletn\u00fd\u00a0<a href=\"https:\/\/onlineleansyrup.com\/sk\/chudy-sirup-prisady-co-je-vo-vnutri-nasich-vyrobkov\/\">Zoznam zlo\u017eiek<\/a><\/p>\n<\/blockquote>\n\n\n\n<h3 class=\"wp-block-heading\">Je to leg\u00e1lne?<\/h3>\n\n\n\n<p>\u00c1no! Na\u0161e produkty s\u00fa leg\u00e1lne alternat\u00edvy, ktor\u00e9 neobsahuj\u00fa kontrolovan\u00e9 l\u00e1tky.<\/p>\n\n\n\n<hr class=\"wp-block-separator has-alpha-channel-opacity\"\/>\n\n\n\n<h2 class=\"wp-block-heading\">Podpora objedn\u00e1vok<\/h2>\n\n\n\n<h3 class=\"wp-block-heading\">Sledovanie objedn\u00e1vky<\/h3>\n\n\n\n<p>Po odoslan\u00ed objedn\u00e1vky dostanete e-mailom inform\u00e1cie o sledovan\u00ed z\u00e1sielky.<\/p>\n\n\n\n<h3 class=\"wp-block-heading\">Zmeny alebo zru\u0161enie objedn\u00e1vky<\/h3>\n\n\n\n<p>Potrebujete upravi\u0165 svoju objedn\u00e1vku? Okam\u017eite n\u00e1s kontaktujte na: \ud83d\udce7&nbsp;<a href=\"mailto:leansyrupshop@proton.me\" rel=\"noreferrer noopener\" target=\"_blank\">leansyrupshop@proton.me<\/a><\/p>\n\n\n\n<h3 class=\"wp-block-heading\">Vr\u00e1tenie tovaru a n\u00e1hrady<\/h3>\n\n\n\n<p>Na v\u0161etky neotvoren\u00e9 v\u00fdrobky poskytujeme 30-d\u0148ov\u00fa z\u00e1ruku spokojnosti.<\/p>\n\n\n\n<hr class=\"wp-block-separator has-alpha-channel-opacity\"\/>\n\n\n\n<h2 class=\"wp-block-heading\">Spojte sa s nami<\/h2>\n\n\n\n<p>Z\u00edskajte aktu\u00e1lne inform\u00e1cie o nov\u00fdch produktoch, \u0161peci\u00e1lnych ponuk\u00e1ch a d\u00f4le\u017eit\u00fdch ozn\u00e1meniach:<\/p>\n\n\n\n<h3 class=\"wp-block-heading\">Soci\u00e1lne m\u00e9di\u00e1<\/h3>\n\n\n\n<p>Sledujte n\u00e1s, aby ste z\u00edskali najnov\u0161ie aktualiz\u00e1cie a komunitn\u00e9 diskusie.<\/p>\n\n\n\n<h3 class=\"wp-block-heading\">Prihl\u00e1senie k odberu noviniek<\/h3>\n\n\n\n<p>Prihl\u00e1ste sa do n\u00e1\u0161ho mailingov\u00e9ho zoznamu, kde z\u00edskate exkluz\u00edvne z\u013eavy a inform\u00e1cie o nov\u00fdch produktoch.<\/p>\n\n\n\n<hr class=\"wp-block-separator has-alpha-channel-opacity\"\/>\n\n\n\n<h2 class=\"wp-block-heading\">\u00daradn\u00e9 hodiny<\/h2>\n\n\n\n<h3 class=\"wp-block-heading\">Dostupnos\u0165 slu\u017eieb z\u00e1kazn\u00edkom<\/h3>\n\n\n\n<ul class=\"wp-block-list\">\n<li>24 hod\u00edn denne, 365 dn\u00ed v roku.<\/li>\n<\/ul>\n\n\n\n<p><em>Upozornenie: Odpovede m\u00f4\u017eu po\u010das v\u00edkendov a sviatkov trva\u0165 dlh\u0161ie.<\/em><\/p>\n\n\n\n<hr class=\"wp-block-separator has-alpha-channel-opacity\"\/>\n\n\n\n<h2 class=\"wp-block-heading\">Bezpe\u010dnos\u0165 a ochrana osobn\u00fdch \u00fadajov<\/h2>\n\n\n\n<p>Va\u0161e s\u00fakromie je na\u0161ou prioritou. V\u0161etka komunik\u00e1cia je \u0161ifrovan\u00e1 a va\u0161e \u00fadaje nikdy neposkytujeme tret\u00edm stran\u00e1m.<\/p>\n\n\n\n<hr class=\"wp-block-separator has-alpha-channel-opacity\"\/>\n\n\n\n<h2 class=\"wp-block-heading\">Potrebujete okam\u017eit\u00fa pomoc?<\/h2>\n\n\n\n<p>Prezrite si na\u0161e zdroje pomoci:<\/p>\n\n\n\n<ul class=\"wp-block-list\">\n<li><a href=\"https:\/\/onlineleansyrup.com\/sk\/casto-kladene-otazky\/\">Sekcia \u010dasto kladen\u00fdch ot\u00e1zok<\/a><\/li>\n<\/ul>\n\n\n\n<hr class=\"wp-block-separator has-alpha-channel-opacity\"\/>\n\n\n\n<h3 class=\"wp-block-heading\">Po\u0161lite n\u00e1m spr\u00e1vu<\/h3>\n\n\n\n<p>Nem\u00f4\u017eete n\u00e1js\u0165, \u010do h\u013ead\u00e1te? Po\u0161lite n\u00e1m priamu spr\u00e1vu:<\/p>\n\n\n\n<p>E-mail:&nbsp;<a href=\"mailto:leansyrupshop@proton.me\" rel=\"noreferrer noopener\" target=\"_blank\">leansyrupshop@proton.me<\/a><\/p>\n\n\n\n<p>Sme odhodlan\u00ed poskytova\u0165 v\u00e1m tie najlep\u0161ie slu\u017eby a najkvalitnej\u0161ie v\u00fdrobky, ke\u010f si u n\u00e1s k\u00fapite sirup Lean.<\/p>","protected":false},"excerpt":{"rendered":"<p>Contact Us &#8211; Lean Syrup Shop Have questions about our products, shipping, or ordering process? We&#8217;re here to help! Get [&hellip;]<\/p>\n","protected":false},"author":1,"featured_media":0,"parent":0,"menu_order":0,"comment_status":"closed","ping_status":"closed","template":"","meta":{"site-sidebar-layout":"default","site-content-layout":"","ast-site-content-layout":"default","site-content-style":"default","site-sidebar-style":"default","ast-global-header-display":"","ast-banner-title-visibility":"","ast-main-header-display":"","ast-hfb-above-header-display":"","ast-hfb-below-header-display":"","ast-hfb-mobile-header-display":"","site-post-title":"","ast-breadcrumbs-content":"","ast-featured-img":"","footer-sml-layout":"","ast-disable-related-posts":"","theme-transparent-header-meta":"","adv-header-id-meta":"","stick-header-meta":"","header-above-stick-meta":"","header-main-stick-meta":"","header-below-stick-meta":"","astra-migrate-meta-layouts":"default","ast-page-background-enabled":"default","ast-page-background-meta":{"desktop":{"background-color":"var(--ast-global-color-5)","background-image":"","background-repeat":"repeat","background-position":"center center","background-size":"auto","background-attachment":"scroll","background-type":"","background-media":"","overlay-type":"","overlay-color":"","overlay-opacity":"","overlay-gradient":""},"tablet":{"background-color":"","background-image":"","background-repeat":"repeat","background-position":"center center","background-size":"auto","background-attachment":"scroll","background-type":"","background-media":"","overlay-type":"","overlay-color":"","overlay-opacity":"","overlay-gradient":""},"mobile":{"background-color":"","background-image":"","background-repeat":"repeat","background-position":"center center","background-size":"auto","background-attachment":"scroll","background-type":"","background-media":"","overlay-type":"","overlay-color":"","overlay-opacity":"","overlay-gradient":""}},"ast-content-background-meta":{"desktop":{"background-color":"var(--ast-global-color-4)","background-image":"","background-repeat":"repeat","background-position":"center center","background-size":"auto","background-attachment":"scroll","background-type":"","background-media":"","overlay-type":"","overlay-color":"","overlay-opacity":"","overlay-gradient":""},"tablet":{"background-color":"var(--ast-global-color-4)","background-image":"","background-repeat":"repeat","background-position":"center center","background-size":"auto","background-attachment":"scroll","background-type":"","background-media":"","overlay-type":"","overlay-color":"","overlay-opacity":"","overlay-gradient":""},"mobile":{"background-color":"var(--ast-global-color-4)","background-image":"","background-repeat":"repeat","background-position":"center center","background-size":"auto","background-attachment":"scroll","background-type":"","background-media":"","overlay-type":"","overlay-color":"","overlay-opacity":"","overlay-gradient":""}},"footnotes":""},"class_list":["post-16","page","type-page","status-publish","hentry"],"yoast_head":"<!-- This site is optimized with the Yoast SEO plugin v27.1.1 - https:\/\/yoast.com\/product\/yoast-seo-wordpress\/ -->\n<title>Contact - Buy Lean Syrup | Premium Legal Lean Alternatives Worldwide<\/title>\n<meta name=\"robots\" content=\"index, follow, max-snippet:-1, max-image-preview:large, max-video-preview:-1\" \/>\n<link rel=\"canonical\" href=\"https:\/\/onlineleansyrup.com\/sk\/kontakt\/\" \/>\n<meta property=\"og:locale\" content=\"sk_SK\" \/>\n<meta property=\"og:type\" content=\"article\" \/>\n<meta property=\"og:title\" content=\"Contact - Buy Lean Syrup | Premium Legal Lean Alternatives Worldwide\" \/>\n<meta property=\"og:description\" content=\"Contact Us &#8211; Lean Syrup Shop Have questions about our products, shipping, or ordering process? We&#8217;re here to help! Get [&hellip;]\" \/>\n<meta property=\"og:url\" content=\"https:\/\/onlineleansyrup.com\/sk\/kontakt\/\" \/>\n<meta property=\"og:site_name\" content=\"Buy Lean Syrup | Premium Legal Lean Alternatives Worldwide\" \/>\n<meta property=\"article:modified_time\" content=\"2026-03-14T19:14:25+00:00\" \/>\n<meta name=\"twitter:card\" content=\"summary_large_image\" \/>\n<script type=\"application\/ld+json\" class=\"yoast-schema-graph\">{\"@context\":\"https:\/\/schema.org\",\"@graph\":[{\"@type\":\"WebPage\",\"@id\":\"https:\/\/onlineleansyrup.com\/contact\/\",\"url\":\"https:\/\/onlineleansyrup.com\/contact\/\",\"name\":\"Contact - Buy Lean Syrup | Premium Legal Lean Alternatives Worldwide\",\"isPartOf\":{\"@id\":\"https:\/\/onlineleansyrup.com\/#website\"},\"datePublished\":\"2026-03-14T16:56:40+00:00\",\"dateModified\":\"2026-03-14T19:14:25+00:00\",\"breadcrumb\":{\"@id\":\"https:\/\/onlineleansyrup.com\/contact\/#breadcrumb\"},\"inLanguage\":\"sk-SK\",\"potentialAction\":[{\"@type\":\"ReadAction\",\"target\":[\"https:\/\/onlineleansyrup.com\/contact\/\"]}]},{\"@type\":\"BreadcrumbList\",\"@id\":\"https:\/\/onlineleansyrup.com\/contact\/#breadcrumb\",\"itemListElement\":[{\"@type\":\"ListItem\",\"position\":1,\"name\":\"Home\",\"item\":\"https:\/\/onlineleansyrup.com\/\"},{\"@type\":\"ListItem\",\"position\":2,\"name\":\"Contact\"}]},{\"@type\":\"WebSite\",\"@id\":\"https:\/\/onlineleansyrup.com\/#website\",\"url\":\"https:\/\/onlineleansyrup.com\/\",\"name\":\"Buy Lean Syrup | Premium Legal Lean Alternatives Worldwide\",\"description\":\"Safe, Discreet Shipping to 20+ Countries | Lab-Tested Lean Syrup\",\"potentialAction\":[{\"@type\":\"SearchAction\",\"target\":{\"@type\":\"EntryPoint\",\"urlTemplate\":\"https:\/\/onlineleansyrup.com\/?s={search_term_string}\"},\"query-input\":{\"@type\":\"PropertyValueSpecification\",\"valueRequired\":true,\"valueName\":\"search_term_string\"}}],\"inLanguage\":\"sk-SK\"}]}<\/script>\n<!-- \/ Yoast SEO plugin. -->","yoast_head_json":{"title":"Kontakt - K\u00fapi\u0165 Lean sirup | Pr\u00e9miov\u00e9 pr\u00e1vne Lean alternat\u00edvy po celom svete","robots":{"index":"index","follow":"follow","max-snippet":"max-snippet:-1","max-image-preview":"max-image-preview:large","max-video-preview":"max-video-preview:-1"},"canonical":"https:\/\/onlineleansyrup.com\/sk\/kontakt\/","og_locale":"sk_SK","og_type":"article","og_title":"Contact - Buy Lean Syrup | Premium Legal Lean Alternatives Worldwide","og_description":"Contact Us &#8211; Lean Syrup Shop Have questions about our products, shipping, or ordering process? We&#8217;re here to help! Get [&hellip;]","og_url":"https:\/\/onlineleansyrup.com\/sk\/kontakt\/","og_site_name":"Buy Lean Syrup | Premium Legal Lean Alternatives Worldwide","article_modified_time":"2026-03-14T19:14:25+00:00","twitter_card":"summary_large_image","schema":{"@context":"https:\/\/schema.org","@graph":[{"@type":"WebPage","@id":"https:\/\/onlineleansyrup.com\/contact\/","url":"https:\/\/onlineleansyrup.com\/contact\/","name":"Kontakt - K\u00fapi\u0165 Lean sirup | Pr\u00e9miov\u00e9 pr\u00e1vne Lean alternat\u00edvy po celom svete","isPartOf":{"@id":"https:\/\/onlineleansyrup.com\/#website"},"datePublished":"2026-03-14T16:56:40+00:00","dateModified":"2026-03-14T19:14:25+00:00","breadcrumb":{"@id":"https:\/\/onlineleansyrup.com\/contact\/#breadcrumb"},"inLanguage":"sk-SK","potentialAction":[{"@type":"ReadAction","target":["https:\/\/onlineleansyrup.com\/contact\/"]}]},{"@type":"BreadcrumbList","@id":"https:\/\/onlineleansyrup.com\/contact\/#breadcrumb","itemListElement":[{"@type":"ListItem","position":1,"name":"Home","item":"https:\/\/onlineleansyrup.com\/"},{"@type":"ListItem","position":2,"name":"Contact"}]},{"@type":"WebSite","@id":"https:\/\/onlineleansyrup.com\/#website","url":"https:\/\/onlineleansyrup.com\/","name":"K\u00fapi\u0165 Lean sirup | Pr\u00e9miov\u00e9 pr\u00e1vne Lean alternat\u00edvy po celom svete","description":"Bezpe\u010dn\u00e1 a diskr\u00e9tna preprava do viac ako 20 kraj\u00edn | Laborat\u00f3rne testovan\u00fd chud\u00fd sirup","potentialAction":[{"@type":"SearchAction","target":{"@type":"EntryPoint","urlTemplate":"https:\/\/onlineleansyrup.com\/?s={search_term_string}"},"query-input":{"@type":"PropertyValueSpecification","valueRequired":true,"valueName":"search_term_string"}}],"inLanguage":"sk-SK"}]}},"_links":{"self":[{"href":"https:\/\/onlineleansyrup.com\/sk\/wp-json\/wp\/v2\/pages\/16","targetHints":{"allow":["GET"]}}],"collection":[{"href":"https:\/\/onlineleansyrup.com\/sk\/wp-json\/wp\/v2\/pages"}],"about":[{"href":"https:\/\/onlineleansyrup.com\/sk\/wp-json\/wp\/v2\/types\/page"}],"author":[{"embeddable":true,"href":"https:\/\/onlineleansyrup.com\/sk\/wp-json\/wp\/v2\/users\/1"}],"replies":[{"embeddable":true,"href":"https:\/\/onlineleansyrup.com\/sk\/wp-json\/wp\/v2\/comments?post=16"}],"version-history":[{"count":4,"href":"https:\/\/onlineleansyrup.com\/sk\/wp-json\/wp\/v2\/pages\/16\/revisions"}],"predecessor-version":[{"id":45,"href":"https:\/\/onlineleansyrup.com\/sk\/wp-json\/wp\/v2\/pages\/16\/revisions\/45"}],"wp:attachment":[{"href":"https:\/\/onlineleansyrup.com\/sk\/wp-json\/wp\/v2\/media?parent=16"}],"curies":[{"name":"wp","href":"https:\/\/api.w.org\/{rel}","templated":true}]}}