{"id":31,"date":"2026-03-14T17:14:15","date_gmt":"2026-03-14T17:14:15","guid":{"rendered":"https:\/\/onlineleansyrup.com\/?page_id=31"},"modified":"2026-03-14T17:20:58","modified_gmt":"2026-03-14T17:20:58","slug":"chudy-sirup-vedlajsie-ucinky","status":"publish","type":"page","link":"https:\/\/onlineleansyrup.com\/sk\/lean-syrup-side-effects\/","title":{"rendered":"Chud\u00fd sirup Ved\u013eaj\u0161ie \u00fa\u010dinky"},"content":{"rendered":"<h1 class=\"wp-block-heading\">Ved\u013eaj\u0161ie \u00fa\u010dinky Lean Syrup - Bezpe\u010dnostn\u00e9 inform\u00e1cie, ktor\u00e9 potrebujete<\/h1>\n\n\n\n<p>Pochopenie potenci\u00e1lnych ved\u013eaj\u0161\u00edch \u00fa\u010dinkov je pri rozhodovan\u00ed o k\u00fape sirupu Lean ve\u013emi d\u00f4le\u017eit\u00e9. Hoci s\u00fa na\u0161e v\u00fdrobky navrhnut\u00e9 ako bezpe\u010dn\u00e9 a leg\u00e1lne alternat\u00edvy, informovanos\u0165 pom\u00e1ha zabezpe\u010di\u0165 zodpovedn\u00e9 u\u017e\u00edvanie.<\/p>\n\n\n\n<hr class=\"wp-block-separator has-alpha-channel-opacity\"\/>\n\n\n\n<h2 class=\"wp-block-heading\">N\u00e1\u0161 bezpe\u010dnostn\u00fd z\u00e1v\u00e4zok<\/h2>\n\n\n\n<p>Va\u0161e blaho je pre n\u00e1s prvorad\u00e9. Ka\u017ed\u00fd pr\u00edpravok prech\u00e1dza pr\u00edsnym testovan\u00edm, aby sa minimalizovali rizik\u00e1 a z\u00e1rove\u0148 maximalizoval p\u00f4\u017eitok. Na rozdiel od tradi\u010dn\u00fdch pr\u00edpravkov obsahuj\u00facich kontrolovan\u00e9 l\u00e1tky na\u0161e produkty eliminuj\u00fa mnoh\u00e9 v\u00e1\u017ene zdravotn\u00e9 probl\u00e9my.<\/p>\n\n\n\n<blockquote class=\"wp-block-quote is-layout-flow wp-block-quote-is-layout-flow\">\n<p>\ud83d\udd0d Zistite, \u010do obsahuj\u00fa na\u0161e v\u00fdrobky:\u00a0<a href=\"https:\/\/onlineleansyrup.com\/sk\/chudy-sirup-prisady-co-je-vo-vnutri-nasich-vyrobkov\/\">Zoznam zlo\u017eiek<\/a><\/p>\n<\/blockquote>\n\n\n\n<hr class=\"wp-block-separator has-alpha-channel-opacity\"\/>\n\n\n\n<h2 class=\"wp-block-heading\">Be\u017en\u00e9 mierne \u00fa\u010dinky<\/h2>\n\n\n\n<h3 class=\"wp-block-heading\">O\u010dak\u00e1van\u00e9 pocity<\/h3>\n\n\n\n<p>V\u00e4\u010d\u0161ina pou\u017e\u00edvate\u013eov poci\u0165uje jemn\u00e9 a pr\u00edjemn\u00e9 \u00fa\u010dinky:<\/p>\n\n\n\n<ul class=\"wp-block-list\">\n<li>Relax\u00e1cia: Mierna svalov\u00e1 relax\u00e1cia a zmiernenie stresu<\/li>\n\n\n\n<li>Zlep\u0161enie n\u00e1lady: Jemn\u00e9 zlep\u0161enie n\u00e1lady a spolo\u010denskosti<\/li>\n\n\n\n<li>Spokojnos\u0165 s chu\u0165ou: Sladk\u00e1, ovocn\u00e1 chu\u0165<\/li>\n\n\n\n<li>\u013dahk\u00e1 ospalos\u0165: Jemn\u00fd upokojuj\u00faci pocit<\/li>\n<\/ul>\n\n\n\n<p>Tieto \u00fa\u010dinky zvy\u010dajne trvaj\u00fa 2-4 hodiny a s\u00fa porovnate\u013en\u00e9 s pit\u00edm siln\u00e9ho bylinn\u00e9ho \u010daju.<\/p>\n\n\n\n<h3 class=\"wp-block-heading\">Individu\u00e1lne odch\u00fdlky<\/h3>\n\n\n\n<p>Odpovede sa m\u00f4\u017eu l\u00ed\u0161i\u0165 na z\u00e1klade:<\/p>\n\n\n\n<ul class=\"wp-block-list\">\n<li>Telesn\u00e1 hmotnos\u0165 a metabolizmus<\/li>\n\n\n\n<li>\u00darovne tolerancie<\/li>\n\n\n\n<li>Spotrebovan\u00e9 mno\u017estvo<\/li>\n\n\n\n<li>Osobn\u00e1 citlivos\u0165 na zlo\u017eky<\/li>\n<\/ul>\n\n\n\n<blockquote class=\"wp-block-quote is-layout-flow wp-block-quote-is-layout-flow\">\n<p>\ud83d\udcac Pozrite si odpovede na \u010dast\u00e9 ot\u00e1zky v na\u0161ej\u00a0<a href=\"https:\/\/onlineleansyrup.com\/sk\/casto-kladene-otazky\/\">\u010cASTO KLADEN\u00c9 OT\u00c1ZKY<\/a> <\/p>\n<\/blockquote>\n\n\n\n<hr class=\"wp-block-separator has-alpha-channel-opacity\"\/>\n\n\n\n<h2 class=\"wp-block-heading\">Mo\u017en\u00e9 ne\u017eiaduce reakcie<\/h2>\n\n\n\n<h3 class=\"wp-block-heading\">Alergick\u00e9 reakcie<\/h3>\n\n\n\n<p>Hoci je to zriedkav\u00e9, u niektor\u00fdch jedincov sa m\u00f4\u017ee vyskytn\u00fa\u0165:<\/p>\n\n\n\n<ul class=\"wp-block-list\">\n<li>Podr\u00e1\u017edenie poko\u017eky: Drobn\u00e9 vyr\u00e1\u017eky alebo svrbenie<\/li>\n\n\n\n<li>Tr\u00e1viace \u0165a\u017ekosti: Nevo\u013enos\u0165 alebo \u017eal\u00fado\u010dn\u00e9 \u0165a\u017ekosti<\/li>\n\n\n\n<li>Bolesti hlavy: Mierne tenzn\u00e9 bolesti hlavy<\/li>\n\n\n\n<li>Ospalos\u0165: Nadmern\u00e1 ospalos\u0165 u citliv\u00fdch jedincov<\/li>\n<\/ul>\n\n\n\n<h3 class=\"wp-block-heading\">\u00da\u010dinky nadmernej spotreby<\/h3>\n\n\n\n<p>U\u017e\u00edvanie pr\u00edli\u0161 ve\u013ek\u00e9ho mno\u017estva m\u00f4\u017ee sp\u00f4sobi\u0165:<\/p>\n\n\n\n<ul class=\"wp-block-list\">\n<li>Zv\u00fd\u0161en\u00e1 ospalos\u0165<\/li>\n\n\n\n<li>Mierna nevo\u013enos\u0165<\/li>\n\n\n\n<li>Nepresn\u00e1 re\u010d (do\u010dasn\u00e1)<\/li>\n\n\n\n<li>\u0164a\u017ekosti s koordin\u00e1ciou<\/li>\n\n\n\n<li>Dehydrat\u00e1cia<\/li>\n<\/ul>\n\n\n\n<blockquote class=\"wp-block-quote is-layout-flow wp-block-quote-is-layout-flow\">\n<p>\u26a0\ufe0f Nikdy neovl\u00e1dajte vozidl\u00e1 alebo stroje po konzum\u00e1cii<\/p>\n<\/blockquote>\n\n\n\n<hr class=\"wp-block-separator has-alpha-channel-opacity\"\/>\n\n\n\n<h2 class=\"wp-block-heading\">Kto by sa mal t\u00fdmto produktom vyhn\u00fa\u0165<\/h2>\n\n\n\n<h3 class=\"wp-block-heading\">Zdravotn\u00e9 stavy<\/h3>\n\n\n\n<p>Osoby s t\u00fdmito stavmi by sa mali poradi\u0165 s lek\u00e1rmi:<\/p>\n\n\n\n<ul class=\"wp-block-list\">\n<li>Probl\u00e9my so srdcom: Niektor\u00e9 zlo\u017eky m\u00f4\u017eu ovplyvni\u0165 srdcov\u00fa frekvenciu<\/li>\n\n\n\n<li>Ochorenie pe\u010dene alebo obli\u010diek: \u00davahy o metabolizme<\/li>\n\n\n\n<li>Cukrovka: Je potrebn\u00e9 monitorova\u0165 obsah cukru<\/li>\n\n\n\n<li>Respira\u010dn\u00e9 probl\u00e9my: D\u00fdchanie<\/li>\n\n\n\n<li>Du\u0161evn\u00e9 ochorenia: Odpor\u00fa\u010dan\u00e9 odborn\u00e9 poradenstvo<\/li>\n<\/ul>\n\n\n\n<h3 class=\"wp-block-heading\">Interakcie s liekmi<\/h3>\n\n\n\n<p>Potenci\u00e1lne interakcie sa m\u00f4\u017eu vyskytn\u00fa\u0165 s:<\/p>\n\n\n\n<ul class=\"wp-block-list\">\n<li>Lieky na riedenie krvi<\/li>\n\n\n\n<li>Sedat\u00edvne lieky<\/li>\n\n\n\n<li>Antidepres\u00edva<\/li>\n\n\n\n<li>Lieky na krvn\u00fd tlak<\/li>\n\n\n\n<li>Lie\u010dba proti \u00fazkosti<\/li>\n<\/ul>\n\n\n\n<p>Pri kombinovan\u00ed l\u00e1tok sa v\u017edy pora\u010fte s poskytovate\u013emi zdravotnej starostlivosti.<\/p>\n\n\n\n<hr class=\"wp-block-separator has-alpha-channel-opacity\"\/>\n\n\n\n<h2 class=\"wp-block-heading\">Prevencia a bezpe\u010dn\u00e9 pou\u017e\u00edvanie<\/h2>\n\n\n\n<h3 class=\"wp-block-heading\">Po\u010diato\u010dn\u00e9 d\u00e1vkovanie<\/h3>\n\n\n\n<p>Za\u010dnite s minim\u00e1lnym mno\u017estvom:<\/p>\n\n\n\n<ul class=\"wp-block-list\">\n<li>Prv\u00ed pou\u017e\u00edvatelia: Maxim\u00e1lne 5-10 ml<\/li>\n\n\n\n<li>Pravideln\u00ed pou\u017e\u00edvatelia: Dodr\u017eiavajte odpor\u00fa\u010dania na obale<\/li>\n\n\n\n<li>Citliv\u00e9 osoby: Polovi\u010dn\u00e9 odpor\u00fa\u010dan\u00e9 d\u00e1vky<\/li>\n\n\n\n<li>Vyh\u00fdbanie sa kombin\u00e1ci\u00e1m: Nemie\u0161ajte s alkoholom<\/li>\n<\/ul>\n\n\n\n<h3 class=\"wp-block-heading\">Pokyny pre hydrat\u00e1ciu<\/h3>\n\n\n\n<p>Udr\u017eujte spr\u00e1vny pr\u00edjem tekut\u00edn:<\/p>\n\n\n\n<ul class=\"wp-block-list\">\n<li>Pred a po konzum\u00e1cii vypite vodu<\/li>\n\n\n\n<li>Vyhnite sa nadbytku kofe\u00ednu<\/li>\n\n\n\n<li>Monitorovanie frekvencie mo\u010denia<\/li>\n\n\n\n<li>V pr\u00edpade potreby vyme\u0148te elektrolyty<\/li>\n<\/ul>\n\n\n\n<h3 class=\"wp-block-heading\">Environment\u00e1lna bezpe\u010dnos\u0165<\/h3>\n\n\n\n<p>Vytv\u00e1rajte bezpe\u010dn\u00e9 prostredie na konzum\u00e1ciu:<\/p>\n\n\n\n<ul class=\"wp-block-list\">\n<li>Zosta\u0148te sedie\u0165 alebo le\u017ea\u0165<\/li>\n\n\n\n<li>ma\u0165 k dispoz\u00edcii triezvy doh\u013ead<\/li>\n\n\n\n<li>Odstr\u00e1\u0148te ostr\u00e9 predmety alebo nebezpe\u010denstv\u00e1<\/li>\n\n\n\n<li>Zabezpe\u010denie pr\u00edjemnej teploty v miestnosti<\/li>\n<\/ul>\n\n\n\n<hr class=\"wp-block-separator has-alpha-channel-opacity\"\/>\n\n\n\n<h2 class=\"wp-block-heading\">Rozpoznanie z\u00e1va\u017en\u00fdch probl\u00e9mov<\/h2>\n\n\n\n<h3 class=\"wp-block-heading\">Kedy vyh\u013eada\u0165 lek\u00e1rsku pomoc<\/h3>\n\n\n\n<p>Okam\u017eit\u00e1 lek\u00e1rska pomoc je potrebn\u00e1 pre:<\/p>\n\n\n\n<ul class=\"wp-block-list\">\n<li>\u0164a\u017ekosti s d\u00fdchan\u00edm alebo preh\u013atan\u00edm<\/li>\n\n\n\n<li>Siln\u00e9 vracanie alebo hna\u010dka<\/li>\n\n\n\n<li>R\u00fdchly srdcov\u00fd tep alebo boles\u0165 na hrudn\u00edku<\/li>\n\n\n\n<li>Strata vedomia<\/li>\n\n\n\n<li>Pr\u00edznaky z\u00e1va\u017enej alergickej reakcie<\/li>\n<\/ul>\n\n\n\n<h3 class=\"wp-block-heading\">N\u00fadzov\u00e9 kontakty<\/h3>\n\n\n\n<ul class=\"wp-block-list\">\n<li>Pohotovostn\u00e9 slu\u017eby USA: 911<\/li>\n\n\n\n<li>Kontrola otr\u00e1v: 1-800-222-1222<\/li>\n\n\n\n<li>V\u0161eobecn\u00e9 lek\u00e1rske poradenstvo: Miestne \u010d\u00edsla ties\u0148ov\u00e9ho volania<\/li>\n<\/ul>\n\n\n\n<blockquote class=\"wp-block-quote is-layout-flow wp-block-quote-is-layout-flow\">\n<p>\ud83d\udcde <a href=\"https:\/\/onlineleansyrup.com\/sk\/kontakt\/\">Kontaktujte n\u00e1s<\/a> ak m\u00e1te podozrenie na probl\u00e9my s v\u00fdrobkom:\u00a0<a href=\"mailto:leansyrupshop@proton.me\" target=\"_blank\" rel=\"noreferrer noopener\">leansyrupshop@proton.me<\/a><\/p>\n<\/blockquote>\n\n\n\n<hr class=\"wp-block-separator has-alpha-channel-opacity\"\/>\n\n\n\n<h2 class=\"wp-block-heading\">Dlhodob\u00e9 \u00favahy<\/h2>\n\n\n\n<h3 class=\"wp-block-heading\">\u00da\u010dinky pravidelnej spotreby<\/h3>\n\n\n\n<p>Dlhodob\u00e9 ka\u017edodenn\u00e9 pou\u017e\u00edvanie m\u00f4\u017ee vies\u0165 k:<\/p>\n\n\n\n<ul class=\"wp-block-list\">\n<li>V\u00fdvoj tolerancie: Zn\u00ed\u017een\u00e1 \u00fa\u010dinnos\u0165 v priebehu \u010dasu<\/li>\n\n\n\n<li>Riziko z\u00e1vislosti: Psychologick\u00e9 vytv\u00e1ranie n\u00e1vykov<\/li>\n\n\n\n<li>V\u00fd\u017eivov\u00fd vplyv: Cukor a kal\u00f3rie<\/li>\n\n\n\n<li>Zmeny sp\u00e1nkov\u00e9ho re\u017eimu: Potenci\u00e1lne naru\u0161enie<\/li>\n<\/ul>\n\n\n\n<h3 class=\"wp-block-heading\">Zodpovedn\u00e9 vzory pou\u017e\u00edvania<\/h3>\n\n\n\n<p>Odpor\u00fa\u010dan\u00e9 pr\u00edstupy zah\u0155\u0148aj\u00fa:<\/p>\n\n\n\n<ul class=\"wp-block-list\">\n<li>Obmedzen\u00e1 frekvencia: maxim\u00e1lne 1-2 kr\u00e1t t\u00fd\u017edenne<\/li>\n\n\n\n<li>Cyklistick\u00e9 prest\u00e1vky: Mesa\u010dn\u00e9 obdobia abstinencie<\/li>\n\n\n\n<li>Zmeny v d\u00e1vkovan\u00ed: Nezvy\u0161ujte mno\u017estvo v priebehu \u010dasu<\/li>\n\n\n\n<li>\u00da\u010deln\u00e1 spotreba: Sk\u00f4r z\u00e1mern\u00e9 ako zvy\u010dajn\u00e9 pou\u017e\u00edvanie<\/li>\n<\/ul>\n\n\n\n<hr class=\"wp-block-separator has-alpha-channel-opacity\"\/>\n\n\n\n<h2 class=\"wp-block-heading\">Porovnanie tradi\u010dn\u00fdch a modern\u00fdch riz\u00edk<\/h2>\n\n\n\n<h3 class=\"wp-block-heading\">Tradi\u010dn\u00e9 nebezpe\u010denstv\u00e1 \u0161t\u00edhlosti<\/h3>\n\n\n\n<p>P\u00f4vodn\u00e9 formul\u00e1cie boli spojen\u00e9 s v\u00e1\u017enymi rizikami:<\/p>\n\n\n\n<ul class=\"wp-block-list\">\n<li>Potenci\u00e1l z\u00e1vislosti: V\u00fdvoj z\u00e1vislosti od opioidov<\/li>\n\n\n\n<li>Respira\u010dn\u00e1 depresia: Potla\u010denie d\u00fdchania<\/li>\n\n\n\n<li>Po\u0161kodenie org\u00e1nov: Z\u00e1\u0165a\u017e pe\u010dene a obli\u010diek<\/li>\n\n\n\n<li>Vplyv na du\u0161evn\u00e9 zdravie: Depresia a \u00fazkos\u0165<\/li>\n\n\n\n<li>Riziko pred\u00e1vkovania: \u017divot ohrozuj\u00face komplik\u00e1cie<\/li>\n<\/ul>\n\n\n\n<h3 class=\"wp-block-heading\">Modern\u00e9 alternat\u00edvne v\u00fdhody<\/h3>\n\n\n\n<p>Na\u0161e produkty tieto obavy eliminuj\u00fa:<\/p>\n\n\n\n<ul class=\"wp-block-list\">\n<li>\u017diadne kontrolovan\u00e9 l\u00e1tky: Nulov\u00e9 riziko z\u00e1vislosti<\/li>\n\n\n\n<li>Bezpe\u010dnos\u0165 na \u00farovni potrav\u00edn: Laborat\u00f3rne overen\u00e9 zlo\u017eky<\/li>\n\n\n\n<li>D\u00f4sledn\u00e9 d\u00e1vkovanie: Presn\u00e1 kontrola zlo\u017eenia<\/li>\n\n\n\n<li>Dodr\u017eiavanie pr\u00e1vnych predpisov: Dodr\u017eiavanie medzin\u00e1rodn\u00fdch predpisov<\/li>\n\n\n\n<li>Transparentn\u00e9 ozna\u010dovanie: \u00dapln\u00e9 zverejnenie zlo\u017eiek<\/li>\n<\/ul>\n\n\n\n<blockquote class=\"wp-block-quote is-layout-flow wp-block-quote-is-layout-flow\">\n<p>\ud83d\udcda Viac inform\u00e1ci\u00ed o tradi\u010dn\u00fdch rizik\u00e1ch n\u00e1jdete v na\u0161ej\u00a0<a href=\"https:\/\/onlineleansyrup.com\/sk\/co-je-chudy-sirup\/\">\u010co je chud\u00fd sirup<\/a> sprievodca<\/p>\n<\/blockquote>\n\n\n\n<hr class=\"wp-block-separator has-alpha-channel-opacity\"\/>\n\n\n\n<h2 class=\"wp-block-heading\">Hl\u00e1senie ne\u017eiaducich udalost\u00ed<\/h2>\n\n\n\n<h3 class=\"wp-block-heading\">Proces dokument\u00e1cie<\/h3>\n\n\n\n<p>Ak sa vyskytn\u00fa neo\u010dak\u00e1van\u00e9 \u00fa\u010dinky:<\/p>\n\n\n\n<ol class=\"wp-block-list\">\n<li>Zaznamenajte na\u010dasovanie a pr\u00edznaky<\/li>\n\n\n\n<li>Pozn\u00e1mka spotrebovan\u00e9 mno\u017estvo<\/li>\n\n\n\n<li>Zdokumentujte v\u0161etky ostatn\u00e9 pou\u017eit\u00e9 l\u00e1tky<\/li>\n\n\n\n<li>Ak sa objavia vidite\u013en\u00e9 reakcie, urobte fotografie<\/li>\n\n\n\n<li>Okam\u017eite kontaktujte n\u00e1\u0161 t\u00edm podpory<\/li>\n<\/ol>\n\n\n\n<h3 class=\"wp-block-heading\">N\u00e1\u0161 protokol reakcie<\/h3>\n\n\n\n<p>V\u0161etky spr\u00e1vy pre\u0161etrujeme prostredn\u00edctvom:<\/p>\n\n\n\n<ul class=\"wp-block-list\">\n<li>Okam\u017eit\u00e1 reakcia na starostlivos\u0165 o z\u00e1kazn\u00edkov<\/li>\n\n\n\n<li>Pre\u0161etrovanie \u0161ar\u017ee v\u00fdrobku<\/li>\n\n\n\n<li>V pr\u00edpade potreby op\u00e4tovn\u00e9 laborat\u00f3rne testovanie<\/li>\n\n\n\n<li>Konzult\u00e1cie s odborn\u00edkmi v oblasti zdravotnej starostlivosti<\/li>\n\n\n\n<li>Transparentn\u00e1 komunik\u00e1cia po\u010das cel\u00e9ho obdobia<\/li>\n<\/ul>\n\n\n\n<p>\ud83d\udce7 Probl\u00e9my nahl\u00e1ste:&nbsp;<a href=\"mailto:leansyrupshop@proton.me\" rel=\"noreferrer noopener\" target=\"_blank\">leansyrupshop@proton.me<\/a><\/p>\n\n\n\n<hr class=\"wp-block-separator has-alpha-channel-opacity\"\/>\n\n\n\n<h2 class=\"wp-block-heading\">Z\u00e1vere\u010dn\u00e9 bezpe\u010dnostn\u00e9 odpor\u00fa\u010dania<\/h2>\n\n\n\n<h3 class=\"wp-block-heading\">Pred n\u00e1kupom<\/h3>\n\n\n\n<ul class=\"wp-block-list\">\n<li>D\u00f4kladne si pre\u010d\u00edtajte v\u0161etky inform\u00e1cie o zlo\u017ek\u00e1ch<\/li>\n\n\n\n<li>Ak u\u017e\u00edvate lieky, pora\u010fte sa s poskytovate\u013emi zdravotnej starostlivosti<\/li>\n\n\n\n<li>Pochopenie miestnych pr\u00e1vnych predpisov<\/li>\n\n\n\n<li>Pl\u00e1n pre bezpe\u010dn\u00e9 spotrebite\u013esk\u00e9 prostredie<\/li>\n<\/ul>\n\n\n\n<h3 class=\"wp-block-heading\">Po\u010das pou\u017e\u00edvania<\/h3>\n\n\n\n<ul class=\"wp-block-list\">\n<li>Za\u010dnite s mal\u00fdmi sk\u00fa\u0161obn\u00fdmi mno\u017estvami<\/li>\n\n\n\n<li>Zosta\u0148te hydratovan\u00ed a vy\u017eivovan\u00ed<\/li>\n\n\n\n<li>Vyh\u00fdbajte sa nebezpe\u010dn\u00fdm \u010dinnostiam<\/li>\n\n\n\n<li>Pozorne sledujte osobn\u00e9 reakcie<\/li>\n<\/ul>\n\n\n\n<h3 class=\"wp-block-heading\">Po spotrebe<\/h3>\n\n\n\n<ul class=\"wp-block-list\">\n<li>Pred jazdou nechajte p\u00f4sobi\u0165 v\u0161etky \u00fa\u010dinky<\/li>\n\n\n\n<li>Odpo\u010d\u00edvajte, ak sa c\u00edtite ospal\u00fd<\/li>\n\n\n\n<li>Vyhnite sa \u010fal\u0161\u00edm l\u00e1tkam<\/li>\n\n\n\n<li>Zamyslite sa nad \u00farov\u0148ou osobnej tolerancie<\/li>\n<\/ul>\n\n\n\n<blockquote class=\"wp-block-quote is-layout-flow wp-block-quote-is-layout-flow\">\n<p>\ud83d\udee1\ufe0f Nezabudnite: Zodpovedn\u00e9 pou\u017e\u00edvanie znamen\u00e1 informovan\u00e9 pou\u017e\u00edvanie. Nav\u0161t\u00edvte na\u0161u\u00a0<a href=\"https:\/\/onlineleansyrup.com\/sk\/\">domovsk\u00e1 str\u00e1nka<\/a> presk\u00fama\u0165 na\u0161e bezpe\u010dn\u00e9 a overen\u00e9 alternat\u00edvy<\/p>\n<\/blockquote>\n\n\n\n<hr class=\"wp-block-separator has-alpha-channel-opacity\"\/>\n\n\n\n<h3 class=\"wp-block-heading\">Potrebujete viac inform\u00e1ci\u00ed?<\/h3>\n\n\n\n<p>N\u00e1\u0161 t\u00edm je v\u00e1m k dispoz\u00edcii na diskusiu o bezpe\u010dnostn\u00fdch ot\u00e1zkach, ot\u00e1zkach t\u00fdkaj\u00facich sa zlo\u017eiek alebo na osobn\u00e9 poradenstvo:<\/p>\n\n\n\n<p>\ud83d\udce7 E-mail:&nbsp;<a href=\"mailto:leansyrupshop@proton.me\" rel=\"noreferrer noopener\" target=\"_blank\">leansyrupshop@proton.me<\/a><br>\ud83d\udd52 Doba odozvy: do 24 hod\u00edn<\/p>","protected":false},"excerpt":{"rendered":"<p>Lean Syrup Side Effects &#8211; Safety Information You Need Understanding potential side effects is crucial when deciding to&nbsp;buy Lean syrup. [&hellip;]<\/p>\n","protected":false},"author":1,"featured_media":0,"parent":0,"menu_order":0,"comment_status":"closed","ping_status":"closed","template":"","meta":{"site-sidebar-layout":"default","site-content-layout":"","ast-site-content-layout":"default","site-content-style":"default","site-sidebar-style":"default","ast-global-header-display":"","ast-banner-title-visibility":"","ast-main-header-display":"","ast-hfb-above-header-display":"","ast-hfb-below-header-display":"","ast-hfb-mobile-header-display":"","site-post-title":"","ast-breadcrumbs-content":"","ast-featured-img":"","footer-sml-layout":"","ast-disable-related-posts":"","theme-transparent-header-meta":"","adv-header-id-meta":"","stick-header-meta":"","header-above-stick-meta":"","header-main-stick-meta":"","header-below-stick-meta":"","astra-migrate-meta-layouts":"default","ast-page-background-enabled":"default","ast-page-background-meta":{"desktop":{"background-color":"var(--ast-global-color-5)","background-image":"","background-repeat":"repeat","background-position":"center center","background-size":"auto","background-attachment":"scroll","background-type":"","background-media":"","overlay-type":"","overlay-color":"","overlay-opacity":"","overlay-gradient":""},"tablet":{"background-color":"","background-image":"","background-repeat":"repeat","background-position":"center center","background-size":"auto","background-attachment":"scroll","background-type":"","background-media":"","overlay-type":"","overlay-color":"","overlay-opacity":"","overlay-gradient":""},"mobile":{"background-color":"","background-image":"","background-repeat":"repeat","background-position":"center center","background-size":"auto","background-attachment":"scroll","background-type":"","background-media":"","overlay-type":"","overlay-color":"","overlay-opacity":"","overlay-gradient":""}},"ast-content-background-meta":{"desktop":{"background-color":"var(--ast-global-color-4)","background-image":"","background-repeat":"repeat","background-position":"center center","background-size":"auto","background-attachment":"scroll","background-type":"","background-media":"","overlay-type":"","overlay-color":"","overlay-opacity":"","overlay-gradient":""},"tablet":{"background-color":"var(--ast-global-color-4)","background-image":"","background-repeat":"repeat","background-position":"center center","background-size":"auto","background-attachment":"scroll","background-type":"","background-media":"","overlay-type":"","overlay-color":"","overlay-opacity":"","overlay-gradient":""},"mobile":{"background-color":"var(--ast-global-color-4)","background-image":"","background-repeat":"repeat","background-position":"center center","background-size":"auto","background-attachment":"scroll","background-type":"","background-media":"","overlay-type":"","overlay-color":"","overlay-opacity":"","overlay-gradient":""}},"footnotes":""},"class_list":["post-31","page","type-page","status-publish","hentry"],"yoast_head":"<!-- This site is optimized with the Yoast SEO plugin v27.1.1 - https:\/\/yoast.com\/product\/yoast-seo-wordpress\/ -->\n<title>Lean Syrup Side Effects - Buy Lean Syrup | Premium Legal Lean Alternatives Worldwide<\/title>\n<meta name=\"description\" content=\"Complete guide to Lean syrup side effects and safety information. The risks, prevention, and responsible usage before buying Lean syrup.\" \/>\n<meta name=\"robots\" content=\"index, follow, max-snippet:-1, max-image-preview:large, max-video-preview:-1\" \/>\n<link rel=\"canonical\" href=\"https:\/\/onlineleansyrup.com\/sk\/chudy-sirup-vedlajsie-ucinky\/\" \/>\n<meta property=\"og:locale\" content=\"sk_SK\" \/>\n<meta property=\"og:type\" content=\"article\" \/>\n<meta property=\"og:title\" content=\"Lean Syrup Side Effects - Buy Lean Syrup | Premium Legal Lean Alternatives Worldwide\" \/>\n<meta property=\"og:description\" content=\"Complete guide to Lean syrup side effects and safety information. The risks, prevention, and responsible usage before buying Lean syrup.\" \/>\n<meta property=\"og:url\" content=\"https:\/\/onlineleansyrup.com\/sk\/chudy-sirup-vedlajsie-ucinky\/\" \/>\n<meta property=\"og:site_name\" content=\"Buy Lean Syrup | Premium Legal Lean Alternatives Worldwide\" \/>\n<meta property=\"article:modified_time\" content=\"2026-03-14T17:20:58+00:00\" \/>\n<meta name=\"twitter:card\" content=\"summary_large_image\" \/>\n<meta name=\"twitter:label1\" content=\"Predpokladan\u00fd \u010das \u010d\u00edtania\" \/>\n\t<meta name=\"twitter:data1\" content=\"3 min\u00faty\" \/>\n<script type=\"application\/ld+json\" class=\"yoast-schema-graph\">{\"@context\":\"https:\/\/schema.org\",\"@graph\":[{\"@type\":\"WebPage\",\"@id\":\"https:\/\/onlineleansyrup.com\/lean-syrup-side-effects\/\",\"url\":\"https:\/\/onlineleansyrup.com\/lean-syrup-side-effects\/\",\"name\":\"Lean Syrup Side Effects - Buy Lean Syrup | Premium Legal Lean Alternatives Worldwide\",\"isPartOf\":{\"@id\":\"https:\/\/onlineleansyrup.com\/#website\"},\"datePublished\":\"2026-03-14T17:14:15+00:00\",\"dateModified\":\"2026-03-14T17:20:58+00:00\",\"description\":\"Complete guide to Lean syrup side effects and safety information. The risks, prevention, and responsible usage before buying Lean syrup.\",\"breadcrumb\":{\"@id\":\"https:\/\/onlineleansyrup.com\/lean-syrup-side-effects\/#breadcrumb\"},\"inLanguage\":\"sk-SK\",\"potentialAction\":[{\"@type\":\"ReadAction\",\"target\":[\"https:\/\/onlineleansyrup.com\/lean-syrup-side-effects\/\"]}]},{\"@type\":\"BreadcrumbList\",\"@id\":\"https:\/\/onlineleansyrup.com\/lean-syrup-side-effects\/#breadcrumb\",\"itemListElement\":[{\"@type\":\"ListItem\",\"position\":1,\"name\":\"Home\",\"item\":\"https:\/\/onlineleansyrup.com\/\"},{\"@type\":\"ListItem\",\"position\":2,\"name\":\"Lean Syrup Side Effects\"}]},{\"@type\":\"WebSite\",\"@id\":\"https:\/\/onlineleansyrup.com\/#website\",\"url\":\"https:\/\/onlineleansyrup.com\/\",\"name\":\"Buy Lean Syrup | Premium Legal Lean Alternatives Worldwide\",\"description\":\"Safe, Discreet Shipping to 20+ Countries | Lab-Tested Lean Syrup\",\"potentialAction\":[{\"@type\":\"SearchAction\",\"target\":{\"@type\":\"EntryPoint\",\"urlTemplate\":\"https:\/\/onlineleansyrup.com\/?s={search_term_string}\"},\"query-input\":{\"@type\":\"PropertyValueSpecification\",\"valueRequired\":true,\"valueName\":\"search_term_string\"}}],\"inLanguage\":\"sk-SK\"}]}<\/script>\n<!-- \/ Yoast SEO plugin. -->","yoast_head_json":{"title":"Lean sirup ved\u013eaj\u0161ie \u00fa\u010dinky - K\u00fapi\u0165 Lean sirup | Pr\u00e9miov\u00e9 pr\u00e1vne Lean alternat\u00edvy po celom svete","description":"Kompletn\u00fd sprievodca ved\u013eaj\u0161\u00edmi \u00fa\u010dinkami a bezpe\u010dnostn\u00fdmi inform\u00e1ciami o sirupe Lean. Rizik\u00e1, prevencia a zodpovedn\u00e9 pou\u017e\u00edvanie pred k\u00fapou sirupu Lean.","robots":{"index":"index","follow":"follow","max-snippet":"max-snippet:-1","max-image-preview":"max-image-preview:large","max-video-preview":"max-video-preview:-1"},"canonical":"https:\/\/onlineleansyrup.com\/sk\/chudy-sirup-vedlajsie-ucinky\/","og_locale":"sk_SK","og_type":"article","og_title":"Lean Syrup Side Effects - Buy Lean Syrup | Premium Legal Lean Alternatives Worldwide","og_description":"Complete guide to Lean syrup side effects and safety information. The risks, prevention, and responsible usage before buying Lean syrup.","og_url":"https:\/\/onlineleansyrup.com\/sk\/chudy-sirup-vedlajsie-ucinky\/","og_site_name":"Buy Lean Syrup | Premium Legal Lean Alternatives Worldwide","article_modified_time":"2026-03-14T17:20:58+00:00","twitter_card":"summary_large_image","twitter_misc":{"Predpokladan\u00fd \u010das \u010d\u00edtania":"3 min\u00faty"},"schema":{"@context":"https:\/\/schema.org","@graph":[{"@type":"WebPage","@id":"https:\/\/onlineleansyrup.com\/lean-syrup-side-effects\/","url":"https:\/\/onlineleansyrup.com\/lean-syrup-side-effects\/","name":"Lean sirup ved\u013eaj\u0161ie \u00fa\u010dinky - K\u00fapi\u0165 Lean sirup | Pr\u00e9miov\u00e9 pr\u00e1vne Lean alternat\u00edvy po celom svete","isPartOf":{"@id":"https:\/\/onlineleansyrup.com\/#website"},"datePublished":"2026-03-14T17:14:15+00:00","dateModified":"2026-03-14T17:20:58+00:00","description":"Kompletn\u00fd sprievodca ved\u013eaj\u0161\u00edmi \u00fa\u010dinkami a bezpe\u010dnostn\u00fdmi inform\u00e1ciami o sirupe Lean. Rizik\u00e1, prevencia a zodpovedn\u00e9 pou\u017e\u00edvanie pred k\u00fapou sirupu Lean.","breadcrumb":{"@id":"https:\/\/onlineleansyrup.com\/lean-syrup-side-effects\/#breadcrumb"},"inLanguage":"sk-SK","potentialAction":[{"@type":"ReadAction","target":["https:\/\/onlineleansyrup.com\/lean-syrup-side-effects\/"]}]},{"@type":"BreadcrumbList","@id":"https:\/\/onlineleansyrup.com\/lean-syrup-side-effects\/#breadcrumb","itemListElement":[{"@type":"ListItem","position":1,"name":"Home","item":"https:\/\/onlineleansyrup.com\/"},{"@type":"ListItem","position":2,"name":"Lean Syrup Side Effects"}]},{"@type":"WebSite","@id":"https:\/\/onlineleansyrup.com\/#website","url":"https:\/\/onlineleansyrup.com\/","name":"K\u00fapi\u0165 Lean sirup | Pr\u00e9miov\u00e9 pr\u00e1vne Lean alternat\u00edvy po celom svete","description":"Bezpe\u010dn\u00e1 a diskr\u00e9tna preprava do viac ako 20 kraj\u00edn | Laborat\u00f3rne testovan\u00fd chud\u00fd sirup","potentialAction":[{"@type":"SearchAction","target":{"@type":"EntryPoint","urlTemplate":"https:\/\/onlineleansyrup.com\/?s={search_term_string}"},"query-input":{"@type":"PropertyValueSpecification","valueRequired":true,"valueName":"search_term_string"}}],"inLanguage":"sk-SK"}]}},"_links":{"self":[{"href":"https:\/\/onlineleansyrup.com\/sk\/wp-json\/wp\/v2\/pages\/31","targetHints":{"allow":["GET"]}}],"collection":[{"href":"https:\/\/onlineleansyrup.com\/sk\/wp-json\/wp\/v2\/pages"}],"about":[{"href":"https:\/\/onlineleansyrup.com\/sk\/wp-json\/wp\/v2\/types\/page"}],"author":[{"embeddable":true,"href":"https:\/\/onlineleansyrup.com\/sk\/wp-json\/wp\/v2\/users\/1"}],"replies":[{"embeddable":true,"href":"https:\/\/onlineleansyrup.com\/sk\/wp-json\/wp\/v2\/comments?post=31"}],"version-history":[{"count":3,"href":"https:\/\/onlineleansyrup.com\/sk\/wp-json\/wp\/v2\/pages\/31\/revisions"}],"predecessor-version":[{"id":36,"href":"https:\/\/onlineleansyrup.com\/sk\/wp-json\/wp\/v2\/pages\/31\/revisions\/36"}],"wp:attachment":[{"href":"https:\/\/onlineleansyrup.com\/sk\/wp-json\/wp\/v2\/media?parent=31"}],"curies":[{"name":"wp","href":"https:\/\/api.w.org\/{rel}","templated":true}]}}