{"id":16,"date":"2026-03-14T16:56:40","date_gmt":"2026-03-14T16:56:40","guid":{"rendered":"https:\/\/onlineleansyrup.com\/?page_id=16"},"modified":"2026-03-14T19:14:25","modified_gmt":"2026-03-14T19:14:25","slug":"kontaktirajte","status":"publish","type":"page","link":"https:\/\/onlineleansyrup.com\/sl\/contact\/","title":{"rendered":"Pi\u0161ite na"},"content":{"rendered":"<h1 class=\"wp-block-heading\">Pi\u0161ite nam - Trgovina s pustim sirupom<\/h1>\n\n\n\n<p>Imate vpra\u0161anja o na\u0161ih izdelkih, dostavi ali postopku naro\u010danja? Tukaj smo vam na voljo za pomo\u010d! Stopite v stik z nami na katerega koli od spodnjih na\u010dinov in odgovorili vam bomo v 24 urah.<\/p>\n\n\n\n<hr class=\"wp-block-separator has-alpha-channel-opacity\"\/>\n\n\n\n<h2 class=\"wp-block-heading\">Stopite v stik z nami<\/h2>\n\n\n\n<p>Na\u0161a ekipa vam je pripravljena pomagati, ne glede na to, ali \u017eelite prvi\u010d kupiti sirup Lean ali imate vpra\u0161anja o na\u0161ih obstoje\u010dih izdelkih. Cenimo va\u0161e povratne informacije in smo zavezani k zagotavljanju odli\u010dnih storitev za stranke.<\/p>\n\n\n\n<h3 class=\"wp-block-heading\">Podpora prek e-po\u0161te<\/h3>\n\n\n\n<p>Za splo\u0161na vpra\u0161anja, naro\u010dila ali informacije o izdelkih: \ud83d\udce7&nbsp;<a href=\"mailto:leansyrupshop@proton.me\" rel=\"noreferrer noopener\" target=\"_blank\">leansyrupshop@proton.me<\/a><\/p>\n\n\n\n<h3 class=\"wp-block-heading\">Odzivni \u010das<\/h3>\n\n\n\n<p>Na vsa e-po\u0161tna sporo\u010dila obi\u010dajno odgovorimo v 12 do 24 urah med delovnimi dnevi.<\/p>\n\n\n\n<h3 class=\"wp-block-heading\">Poslovne poizvedbe<\/h3>\n\n\n\n<p>Vas zanimajo veleprodajna partnerstva ali sodelovanja? \ud83d\udce7&nbsp;<a href=\"mailto:leansyrupshop@proton.me\" rel=\"noreferrer noopener\" target=\"_blank\">leansyrupshop@proton.me<\/a>&nbsp;(Zadeva: Poslovna poizvedba)<\/p>\n\n\n\n<hr class=\"wp-block-separator has-alpha-channel-opacity\"\/>\n\n\n\n<h2 class=\"wp-block-heading\">Pogosta vpra\u0161anja<\/h2>\n\n\n\n<p>Preden se obrnete na nas, boste morda na\u0161li odgovore na svoja vpra\u0161anja v na\u0161em obse\u017enem razdelku s pogostimi vpra\u0161anji in odgovori:<\/p>\n\n\n\n<blockquote class=\"wp-block-quote is-layout-flow wp-block-quote-is-layout-flow\">\n<p>\ud83d\udcda Preverite na\u0161e\u00a0<a href=\"https:\/\/onlineleansyrup.com\/sl\/pogosto-zastavljena-vprasanja\/\">Pogosta vpra\u0161anja<\/a> stran za takoj\u0161nje odgovore<\/p>\n<\/blockquote>\n\n\n\n<hr class=\"wp-block-separator has-alpha-channel-opacity\"\/>\n\n\n\n<h2 class=\"wp-block-heading\">Informacije o dostavi<\/h2>\n\n\n\n<h3 class=\"wp-block-heading\">Dostava po vsem svetu<\/h3>\n\n\n\n<p>Po\u0161iljamo v ve\u010d kot 20 dr\u017eav, vklju\u010dno z:<\/p>\n\n\n\n<ul class=\"wp-block-list\">\n<li>Zdru\u017eene dr\u017eave Amerike<\/li>\n\n\n\n<li>Zdru\u017eeno kraljestvo<\/li>\n\n\n\n<li>Kanada<\/li>\n\n\n\n<li>Nem\u010dija<\/li>\n\n\n\n<li>Francija<\/li>\n\n\n\n<li>Nizozemska<\/li>\n\n\n\n<li>Avstralija<\/li>\n\n\n\n<li>Nova Zelandija<\/li>\n\n\n\n<li>In \u0161e ve\u010d...<\/li>\n<\/ul>\n\n\n\n<h3 class=\"wp-block-heading\">\u010cas dostave<\/h3>\n\n\n\n<ul class=\"wp-block-list\">\n<li>Standardna dostava: 3-7 delovnih dni<\/li>\n\n\n\n<li>Ekspresne mo\u017enosti, ki so na voljo pri blagajni<\/li>\n<\/ul>\n\n\n\n<h3 class=\"wp-block-heading\">Diskretno pakiranje<\/h3>\n\n\n\n<p>Za za\u0161\u010dito va\u0161e zasebnosti so vsa naro\u010dila poslana v navadni, neozna\u010deni embala\u017ei.<\/p>\n\n\n\n<hr class=\"wp-block-separator has-alpha-channel-opacity\"\/>\n\n\n\n<h2 class=\"wp-block-heading\">Vpra\u0161anja o izdelkih<\/h2>\n\n\n\n<h3 class=\"wp-block-heading\">Kaj je v na\u0161em vitkem sirupu?<\/h3>\n\n\n\n<p>Na\u0161e formulacije vsebujejo vrhunske sestavine, namenjene varni ponovitvi tradicionalne izku\u0161nje s pija\u010do Lean.<\/p>\n\n\n\n<blockquote class=\"wp-block-quote is-layout-flow wp-block-quote-is-layout-flow\">\n<p>\ud83d\udd2c Oglejte si na\u0161 celoten\u00a0<a href=\"https:\/\/onlineleansyrup.com\/sl\/vitamini-in-hranila-ki-so-v-nasih-izdelkih\/\">Seznam sestavin<\/a><\/p>\n<\/blockquote>\n\n\n\n<h3 class=\"wp-block-heading\">Ali je to zakonito?<\/h3>\n\n\n\n<p>Da! Na\u0161i izdelki so zakonite alternative, ki ne vsebujejo nadzorovanih snovi.<\/p>\n\n\n\n<hr class=\"wp-block-separator has-alpha-channel-opacity\"\/>\n\n\n\n<h2 class=\"wp-block-heading\">Podpora za naro\u010dilo<\/h2>\n\n\n\n<h3 class=\"wp-block-heading\">Spremljanje naro\u010dila<\/h3>\n\n\n\n<p>Po oddaji naro\u010dila boste po e-po\u0161ti prejeli informacije o sledenju.<\/p>\n\n\n\n<h3 class=\"wp-block-heading\">Spremembe ali preklici naro\u010dila<\/h3>\n\n\n\n<p>\u017delite spremeniti svoje naro\u010dilo? Takoj se obrnite na nas na: \ud83d\udce7&nbsp;<a href=\"mailto:leansyrupshop@proton.me\" rel=\"noreferrer noopener\" target=\"_blank\">leansyrupshop@proton.me<\/a><\/p>\n\n\n\n<h3 class=\"wp-block-heading\">Vra\u010dila in povra\u010dila<\/h3>\n\n\n\n<p>Za vse neodprte izdelke nudimo 30-dnevno jamstvo za zadovoljstvo.<\/p>\n\n\n\n<hr class=\"wp-block-separator has-alpha-channel-opacity\"\/>\n\n\n\n<h2 class=\"wp-block-heading\">Pove\u017eite se z nami<\/h2>\n\n\n\n<p>Bodite obve\u0161\u010deni o novih izdelkih, posebnih ponudbah in pomembnih obvestilih:<\/p>\n\n\n\n<h3 class=\"wp-block-heading\">Dru\u017ebeni mediji<\/h3>\n\n\n\n<p>Spremljajte nas za najnovej\u0161e posodobitve in razprave v skupnosti.<\/p>\n\n\n\n<h3 class=\"wp-block-heading\">Prijava na novice<\/h3>\n\n\n\n<p>Pridru\u017eite se na\u0161emu po\u0161tnemu seznamu za ekskluzivne popuste in predstavitve izdelkov.<\/p>\n\n\n\n<hr class=\"wp-block-separator has-alpha-channel-opacity\"\/>\n\n\n\n<h2 class=\"wp-block-heading\">Uradne ure<\/h2>\n\n\n\n<h3 class=\"wp-block-heading\">Razpolo\u017eljivost storitev za stranke<\/h3>\n\n\n\n<ul class=\"wp-block-list\">\n<li>24 ur na dan, 7 dni v tednu, 365 dni na leto.<\/li>\n<\/ul>\n\n\n\n<p><em>Upo\u0161tevajte: med vikendi in prazniki lahko odgovori trajajo dlje.<\/em><\/p>\n\n\n\n<hr class=\"wp-block-separator has-alpha-channel-opacity\"\/>\n\n\n\n<h2 class=\"wp-block-heading\">Varnost in zasebnost<\/h2>\n\n\n\n<p>Va\u0161a zasebnost je na\u0161a prednostna naloga. Vse komunikacije so \u0161ifrirane in va\u0161ih podatkov nikoli ne posredujemo tretjim osebam.<\/p>\n\n\n\n<hr class=\"wp-block-separator has-alpha-channel-opacity\"\/>\n\n\n\n<h2 class=\"wp-block-heading\">Potrebujete takoj\u0161njo pomo\u010d?<\/h2>\n\n\n\n<p>Prebrskajte na\u0161e vire pomo\u010di:<\/p>\n\n\n\n<ul class=\"wp-block-list\">\n<li><a href=\"https:\/\/onlineleansyrup.com\/sl\/pogosto-zastavljena-vprasanja\/\">Oddelek Pogosta vpra\u0161anja<\/a><\/li>\n<\/ul>\n\n\n\n<hr class=\"wp-block-separator has-alpha-channel-opacity\"\/>\n\n\n\n<h3 class=\"wp-block-heading\">Po\u0161ljite nam sporo\u010dilo<\/h3>\n\n\n\n<p>Ne najdete, kar i\u0161\u010dete? Po\u0161ljite nam neposredno sporo\u010dilo:<\/p>\n\n\n\n<p>Elektronska po\u0161ta:&nbsp;<a href=\"mailto:leansyrupshop@proton.me\" rel=\"noreferrer noopener\" target=\"_blank\">leansyrupshop@proton.me<\/a><\/p>\n\n\n\n<p>Zavezujemo se, da vam bomo zagotovili najbolj\u0161o storitev in izdelke najvi\u0161je kakovosti, ko boste pri nas kupili vitki sirup.<\/p>","protected":false},"excerpt":{"rendered":"<p>Contact Us &#8211; Lean Syrup Shop Have questions about our products, shipping, or ordering process? We&#8217;re here to help! Get [&hellip;]<\/p>\n","protected":false},"author":1,"featured_media":0,"parent":0,"menu_order":0,"comment_status":"closed","ping_status":"closed","template":"","meta":{"site-sidebar-layout":"default","site-content-layout":"","ast-site-content-layout":"default","site-content-style":"default","site-sidebar-style":"default","ast-global-header-display":"","ast-banner-title-visibility":"","ast-main-header-display":"","ast-hfb-above-header-display":"","ast-hfb-below-header-display":"","ast-hfb-mobile-header-display":"","site-post-title":"","ast-breadcrumbs-content":"","ast-featured-img":"","footer-sml-layout":"","ast-disable-related-posts":"","theme-transparent-header-meta":"","adv-header-id-meta":"","stick-header-meta":"","header-above-stick-meta":"","header-main-stick-meta":"","header-below-stick-meta":"","astra-migrate-meta-layouts":"default","ast-page-background-enabled":"default","ast-page-background-meta":{"desktop":{"background-color":"var(--ast-global-color-5)","background-image":"","background-repeat":"repeat","background-position":"center center","background-size":"auto","background-attachment":"scroll","background-type":"","background-media":"","overlay-type":"","overlay-color":"","overlay-opacity":"","overlay-gradient":""},"tablet":{"background-color":"","background-image":"","background-repeat":"repeat","background-position":"center center","background-size":"auto","background-attachment":"scroll","background-type":"","background-media":"","overlay-type":"","overlay-color":"","overlay-opacity":"","overlay-gradient":""},"mobile":{"background-color":"","background-image":"","background-repeat":"repeat","background-position":"center center","background-size":"auto","background-attachment":"scroll","background-type":"","background-media":"","overlay-type":"","overlay-color":"","overlay-opacity":"","overlay-gradient":""}},"ast-content-background-meta":{"desktop":{"background-color":"var(--ast-global-color-4)","background-image":"","background-repeat":"repeat","background-position":"center center","background-size":"auto","background-attachment":"scroll","background-type":"","background-media":"","overlay-type":"","overlay-color":"","overlay-opacity":"","overlay-gradient":""},"tablet":{"background-color":"var(--ast-global-color-4)","background-image":"","background-repeat":"repeat","background-position":"center center","background-size":"auto","background-attachment":"scroll","background-type":"","background-media":"","overlay-type":"","overlay-color":"","overlay-opacity":"","overlay-gradient":""},"mobile":{"background-color":"var(--ast-global-color-4)","background-image":"","background-repeat":"repeat","background-position":"center center","background-size":"auto","background-attachment":"scroll","background-type":"","background-media":"","overlay-type":"","overlay-color":"","overlay-opacity":"","overlay-gradient":""}},"footnotes":""},"class_list":["post-16","page","type-page","status-publish","hentry"],"yoast_head":"<!-- This site is optimized with the Yoast SEO plugin v27.1.1 - https:\/\/yoast.com\/product\/yoast-seo-wordpress\/ -->\n<title>Contact - Buy Lean Syrup | Premium Legal Lean Alternatives Worldwide<\/title>\n<meta name=\"robots\" content=\"index, follow, max-snippet:-1, max-image-preview:large, max-video-preview:-1\" \/>\n<link rel=\"canonical\" href=\"https:\/\/onlineleansyrup.com\/sl\/kontaktirajte\/\" \/>\n<meta property=\"og:locale\" content=\"sl_SI\" \/>\n<meta property=\"og:type\" content=\"article\" \/>\n<meta property=\"og:title\" content=\"Contact - Buy Lean Syrup | Premium Legal Lean Alternatives Worldwide\" \/>\n<meta property=\"og:description\" content=\"Contact Us &#8211; Lean Syrup Shop Have questions about our products, shipping, or ordering process? We&#8217;re here to help! Get [&hellip;]\" \/>\n<meta property=\"og:url\" content=\"https:\/\/onlineleansyrup.com\/sl\/kontaktirajte\/\" \/>\n<meta property=\"og:site_name\" content=\"Buy Lean Syrup | Premium Legal Lean Alternatives Worldwide\" \/>\n<meta property=\"article:modified_time\" content=\"2026-03-14T19:14:25+00:00\" \/>\n<meta name=\"twitter:card\" content=\"summary_large_image\" \/>\n<script type=\"application\/ld+json\" class=\"yoast-schema-graph\">{\"@context\":\"https:\/\/schema.org\",\"@graph\":[{\"@type\":\"WebPage\",\"@id\":\"https:\/\/onlineleansyrup.com\/contact\/\",\"url\":\"https:\/\/onlineleansyrup.com\/contact\/\",\"name\":\"Contact - Buy Lean Syrup | Premium Legal Lean Alternatives Worldwide\",\"isPartOf\":{\"@id\":\"https:\/\/onlineleansyrup.com\/#website\"},\"datePublished\":\"2026-03-14T16:56:40+00:00\",\"dateModified\":\"2026-03-14T19:14:25+00:00\",\"breadcrumb\":{\"@id\":\"https:\/\/onlineleansyrup.com\/contact\/#breadcrumb\"},\"inLanguage\":\"sl-SI\",\"potentialAction\":[{\"@type\":\"ReadAction\",\"target\":[\"https:\/\/onlineleansyrup.com\/contact\/\"]}]},{\"@type\":\"BreadcrumbList\",\"@id\":\"https:\/\/onlineleansyrup.com\/contact\/#breadcrumb\",\"itemListElement\":[{\"@type\":\"ListItem\",\"position\":1,\"name\":\"Home\",\"item\":\"https:\/\/onlineleansyrup.com\/\"},{\"@type\":\"ListItem\",\"position\":2,\"name\":\"Contact\"}]},{\"@type\":\"WebSite\",\"@id\":\"https:\/\/onlineleansyrup.com\/#website\",\"url\":\"https:\/\/onlineleansyrup.com\/\",\"name\":\"Buy Lean Syrup | Premium Legal Lean Alternatives Worldwide\",\"description\":\"Safe, Discreet Shipping to 20+ Countries | Lab-Tested Lean Syrup\",\"potentialAction\":[{\"@type\":\"SearchAction\",\"target\":{\"@type\":\"EntryPoint\",\"urlTemplate\":\"https:\/\/onlineleansyrup.com\/?s={search_term_string}\"},\"query-input\":{\"@type\":\"PropertyValueSpecification\",\"valueRequired\":true,\"valueName\":\"search_term_string\"}}],\"inLanguage\":\"sl-SI\"}]}<\/script>\n<!-- \/ Yoast SEO plugin. -->","yoast_head_json":{"title":"Kontakt - Nakup Lean sirup | Premium Legal Lean Alternatives Worldwide","robots":{"index":"index","follow":"follow","max-snippet":"max-snippet:-1","max-image-preview":"max-image-preview:large","max-video-preview":"max-video-preview:-1"},"canonical":"https:\/\/onlineleansyrup.com\/sl\/kontaktirajte\/","og_locale":"sl_SI","og_type":"article","og_title":"Contact - Buy Lean Syrup | Premium Legal Lean Alternatives Worldwide","og_description":"Contact Us &#8211; Lean Syrup Shop Have questions about our products, shipping, or ordering process? We&#8217;re here to help! Get [&hellip;]","og_url":"https:\/\/onlineleansyrup.com\/sl\/kontaktirajte\/","og_site_name":"Buy Lean Syrup | Premium Legal Lean Alternatives Worldwide","article_modified_time":"2026-03-14T19:14:25+00:00","twitter_card":"summary_large_image","schema":{"@context":"https:\/\/schema.org","@graph":[{"@type":"WebPage","@id":"https:\/\/onlineleansyrup.com\/contact\/","url":"https:\/\/onlineleansyrup.com\/contact\/","name":"Kontakt - Nakup Lean sirup | Premium Legal Lean Alternatives Worldwide","isPartOf":{"@id":"https:\/\/onlineleansyrup.com\/#website"},"datePublished":"2026-03-14T16:56:40+00:00","dateModified":"2026-03-14T19:14:25+00:00","breadcrumb":{"@id":"https:\/\/onlineleansyrup.com\/contact\/#breadcrumb"},"inLanguage":"sl-SI","potentialAction":[{"@type":"ReadAction","target":["https:\/\/onlineleansyrup.com\/contact\/"]}]},{"@type":"BreadcrumbList","@id":"https:\/\/onlineleansyrup.com\/contact\/#breadcrumb","itemListElement":[{"@type":"ListItem","position":1,"name":"Home","item":"https:\/\/onlineleansyrup.com\/"},{"@type":"ListItem","position":2,"name":"Contact"}]},{"@type":"WebSite","@id":"https:\/\/onlineleansyrup.com\/#website","url":"https:\/\/onlineleansyrup.com\/","name":"Nakup Lean sirup | Premium pravne Lean alternative po vsem svetu","description":"Varna in diskretna dostava v ve\u010d kot 20 dr\u017eav | Laboratorijsko testiran vitki sirup","potentialAction":[{"@type":"SearchAction","target":{"@type":"EntryPoint","urlTemplate":"https:\/\/onlineleansyrup.com\/?s={search_term_string}"},"query-input":{"@type":"PropertyValueSpecification","valueRequired":true,"valueName":"search_term_string"}}],"inLanguage":"sl-SI"}]}},"_links":{"self":[{"href":"https:\/\/onlineleansyrup.com\/sl\/wp-json\/wp\/v2\/pages\/16","targetHints":{"allow":["GET"]}}],"collection":[{"href":"https:\/\/onlineleansyrup.com\/sl\/wp-json\/wp\/v2\/pages"}],"about":[{"href":"https:\/\/onlineleansyrup.com\/sl\/wp-json\/wp\/v2\/types\/page"}],"author":[{"embeddable":true,"href":"https:\/\/onlineleansyrup.com\/sl\/wp-json\/wp\/v2\/users\/1"}],"replies":[{"embeddable":true,"href":"https:\/\/onlineleansyrup.com\/sl\/wp-json\/wp\/v2\/comments?post=16"}],"version-history":[{"count":4,"href":"https:\/\/onlineleansyrup.com\/sl\/wp-json\/wp\/v2\/pages\/16\/revisions"}],"predecessor-version":[{"id":45,"href":"https:\/\/onlineleansyrup.com\/sl\/wp-json\/wp\/v2\/pages\/16\/revisions\/45"}],"wp:attachment":[{"href":"https:\/\/onlineleansyrup.com\/sl\/wp-json\/wp\/v2\/media?parent=16"}],"curies":[{"name":"wp","href":"https:\/\/api.w.org\/{rel}","templated":true}]}}