{"id":24,"date":"2026-03-14T17:06:11","date_gmt":"2026-03-14T17:06:11","guid":{"rendered":"https:\/\/onlineleansyrup.com\/?page_id=24"},"modified":"2026-03-14T19:16:38","modified_gmt":"2026-03-14T19:16:38","slug":"pogosto-zastavljena-vprasanja","status":"publish","type":"page","link":"https:\/\/onlineleansyrup.com\/sl\/frequently-asked-questions\/","title":{"rendered":"Pogosto zastavljena vpra\u0161anja o vitkem sirupu"},"content":{"rendered":"<p>Dobrodo\u0161li v na\u0161em obse\u017enem razdelku s pogostimi vpra\u0161anji! Ne glede na to, ali ste novinec ali redni uporabnik zdravila Lean, boste na\u0161li odgovore na najpogostej\u0161a vpra\u0161anja o nakupu in varni uporabi sirupa Lean.<\/p>\n\n\n\n<hr class=\"wp-block-separator has-alpha-channel-opacity\"\/>\n\n\n\n<h2 class=\"wp-block-heading\">O sirupu Lean<\/h2>\n\n\n\n<h3 class=\"wp-block-heading\">Kaj je vitki sirup?<\/h3>\n\n\n\n<p>Prazni sirup (znan tudi kot purple drank, sizzurp ali dirty sprite) se tradicionalno nana\u0161a na me\u0161anico, ki vsebuje kodein-prometazinski sirup proti ka\u0161lju, sodo in sladkarije. Na\u0161i izdelki so zakonite alternative, ki zagotavljajo podobne okuse in spro\u0161\u010dujo\u010de u\u010dinke brez nadzorovanih snovi.<\/p>\n\n\n\n<blockquote class=\"wp-block-quote is-layout-flow wp-block-quote-is-layout-flow\">\n<p>\ud83d\udcda Preberite ve\u010d v na\u0161em\u00a0<a href=\"https:\/\/onlineleansyrup.com\/sl\/kaj-je-vitki-sirup\/\">Kaj je vitki sirup?<\/a> vodnik<\/p>\n<\/blockquote>\n\n\n\n<h3 class=\"wp-block-heading\">Ali je va\u0161 vitki sirup zakonit?<\/h3>\n\n\n\n<p>Da! Vse na\u0161e formulacije so v skladu z mednarodnimi predpisi in ne vsebujejo nadzorovanih snovi. Zasnovane so kot zakonite alternative za rekreativno u\u017eivanje.<\/p>\n\n\n\n<h3 class=\"wp-block-heading\">Katere so sestavine?<\/h3>\n\n\n\n<p>Na\u0161i sirupi vsebujejo vrhunske arome, naravne izvle\u010dke in aditive, primerne za \u017eivila. Nikoli ne dodajamo farmacevtskih zdravil ali nevarnih kemikalij.<\/p>\n\n\n\n<blockquote class=\"wp-block-quote is-layout-flow wp-block-quote-is-layout-flow\">\n<p>\ud83d\udd2c Oglejte si na\u0161 celoten\u00a0<a href=\"https:\/\/onlineleansyrup.com\/sl\/vitamini-in-hranila-ki-so-v-nasih-izdelkih\/\">Seznam sestavin<\/a><\/p>\n<\/blockquote>\n\n\n\n<hr class=\"wp-block-separator has-alpha-channel-opacity\"\/>\n\n\n\n<h2 class=\"wp-block-heading\">Nakup in naro\u010danje<\/h2>\n\n\n\n<h3 class=\"wp-block-heading\">Kako kupim vitek sirup pri vas?<\/h3>\n\n\n\n<p>Preprosto obi\u0161\u010dite na\u0161o doma\u010do stran in pobrskajte po na\u0161i ponudbi. Izbrani izdelek dodajte v ko\u0161arico, pojdite na blagajno in dokon\u010dajte pla\u010dilo. Za va\u0161e udobje sprejemamo glavne kreditne kartice in kriptovalute.<\/p>\n\n\n\n<h3 class=\"wp-block-heading\">Ali po\u0161iljate po vsem svetu?<\/h3>\n\n\n\n<p>Da! Dobavljamo v ve\u010d kot 20 dr\u017eav, vklju\u010dno z ZDA, Zdru\u017eenim kraljestvom, Kanado, Nem\u010dijo, Francijo, Avstralijo in drugimi. Vse po\u0161iljke so diskretne in jim je mogo\u010de slediti.<\/p>\n\n\n\n<h3 class=\"wp-block-heading\">Kako dolgo traja po\u0161iljanje?<\/h3>\n\n\n\n<p>Standardna dostava traja od 3 do 7 delovnih dni, odvisno od va\u0161e lokacije. Mo\u017enosti hitre dostave so na voljo ob naro\u010dilu.<\/p>\n\n\n\n<h3 class=\"wp-block-heading\">Katere na\u010dine pla\u010dila sprejemate?<\/h3>\n\n\n\n<p>Sprejemamo:<\/p>\n\n\n\n<ul class=\"wp-block-list\">\n<li>Visa<\/li>\n\n\n\n<li>Mastercard<\/li>\n\n\n\n<li>American Express<\/li>\n\n\n\n<li>Kriptovaluta (Bitcoin, Ethereum in drugi kovanci)<\/li>\n\n\n\n<li>Ban\u010dna pla\u010dila<\/li>\n<\/ul>\n\n\n\n<h3 class=\"wp-block-heading\">Je moje pla\u010dilo varno?<\/h3>\n\n\n\n<p>Absolutno. Vse transakcije se obdelujejo prek \u0161ifriranih pla\u010dilnih vrat, da bi zagotovili za\u0161\u010dito va\u0161ih finan\u010dnih podatkov.<\/p>\n\n\n\n<hr class=\"wp-block-separator has-alpha-channel-opacity\"\/>\n\n\n\n<h2 class=\"wp-block-heading\">Varnost in uporaba<\/h2>\n\n\n\n<h3 class=\"wp-block-heading\">Ali obstajajo ne\u017eeleni u\u010dinki?<\/h3>\n\n\n\n<p>Na\u0161i izdelki so oblikovani tako, da so varni, \u010de se uporabljajo v skladu z navodili. Vendar se lahko reakcije posameznikov razlikujejo, tako kot pri vseh drugih potro\u0161nih izdelkih.<\/p>\n\n\n\n<blockquote class=\"wp-block-quote is-layout-flow wp-block-quote-is-layout-flow\">\n<p>\u26a0\ufe0f Preberite o potencialnih\u00a0<a href=\"https:\/\/onlineleansyrup.com\/sl\/lean-sirup-nezeleni-ucinki\/\">Ne\u017eeleni u\u010dinki zdravila Lean Syrup<\/a><\/p>\n<\/blockquote>\n\n\n\n<h3 class=\"wp-block-heading\">Kak\u0161en je priporo\u010deni odmerek?<\/h3>\n\n\n\n<p>Za\u010dnite z majhno koli\u010dino (obi\u010dajno 10-15 ml), da ocenite svojo toleranco. Nikoli ne prekora\u010dite priporo\u010dene velikosti odmerka, ki je navedena na stekleni\u010dki.<\/p>\n\n\n\n<h3 class=\"wp-block-heading\">Ali lahko to zme\u0161am z alkoholom?<\/h3>\n\n\n\n<p>Priporo\u010damo, da na\u0161ih izdelkov ne me\u0161ate z alkoholom ali drugimi snovmi. Za va\u0161o varnost u\u017eivajte odgovorno in se izogibajte kombiniranju z drugimi opojnimi snovmi.<\/p>\n\n\n\n<h3 class=\"wp-block-heading\">Ali je varen za vse?<\/h3>\n\n\n\n<p>Ti izdelki so namenjeni odraslim, starej\u0161im od 18 let. Nose\u010dnice ali doje\u010de matere naj se pred uporabo posvetujejo z zdravstvenim delavcem.<\/p>\n\n\n\n<hr class=\"wp-block-separator has-alpha-channel-opacity\"\/>\n\n\n\n<h2 class=\"wp-block-heading\">Dostava in vra\u010dila<\/h2>\n\n\n\n<h3 class=\"wp-block-heading\">Kako diskretna je embala\u017ea?<\/h3>\n\n\n\n<p>Zelo diskretno. Vsi paketi prispejo v navadnih, neozna\u010denih \u0161katlah z generi\u010dnimi povratnimi naslovi za za\u0161\u010dito va\u0161e zasebnosti.<\/p>\n\n\n\n<h3 class=\"wp-block-heading\">Kaj \u010de se paket izgubi ali po\u0161koduje?<\/h3>\n\n\n\n<p>Takoj nas kontaktirajte na&nbsp;<a href=\"mailto:leansyrupshop@proton.me\" rel=\"noreferrer noopener\" target=\"_blank\">leansyrupshop@proton.me<\/a>&nbsp;s \u0161tevilko naro\u010dila. Te\u017eavo bomo takoj raziskali in jo re\u0161ili s ponovno po\u0161iljko ali vra\u010dilom denarja.<\/p>\n\n\n\n<h3 class=\"wp-block-heading\">Ali lahko vrnem svoje naro\u010dilo?<\/h3>\n\n\n\n<p>Da, nudimo 30-dnevno jamstvo za zadovoljstvo za neodprte izdelke. Za dovoljenje za vra\u010dilo se obrnite na nas.<\/p>\n\n\n\n<h3 class=\"wp-block-heading\">Ali ponujate nadomestila?<\/h3>\n\n\n\n<p>Za po\u0161kodovane, okvarjene ali napa\u010dne izdelke so na voljo celotna nadomestila. Zadovoljstvo strank je na\u0161a prednostna naloga.<\/p>\n\n\n\n<hr class=\"wp-block-separator has-alpha-channel-opacity\"\/>\n\n\n\n<h2 class=\"wp-block-heading\">Tehni\u010dna vpra\u0161anja<\/h2>\n\n\n\n<h3 class=\"wp-block-heading\">Kako naj izdelek shranjujem?<\/h3>\n\n\n\n<p>Shranjujte v hladnem in suhem prostoru, stran od neposredne son\u010dne svetlobe. Kadar stekleni\u010dke ne uporabljate, jo tesno zaprite.<\/p>\n\n\n\n<h3 class=\"wp-block-heading\">Kak\u0161en je rok trajanja?<\/h3>\n\n\n\n<p>Na\u0161i izdelki imajo rok trajanja 18 mesecev od datuma izdelave. Datumi izteka roka uporabe so jasno ozna\u010deni na vsaki stekleni\u010dki.<\/p>\n\n\n\n<h3 class=\"wp-block-heading\">Ali se bo to pokazalo na testu za droge?<\/h3>\n\n\n\n<p>Na\u0161e pravne alternative ne vsebujejo nadzorovanih snovi in ne povzro\u010dajo pozitivnih rezultatov pri standardnih pregledih za droge.<\/p>\n\n\n\n<hr class=\"wp-block-separator has-alpha-channel-opacity\"\/>\n\n\n\n<h2 class=\"wp-block-heading\">\u0160e vedno imate vpra\u0161anja?<\/h2>\n\n\n\n<h3 class=\"wp-block-heading\">Stopite v stik z na\u0161o ekipo za podporo<\/h3>\n\n\n\n<p>\u010ce ne najdete odgovora, ki ga i\u0161\u010dete, smo vam na voljo za pomo\u010d:<\/p>\n\n\n\n<p>\ud83d\udce7 E-po\u0161ta:\u00a0<a href=\"mailto:leansyrupshop@proton.me\" target=\"_blank\" rel=\"noreferrer noopener\">leansyrupshop@proton.me<\/a><br>\ud83d\udd52 Odzivni \u010das: v 24 urah, <a href=\"https:\/\/onlineleansyrup.com\/sl\/kontaktirajte\/\">stopite v stik z nami<\/a> danes. <\/p>","protected":false},"excerpt":{"rendered":"<p>Welcome to our comprehensive FAQ section! Whether you&#8217;re new to Lean or a regular user, you&#8217;ll find answers to the [&hellip;]<\/p>\n","protected":false},"author":1,"featured_media":0,"parent":0,"menu_order":0,"comment_status":"closed","ping_status":"closed","template":"","meta":{"site-sidebar-layout":"default","site-content-layout":"","ast-site-content-layout":"default","site-content-style":"default","site-sidebar-style":"default","ast-global-header-display":"","ast-banner-title-visibility":"","ast-main-header-display":"","ast-hfb-above-header-display":"","ast-hfb-below-header-display":"","ast-hfb-mobile-header-display":"","site-post-title":"","ast-breadcrumbs-content":"","ast-featured-img":"","footer-sml-layout":"","ast-disable-related-posts":"","theme-transparent-header-meta":"","adv-header-id-meta":"","stick-header-meta":"","header-above-stick-meta":"","header-main-stick-meta":"","header-below-stick-meta":"","astra-migrate-meta-layouts":"default","ast-page-background-enabled":"default","ast-page-background-meta":{"desktop":{"background-color":"var(--ast-global-color-5)","background-image":"","background-repeat":"repeat","background-position":"center center","background-size":"auto","background-attachment":"scroll","background-type":"","background-media":"","overlay-type":"","overlay-color":"","overlay-opacity":"","overlay-gradient":""},"tablet":{"background-color":"","background-image":"","background-repeat":"repeat","background-position":"center center","background-size":"auto","background-attachment":"scroll","background-type":"","background-media":"","overlay-type":"","overlay-color":"","overlay-opacity":"","overlay-gradient":""},"mobile":{"background-color":"","background-image":"","background-repeat":"repeat","background-position":"center center","background-size":"auto","background-attachment":"scroll","background-type":"","background-media":"","overlay-type":"","overlay-color":"","overlay-opacity":"","overlay-gradient":""}},"ast-content-background-meta":{"desktop":{"background-color":"var(--ast-global-color-4)","background-image":"","background-repeat":"repeat","background-position":"center center","background-size":"auto","background-attachment":"scroll","background-type":"","background-media":"","overlay-type":"","overlay-color":"","overlay-opacity":"","overlay-gradient":""},"tablet":{"background-color":"var(--ast-global-color-4)","background-image":"","background-repeat":"repeat","background-position":"center center","background-size":"auto","background-attachment":"scroll","background-type":"","background-media":"","overlay-type":"","overlay-color":"","overlay-opacity":"","overlay-gradient":""},"mobile":{"background-color":"var(--ast-global-color-4)","background-image":"","background-repeat":"repeat","background-position":"center center","background-size":"auto","background-attachment":"scroll","background-type":"","background-media":"","overlay-type":"","overlay-color":"","overlay-opacity":"","overlay-gradient":""}},"footnotes":""},"class_list":["post-24","page","type-page","status-publish","hentry"],"yoast_head":"<!-- This site is optimized with the Yoast SEO plugin v27.1.1 - https:\/\/yoast.com\/product\/yoast-seo-wordpress\/ -->\n<title>Frequently Asked Questions About Lean Syrup - Buy Lean Syrup | Premium Legal Lean Alternatives Worldwide<\/title>\n<meta name=\"robots\" content=\"index, follow, max-snippet:-1, max-image-preview:large, max-video-preview:-1\" \/>\n<link rel=\"canonical\" href=\"https:\/\/onlineleansyrup.com\/sl\/pogosto-zastavljena-vprasanja\/\" \/>\n<meta property=\"og:locale\" content=\"sl_SI\" \/>\n<meta property=\"og:type\" content=\"article\" \/>\n<meta property=\"og:title\" content=\"Frequently Asked Questions About Lean Syrup - Buy Lean Syrup | Premium Legal Lean Alternatives Worldwide\" \/>\n<meta property=\"og:description\" content=\"Welcome to our comprehensive FAQ section! Whether you&#8217;re new to Lean or a regular user, you&#8217;ll find answers to the [&hellip;]\" \/>\n<meta property=\"og:url\" content=\"https:\/\/onlineleansyrup.com\/sl\/pogosto-zastavljena-vprasanja\/\" \/>\n<meta property=\"og:site_name\" content=\"Buy Lean Syrup | Premium Legal Lean Alternatives Worldwide\" \/>\n<meta property=\"article:modified_time\" content=\"2026-03-14T19:16:38+00:00\" \/>\n<meta name=\"twitter:card\" content=\"summary_large_image\" \/>\n<meta name=\"twitter:label1\" content=\"Est. reading time\" \/>\n\t<meta name=\"twitter:data1\" content=\"3 minute\" \/>\n<script type=\"application\/ld+json\" class=\"yoast-schema-graph\">{\"@context\":\"https:\/\/schema.org\",\"@graph\":[{\"@type\":\"WebPage\",\"@id\":\"https:\/\/onlineleansyrup.com\/frequently-asked-questions\/\",\"url\":\"https:\/\/onlineleansyrup.com\/frequently-asked-questions\/\",\"name\":\"Frequently Asked Questions About Lean Syrup - Buy Lean Syrup | Premium Legal Lean Alternatives Worldwide\",\"isPartOf\":{\"@id\":\"https:\/\/onlineleansyrup.com\/#website\"},\"datePublished\":\"2026-03-14T17:06:11+00:00\",\"dateModified\":\"2026-03-14T19:16:38+00:00\",\"breadcrumb\":{\"@id\":\"https:\/\/onlineleansyrup.com\/frequently-asked-questions\/#breadcrumb\"},\"inLanguage\":\"sl-SI\",\"potentialAction\":[{\"@type\":\"ReadAction\",\"target\":[\"https:\/\/onlineleansyrup.com\/frequently-asked-questions\/\"]}]},{\"@type\":\"BreadcrumbList\",\"@id\":\"https:\/\/onlineleansyrup.com\/frequently-asked-questions\/#breadcrumb\",\"itemListElement\":[{\"@type\":\"ListItem\",\"position\":1,\"name\":\"Home\",\"item\":\"https:\/\/onlineleansyrup.com\/\"},{\"@type\":\"ListItem\",\"position\":2,\"name\":\"Frequently Asked Questions About Lean Syrup\"}]},{\"@type\":\"WebSite\",\"@id\":\"https:\/\/onlineleansyrup.com\/#website\",\"url\":\"https:\/\/onlineleansyrup.com\/\",\"name\":\"Buy Lean Syrup | Premium Legal Lean Alternatives Worldwide\",\"description\":\"Safe, Discreet Shipping to 20+ Countries | Lab-Tested Lean Syrup\",\"potentialAction\":[{\"@type\":\"SearchAction\",\"target\":{\"@type\":\"EntryPoint\",\"urlTemplate\":\"https:\/\/onlineleansyrup.com\/?s={search_term_string}\"},\"query-input\":{\"@type\":\"PropertyValueSpecification\",\"valueRequired\":true,\"valueName\":\"search_term_string\"}}],\"inLanguage\":\"sl-SI\"}]}<\/script>\n<!-- \/ Yoast SEO plugin. -->","yoast_head_json":{"title":"Pogosto zastavljena vpra\u0161anja o Lean sirupu - Nakup Lean sirupa | Premium Legal Lean Alternatives Worldwide","robots":{"index":"index","follow":"follow","max-snippet":"max-snippet:-1","max-image-preview":"max-image-preview:large","max-video-preview":"max-video-preview:-1"},"canonical":"https:\/\/onlineleansyrup.com\/sl\/pogosto-zastavljena-vprasanja\/","og_locale":"sl_SI","og_type":"article","og_title":"Frequently Asked Questions About Lean Syrup - Buy Lean Syrup | Premium Legal Lean Alternatives Worldwide","og_description":"Welcome to our comprehensive FAQ section! Whether you&#8217;re new to Lean or a regular user, you&#8217;ll find answers to the [&hellip;]","og_url":"https:\/\/onlineleansyrup.com\/sl\/pogosto-zastavljena-vprasanja\/","og_site_name":"Buy Lean Syrup | Premium Legal Lean Alternatives Worldwide","article_modified_time":"2026-03-14T19:16:38+00:00","twitter_card":"summary_large_image","twitter_misc":{"Est. reading time":"3 minute"},"schema":{"@context":"https:\/\/schema.org","@graph":[{"@type":"WebPage","@id":"https:\/\/onlineleansyrup.com\/frequently-asked-questions\/","url":"https:\/\/onlineleansyrup.com\/frequently-asked-questions\/","name":"Pogosto zastavljena vpra\u0161anja o Lean sirupu - Nakup Lean sirupa | Premium Legal Lean Alternatives Worldwide","isPartOf":{"@id":"https:\/\/onlineleansyrup.com\/#website"},"datePublished":"2026-03-14T17:06:11+00:00","dateModified":"2026-03-14T19:16:38+00:00","breadcrumb":{"@id":"https:\/\/onlineleansyrup.com\/frequently-asked-questions\/#breadcrumb"},"inLanguage":"sl-SI","potentialAction":[{"@type":"ReadAction","target":["https:\/\/onlineleansyrup.com\/frequently-asked-questions\/"]}]},{"@type":"BreadcrumbList","@id":"https:\/\/onlineleansyrup.com\/frequently-asked-questions\/#breadcrumb","itemListElement":[{"@type":"ListItem","position":1,"name":"Home","item":"https:\/\/onlineleansyrup.com\/"},{"@type":"ListItem","position":2,"name":"Frequently Asked Questions About Lean Syrup"}]},{"@type":"WebSite","@id":"https:\/\/onlineleansyrup.com\/#website","url":"https:\/\/onlineleansyrup.com\/","name":"Nakup Lean sirup | Premium pravne Lean alternative po vsem svetu","description":"Varna in diskretna dostava v ve\u010d kot 20 dr\u017eav | Laboratorijsko testiran vitki sirup","potentialAction":[{"@type":"SearchAction","target":{"@type":"EntryPoint","urlTemplate":"https:\/\/onlineleansyrup.com\/?s={search_term_string}"},"query-input":{"@type":"PropertyValueSpecification","valueRequired":true,"valueName":"search_term_string"}}],"inLanguage":"sl-SI"}]}},"_links":{"self":[{"href":"https:\/\/onlineleansyrup.com\/sl\/wp-json\/wp\/v2\/pages\/24","targetHints":{"allow":["GET"]}}],"collection":[{"href":"https:\/\/onlineleansyrup.com\/sl\/wp-json\/wp\/v2\/pages"}],"about":[{"href":"https:\/\/onlineleansyrup.com\/sl\/wp-json\/wp\/v2\/types\/page"}],"author":[{"embeddable":true,"href":"https:\/\/onlineleansyrup.com\/sl\/wp-json\/wp\/v2\/users\/1"}],"replies":[{"embeddable":true,"href":"https:\/\/onlineleansyrup.com\/sl\/wp-json\/wp\/v2\/comments?post=24"}],"version-history":[{"count":3,"href":"https:\/\/onlineleansyrup.com\/sl\/wp-json\/wp\/v2\/pages\/24\/revisions"}],"predecessor-version":[{"id":46,"href":"https:\/\/onlineleansyrup.com\/sl\/wp-json\/wp\/v2\/pages\/24\/revisions\/46"}],"wp:attachment":[{"href":"https:\/\/onlineleansyrup.com\/sl\/wp-json\/wp\/v2\/media?parent=24"}],"curies":[{"name":"wp","href":"https:\/\/api.w.org\/{rel}","templated":true}]}}