{"id":6,"date":"2026-03-14T16:40:16","date_gmt":"2026-03-14T16:40:16","guid":{"rendered":"https:\/\/onlineleansyrup.com\/?page_id=6"},"modified":"2026-03-14T19:08:56","modified_gmt":"2026-03-14T19:08:56","slug":"buy-lean-syrup","status":"publish","type":"page","link":"https:\/\/onlineleansyrup.com\/sl\/","title":{"rendered":"Nakup pustega sirupa"},"content":{"rendered":"<h2 class=\"wp-block-heading\">Kupite Lean sirup - va\u0161a vrata do vrhunskih izku\u0161enj s pusto hrano<\/h2>\n\n\n\n<p>I\u0161\u010dete zanesljiv vir za nakup pustega sirupa? Ne glede na to, ali ste na tem podro\u010dju novinec ali i\u0161\u010dete zanesljivega dobavitelja, imamo vse, kar morate vedeti o varnem in u\u010dinkovitem nakupu ter uporabi izdelkov Lean.<\/p>\n\n\n\n<p>Prazni sirup, znan tudi kot \u201cpurple drank\u201d, \u201csizzurp\u201d ali \u201cdirty sprite\u201d, je postal kulturni fenomen. Prvotno ga je popularizirala podzemna kultura hip hopa v Houstonu v devetdesetih letih prej\u0161njega stoletja, od takrat pa se je razvil v splo\u0161no priznano rekreacijsko snov. Vendar se z njeno vse ve\u010djo priljubljenostjo pojavlja potreba po odgovornem pridobivanju in ozave\u0161\u010deni uporabi.<\/p>\n\n\n\n<p>V tem vodniku vam bomo predstavili, kaj je Lean, kako ga kupovati odgovorno in kje na spletu lahko najdete izdelke vrhunske kakovosti.<\/p>\n\n\n\n<figure class=\"wp-block-image size-large is-resized\"><img loading=\"lazy\" decoding=\"async\" width=\"1024\" height=\"575\" src=\"https:\/\/onlineleansyrup.com\/wp-content\/uploads\/2026\/03\/buy-lean-1024x575.jpg\" alt=\"kupi vitko\" class=\"wp-image-23\" style=\"aspect-ratio:1.7808823905617381;width:338px;height:auto\" srcset=\"https:\/\/onlineleansyrup.com\/wp-content\/uploads\/2026\/03\/buy-lean-1024x575.jpg 1024w, https:\/\/onlineleansyrup.com\/wp-content\/uploads\/2026\/03\/buy-lean-300x169.jpg 300w, https:\/\/onlineleansyrup.com\/wp-content\/uploads\/2026\/03\/buy-lean-768x431.jpg 768w, https:\/\/onlineleansyrup.com\/wp-content\/uploads\/2026\/03\/buy-lean-18x10.jpg 18w, https:\/\/onlineleansyrup.com\/wp-content\/uploads\/2026\/03\/buy-lean.jpg 1296w\" sizes=\"auto, (max-width: 1024px) 100vw, 1024px\" \/><\/figure>\n\n\n\n<hr class=\"wp-block-separator has-alpha-channel-opacity\"\/>\n\n\n\n<h3 class=\"wp-block-heading\">Kaj je vitki sirup?<\/h3>\n\n\n\n<p>Prazni sirup se obi\u010dajno nana\u0161a na me\u0161anico sirupa proti ka\u0161lju na recept, ki vsebuje kodein in prometazin, zme\u0161anega z brezalkoholnimi pija\u010dami, kot sta Sprite ali Mountain Dew, in v\u010dasih s sladkarijami, kot je Jolly Ranchers. Rezultat je sladka, barvita pija\u010da, ki povzro\u010da sprostitev, evforijo in blago sedacijo.<\/p>\n\n\n\n<p>Ker pa vsebuje nadzorovane snovi, se veliko ljudi odlo\u010da za zakonite alternative ali sinteti\u010dne razli\u010dice, ki posnemajo izku\u0161njo brez zdravstvenih tveganj, povezanih z opioidi.<\/p>\n\n\n\n<p>\u010ce se spra\u0161ujete&nbsp;<em>kje kupiti Lean sirup<\/em>, zlasti \u010de ste zunaj ZDA, je pomembno, da poznate pravni status in prakse varne uporabe v svoji dr\u017eavi.<\/p>\n\n\n\n<blockquote class=\"wp-block-quote is-layout-flow wp-block-quote-is-layout-flow\">\n<p>\ud83d\udd0d Ve\u010d informacij:\u00a0<a href=\"https:\/\/onlineleansyrup.com\/sl\/kaj-je-vitki-sirup\/\">Kaj je vitki sirup?<\/a> <\/p>\n<\/blockquote>\n\n\n\n<figure class=\"wp-block-image size-full\"><img loading=\"lazy\" decoding=\"async\" width=\"342\" height=\"147\" src=\"https:\/\/onlineleansyrup.com\/wp-content\/uploads\/2026\/03\/buy-lean-syrup-codeine-purple-drink.jpg\" alt=\"nakup pustega sirupa kodein vijoli\u010dna pija\u010da\" class=\"wp-image-22\" srcset=\"https:\/\/onlineleansyrup.com\/wp-content\/uploads\/2026\/03\/buy-lean-syrup-codeine-purple-drink.jpg 342w, https:\/\/onlineleansyrup.com\/wp-content\/uploads\/2026\/03\/buy-lean-syrup-codeine-purple-drink-300x129.jpg 300w, https:\/\/onlineleansyrup.com\/wp-content\/uploads\/2026\/03\/buy-lean-syrup-codeine-purple-drink-18x8.jpg 18w\" sizes=\"auto, (max-width: 342px) 100vw, 342px\" \/><\/figure>\n\n\n\n<hr class=\"wp-block-separator has-alpha-channel-opacity\"\/>\n\n\n\n<h3 class=\"wp-block-heading\">Zakaj izbrati na\u0161e izdelke iz vitkega sirupa?<\/h3>\n\n\n\n<p>Ponujamo visokokakovostne, laboratorijsko preizku\u0161ene sirupe v slogu Lean, ki so zasnovani za varnost in okus. Tukaj je razlog, zakaj nam zaupa na tiso\u010de ljudi, ko \u017eelijo zakonito in varno kupiti sirup Lean:<\/p>\n\n\n\n<h4 class=\"wp-block-heading\">Premium sestavine<\/h4>\n\n\n\n<p>Na\u0161i sirupi vsebujejo skrbno izbrane sestavine, ki posnemajo okus in spro\u0161\u010dujo\u010de u\u010dinke tradicionalnih receptov - vendar brez nevarnih narkotikov.<\/p>\n\n\n\n<h4 class=\"wp-block-heading\">Zakonito in varno<\/h4>\n\n\n\n<p>Vsi na\u0161i izdelki so v skladu z mednarodnimi predpisi in ne vsebujejo nadzorovanih snovi. Lahko ste mirni, saj veste, da je vsaka serija testirana s strani tretje osebe.<\/p>\n\n\n\n<h4 class=\"wp-block-heading\">Diskretna dostava po vsem svetu<\/h4>\n\n\n\n<p>Po\u0161iljamo v ve\u010d kot 20 dr\u017eav, vklju\u010dno z Zdru\u017eenim kraljestvom, Kanado, Nem\u010dijo, Francijo, Avstralijo in drugimi. Vsa naro\u010dila so diskretno pakirana, da za\u0161\u010ditimo va\u0161o zasebnost.<\/p>\n\n\n\n<h4 class=\"wp-block-heading\">Hitra dostava<\/h4>\n\n\n\n<p>Po oddaji naro\u010dila pri\u010dakujte dostavo v 3-7 delovnih dneh, odvisno od va\u0161e lokacije.<\/p>\n\n\n\n<blockquote class=\"wp-block-quote is-layout-flow wp-block-quote-is-layout-flow\">\n<p>\ud83e\uddea \u017delite natan\u010dno vedeti, kaj je v njem? Oglejte si na\u0161 celoten seznam sestavin tukaj:\u00a0<a href=\"https:\/\/onlineleansyrup.com\/sl\/vitamini-in-hranila-ki-so-v-nasih-izdelkih\/\">Sestavine vitkega sirupa<\/a><\/p>\n<\/blockquote>\n\n\n\n<figure class=\"wp-block-image size-full is-resized\"><img loading=\"lazy\" decoding=\"async\" width=\"1000\" height=\"1000\" src=\"https:\/\/onlineleansyrup.com\/wp-content\/uploads\/2026\/03\/buy-lean-codeine-syrup.jpg\" alt=\"kupi sirup s kodeinom lean\" class=\"wp-image-21\" style=\"width:317px;height:auto\" srcset=\"https:\/\/onlineleansyrup.com\/wp-content\/uploads\/2026\/03\/buy-lean-codeine-syrup.jpg 1000w, https:\/\/onlineleansyrup.com\/wp-content\/uploads\/2026\/03\/buy-lean-codeine-syrup-300x300.jpg 300w, https:\/\/onlineleansyrup.com\/wp-content\/uploads\/2026\/03\/buy-lean-codeine-syrup-150x150.jpg 150w, https:\/\/onlineleansyrup.com\/wp-content\/uploads\/2026\/03\/buy-lean-codeine-syrup-768x768.jpg 768w, https:\/\/onlineleansyrup.com\/wp-content\/uploads\/2026\/03\/buy-lean-codeine-syrup-12x12.jpg 12w\" sizes=\"auto, (max-width: 1000px) 100vw, 1000px\" \/><\/figure>\n\n\n\n<hr class=\"wp-block-separator has-alpha-channel-opacity\"\/>\n\n\n\n<h3 class=\"wp-block-heading\">Kako varno kupiti vitek sirup na spletu<\/h3>\n\n\n\n<p>Pri spletnem nakupu je potrebna previdnost, zlasti pri reguliranih ali ob\u010dutljivih izdelkih. \u010ce \u017eelite zagotoviti varen nakup, upo\u0161tevajte naslednje korake:<\/p>\n\n\n\n<ol class=\"wp-block-list\">\n<li>Preverjanje zakonitosti: Pred oddajo naro\u010dila vedno preverite ocene, certifikate in kontaktne podatke.<\/li>\n\n\n\n<li>Pozorno preberite oznake: Prepri\u010dajte se, da izdelek ne vsebuje prepovedanih snovi, razen \u010de so predpisane.<\/li>\n\n\n\n<li>Preverite pravni status na lokalni ravni: Preverite, ali je uvoz tak\u0161nih izdelkov v va\u0161i regiji dovoljen.<\/li>\n\n\n\n<li>Uporabite varne na\u010dine pla\u010dila: Sprejemamo glavne kreditne kartice in kriptovalute za ve\u010djo varnost.<\/li>\n<\/ol>\n\n\n\n<p>Ponosni smo na preglednost in skrb za stranke. \u010ce imate vpra\u0161anja o na\u0161em postopku ali pomisleke glede zakonitosti, se obrnite na nas na\u00a0<a href=\"mailto:leansyrupshop@proton.me\" target=\"_blank\" rel=\"noreferrer noopener\">leansyrupshop@proton.me<\/a>.<\/p>\n\n\n\n<blockquote class=\"wp-block-quote is-layout-flow wp-block-quote-is-layout-flow\">\n<p>\ud83d\udcac \u0160e vedno niste prepri\u010dani? Preberite na\u0161\u00a0<a href=\"https:\/\/onlineleansyrup.com\/sl\/pogosto-zastavljena-vprasanja\/\">POGOSTA VPRA\u0160ANJA<\/a> za odgovore na pogosta vpra\u0161anja o naro\u010danju in porabi.<\/p>\n<\/blockquote>\n\n\n\n<hr class=\"wp-block-separator has-alpha-channel-opacity\"\/>\n\n\n\n<h3 class=\"wp-block-heading\">Razumevanje odmerjanja in u\u010dinkov<\/h3>\n\n\n\n<p>Ko kupujete sirup Lean, je razumevanje pravilnega odmerjanja klju\u010dnega pomena - ne le zaradi u\u010dinka, temve\u010d tudi zaradi varnosti. \u010ceprav na\u0161e formulacije niso strupene, zmernost zagotavlja najve\u010dji u\u017eitek brez neprijetnosti.<\/p>\n\n\n\n<p>U\u010dinki se lahko razlikujejo glede na posameznikovo toleranco, zato vedno za\u010dnite z manj\u0161imi koli\u010dinami in jih ustrezno prilagodite. Zna\u010dilni u\u010dinki so:<\/p>\n\n\n\n<ul class=\"wp-block-list\">\n<li>Blaga evforija<\/li>\n\n\n\n<li>Sprostitev<\/li>\n\n\n\n<li>Rahla zaspanost<\/li>\n\n\n\n<li>Sladki sadni okusi<\/li>\n<\/ul>\n\n\n\n<p>Za najbolj\u0161e rezultate upo\u0161tevajte na\u0161e priporo\u010dene velikosti odmerkov, ki so navedene na etiketi vsake stekleni\u010dke. Nikoli ne me\u0161ajte z alkoholom ali drugimi snovmi, razen \u010de vam to svetuje zdravnik.<\/p>\n\n\n\n<blockquote class=\"wp-block-quote is-layout-flow wp-block-quote-is-layout-flow\">\n<p>\u26a0\ufe0f Za podrobne informacije o mo\u017enih ne\u017eelenih u\u010dinkih in previdnostnih ukrepih glejte:\u00a0<a href=\"https:\/\/onlineleansyrup.com\/sl\/lean-sirup-nezeleni-ucinki\/\">Ne\u017eeleni u\u010dinki zdravila Lean Syrup<\/a> <\/p>\n<\/blockquote>\n\n\n\n<hr class=\"wp-block-separator has-alpha-channel-opacity\"\/>\n\n\n\n<h3 class=\"wp-block-heading\">Kje lahko mednarodno kupim vitek sirup?<\/h3>\n\n\n\n<p>S ponosom oskrbujemo stranke v zahodni Evropi, Severni Ameriki, Oceaniji in nekaterih delih Azije. Ne glede na to, kje \u017eivite, vam \u017eelimo olaj\u0161ati in olaj\u0161ati nakup kakovostnega pustega sirupa.<\/p>\n\n\n\n<p>Med priljubljenimi destinacijami so:<\/p>\n\n\n\n<ul class=\"wp-block-list\">\n<li>Zdru\u017eene dr\u017eave Amerike<\/li>\n\n\n\n<li>Zdru\u017eeno kraljestvo<\/li>\n\n\n\n<li>Kanada<\/li>\n\n\n\n<li>Nem\u010dija<\/li>\n\n\n\n<li>Francija<\/li>\n\n\n\n<li>Nizozemska<\/li>\n\n\n\n<li>Avstralija<\/li>\n\n\n\n<li>Nova Zelandija<\/li>\n<\/ul>\n\n\n\n<p>Dostava je v celoti zavarovana in sledljiva, kar zagotavlja, da va\u0161 paket prispe varno ne glede na razdaljo.<\/p>\n\n\n\n<hr class=\"wp-block-separator has-alpha-channel-opacity\"\/>\n\n\n\n<h3 class=\"wp-block-heading\">Kon\u010dne misli - ste pripravljeni kupiti vitek sirup danes?<\/h3>\n\n\n\n<p>Izbira pravega dobavitelja je pomembna, ne glede na to, ali ste radovedni, da bi prvi\u010d poskusili Lean, ali pa ste dolgoletni ljubitelj, ki i\u0161\u010de varnej\u0161e alternative. S hitro globalno dostavo, vrhunskimi sestavinami in pregledno komunikacijo smo zavezani, da vam pomagamo kar najbolje izkoristiti va\u0161o izku\u0161njo.<\/p>\n\n\n\n<p>\ud83d\udc49 Obisk&nbsp;<a href=\"https:\/\/onlineleansyrup.com\/sl\/\" rel=\"noreferrer noopener\" target=\"_blank\">onlineleansyrup.com<\/a>&nbsp;\u0161e danes spoznajte na\u0161o ponudbo in oddajte svoje naro\u010dilo!<\/p>\n\n\n\n<p>Imate vpra\u0161anja? Kadar koli se obrnite po e-po\u0161ti na&nbsp;<a href=\"mailto:leansyrupshop@pm.me\" target=\"_blank\" rel=\"noreferrer noopener\">leansyrupshop@proton.me<\/a>&nbsp;pomagamo vam ali kliknite na <a href=\"https:\/\/onlineleansyrup.com\/sl\/kontaktirajte\/\">kontaktirajte<\/a>.<\/p>","protected":false},"excerpt":{"rendered":"<p>Buy Lean Syrup \u2013 Your Gateway to Premium Lean Experience Are you searching for a trusted source to&nbsp;buy Lean syrup? [&hellip;]<\/p>\n","protected":false},"author":1,"featured_media":0,"parent":0,"menu_order":0,"comment_status":"closed","ping_status":"closed","template":"","meta":{"site-sidebar-layout":"default","site-content-layout":"","ast-site-content-layout":"default","site-content-style":"default","site-sidebar-style":"default","ast-global-header-display":"","ast-banner-title-visibility":"","ast-main-header-display":"","ast-hfb-above-header-display":"","ast-hfb-below-header-display":"","ast-hfb-mobile-header-display":"","site-post-title":"","ast-breadcrumbs-content":"","ast-featured-img":"","footer-sml-layout":"","ast-disable-related-posts":"","theme-transparent-header-meta":"","adv-header-id-meta":"","stick-header-meta":"","header-above-stick-meta":"","header-main-stick-meta":"","header-below-stick-meta":"","astra-migrate-meta-layouts":"default","ast-page-background-enabled":"default","ast-page-background-meta":{"desktop":{"background-color":"var(--ast-global-color-5)","background-image":"","background-repeat":"repeat","background-position":"center center","background-size":"auto","background-attachment":"scroll","background-type":"","background-media":"","overlay-type":"","overlay-color":"","overlay-opacity":"","overlay-gradient":""},"tablet":{"background-color":"","background-image":"","background-repeat":"repeat","background-position":"center center","background-size":"auto","background-attachment":"scroll","background-type":"","background-media":"","overlay-type":"","overlay-color":"","overlay-opacity":"","overlay-gradient":""},"mobile":{"background-color":"","background-image":"","background-repeat":"repeat","background-position":"center center","background-size":"auto","background-attachment":"scroll","background-type":"","background-media":"","overlay-type":"","overlay-color":"","overlay-opacity":"","overlay-gradient":""}},"ast-content-background-meta":{"desktop":{"background-color":"var(--ast-global-color-4)","background-image":"","background-repeat":"repeat","background-position":"center center","background-size":"auto","background-attachment":"scroll","background-type":"","background-media":"","overlay-type":"","overlay-color":"","overlay-opacity":"","overlay-gradient":""},"tablet":{"background-color":"var(--ast-global-color-4)","background-image":"","background-repeat":"repeat","background-position":"center center","background-size":"auto","background-attachment":"scroll","background-type":"","background-media":"","overlay-type":"","overlay-color":"","overlay-opacity":"","overlay-gradient":""},"mobile":{"background-color":"var(--ast-global-color-4)","background-image":"","background-repeat":"repeat","background-position":"center center","background-size":"auto","background-attachment":"scroll","background-type":"","background-media":"","overlay-type":"","overlay-color":"","overlay-opacity":"","overlay-gradient":""}},"footnotes":""},"class_list":["post-6","page","type-page","status-publish","hentry"],"yoast_head":"<!-- This site is optimized with the Yoast SEO plugin v27.1.1 - https:\/\/yoast.com\/product\/yoast-seo-wordpress\/ -->\n<title>Buy Lean Syrup - Buy Lean Syrup | Premium Legal Lean Alternatives Worldwide<\/title>\n<meta name=\"robots\" content=\"index, follow, max-snippet:-1, max-image-preview:large, max-video-preview:-1\" \/>\n<link rel=\"canonical\" href=\"https:\/\/onlineleansyrup.com\/sl\/\" \/>\n<meta property=\"og:locale\" content=\"sl_SI\" \/>\n<meta property=\"og:type\" content=\"article\" \/>\n<meta property=\"og:title\" content=\"Buy Lean Syrup - Buy Lean Syrup | Premium Legal Lean Alternatives Worldwide\" \/>\n<meta property=\"og:description\" content=\"Buy Lean Syrup \u2013 Your Gateway to Premium Lean Experience Are you searching for a trusted source to&nbsp;buy Lean syrup? [&hellip;]\" \/>\n<meta property=\"og:url\" content=\"https:\/\/onlineleansyrup.com\/sl\/\" \/>\n<meta property=\"og:site_name\" content=\"Buy Lean Syrup | Premium Legal Lean Alternatives Worldwide\" \/>\n<meta property=\"article:modified_time\" content=\"2026-03-14T19:08:56+00:00\" \/>\n<meta property=\"og:image\" content=\"https:\/\/onlineleansyrup.com\/wp-content\/uploads\/2026\/03\/buy-lean.jpg\" \/>\n\t<meta property=\"og:image:width\" content=\"1296\" \/>\n\t<meta property=\"og:image:height\" content=\"728\" \/>\n\t<meta property=\"og:image:type\" content=\"image\/jpeg\" \/>\n<meta name=\"twitter:card\" content=\"summary_large_image\" \/>\n<meta name=\"twitter:label1\" content=\"Est. reading time\" \/>\n\t<meta name=\"twitter:data1\" content=\"4 minute\" \/>\n<script type=\"application\/ld+json\" class=\"yoast-schema-graph\">{\"@context\":\"https:\/\/schema.org\",\"@graph\":[{\"@type\":\"WebPage\",\"@id\":\"https:\/\/onlineleansyrup.com\/\",\"url\":\"https:\/\/onlineleansyrup.com\/\",\"name\":\"Buy Lean Syrup - Buy Lean Syrup | Premium Legal Lean Alternatives Worldwide\",\"isPartOf\":{\"@id\":\"https:\/\/onlineleansyrup.com\/#website\"},\"primaryImageOfPage\":{\"@id\":\"https:\/\/onlineleansyrup.com\/#primaryimage\"},\"image\":{\"@id\":\"https:\/\/onlineleansyrup.com\/#primaryimage\"},\"thumbnailUrl\":\"https:\/\/onlineleansyrup.com\/wp-content\/uploads\/2026\/03\/buy-lean-1024x575.jpg\",\"datePublished\":\"2026-03-14T16:40:16+00:00\",\"dateModified\":\"2026-03-14T19:08:56+00:00\",\"breadcrumb\":{\"@id\":\"https:\/\/onlineleansyrup.com\/#breadcrumb\"},\"inLanguage\":\"sl-SI\",\"potentialAction\":[{\"@type\":\"ReadAction\",\"target\":[\"https:\/\/onlineleansyrup.com\/\"]}]},{\"@type\":\"ImageObject\",\"inLanguage\":\"sl-SI\",\"@id\":\"https:\/\/onlineleansyrup.com\/#primaryimage\",\"url\":\"https:\/\/onlineleansyrup.com\/wp-content\/uploads\/2026\/03\/buy-lean-1024x575.jpg\",\"contentUrl\":\"https:\/\/onlineleansyrup.com\/wp-content\/uploads\/2026\/03\/buy-lean-1024x575.jpg\"},{\"@type\":\"BreadcrumbList\",\"@id\":\"https:\/\/onlineleansyrup.com\/#breadcrumb\",\"itemListElement\":[{\"@type\":\"ListItem\",\"position\":1,\"name\":\"Home\",\"item\":\"https:\/\/onlineleansyrup.com\/\"},{\"@type\":\"ListItem\",\"position\":2,\"name\":\"Buy Lean Syrup\"}]},{\"@type\":\"WebSite\",\"@id\":\"https:\/\/onlineleansyrup.com\/#website\",\"url\":\"https:\/\/onlineleansyrup.com\/\",\"name\":\"Buy Lean Syrup | Premium Legal Lean Alternatives Worldwide\",\"description\":\"Safe, Discreet Shipping to 20+ Countries | Lab-Tested Lean Syrup\",\"potentialAction\":[{\"@type\":\"SearchAction\",\"target\":{\"@type\":\"EntryPoint\",\"urlTemplate\":\"https:\/\/onlineleansyrup.com\/?s={search_term_string}\"},\"query-input\":{\"@type\":\"PropertyValueSpecification\",\"valueRequired\":true,\"valueName\":\"search_term_string\"}}],\"inLanguage\":\"sl-SI\"}]}<\/script>\n<!-- \/ Yoast SEO plugin. -->","yoast_head_json":{"title":"Nakup Lean Sirup - Nakup Lean Sirup | Premium Legal Lean Alternatives Worldwide","robots":{"index":"index","follow":"follow","max-snippet":"max-snippet:-1","max-image-preview":"max-image-preview:large","max-video-preview":"max-video-preview:-1"},"canonical":"https:\/\/onlineleansyrup.com\/sl\/","og_locale":"sl_SI","og_type":"article","og_title":"Buy Lean Syrup - Buy Lean Syrup | Premium Legal Lean Alternatives Worldwide","og_description":"Buy Lean Syrup \u2013 Your Gateway to Premium Lean Experience Are you searching for a trusted source to&nbsp;buy Lean syrup? [&hellip;]","og_url":"https:\/\/onlineleansyrup.com\/sl\/","og_site_name":"Buy Lean Syrup | Premium Legal Lean Alternatives Worldwide","article_modified_time":"2026-03-14T19:08:56+00:00","og_image":[{"width":1296,"height":728,"url":"https:\/\/onlineleansyrup.com\/wp-content\/uploads\/2026\/03\/buy-lean.jpg","type":"image\/jpeg"}],"twitter_card":"summary_large_image","twitter_misc":{"Est. reading time":"4 minute"},"schema":{"@context":"https:\/\/schema.org","@graph":[{"@type":"WebPage","@id":"https:\/\/onlineleansyrup.com\/","url":"https:\/\/onlineleansyrup.com\/","name":"Nakup Lean Sirup - Nakup Lean Sirup | Premium Legal Lean Alternatives Worldwide","isPartOf":{"@id":"https:\/\/onlineleansyrup.com\/#website"},"primaryImageOfPage":{"@id":"https:\/\/onlineleansyrup.com\/#primaryimage"},"image":{"@id":"https:\/\/onlineleansyrup.com\/#primaryimage"},"thumbnailUrl":"https:\/\/onlineleansyrup.com\/wp-content\/uploads\/2026\/03\/buy-lean-1024x575.jpg","datePublished":"2026-03-14T16:40:16+00:00","dateModified":"2026-03-14T19:08:56+00:00","breadcrumb":{"@id":"https:\/\/onlineleansyrup.com\/#breadcrumb"},"inLanguage":"sl-SI","potentialAction":[{"@type":"ReadAction","target":["https:\/\/onlineleansyrup.com\/"]}]},{"@type":"ImageObject","inLanguage":"sl-SI","@id":"https:\/\/onlineleansyrup.com\/#primaryimage","url":"https:\/\/onlineleansyrup.com\/wp-content\/uploads\/2026\/03\/buy-lean-1024x575.jpg","contentUrl":"https:\/\/onlineleansyrup.com\/wp-content\/uploads\/2026\/03\/buy-lean-1024x575.jpg"},{"@type":"BreadcrumbList","@id":"https:\/\/onlineleansyrup.com\/#breadcrumb","itemListElement":[{"@type":"ListItem","position":1,"name":"Home","item":"https:\/\/onlineleansyrup.com\/"},{"@type":"ListItem","position":2,"name":"Buy Lean Syrup"}]},{"@type":"WebSite","@id":"https:\/\/onlineleansyrup.com\/#website","url":"https:\/\/onlineleansyrup.com\/","name":"Nakup Lean sirup | Premium pravne Lean alternative po vsem svetu","description":"Varna in diskretna dostava v ve\u010d kot 20 dr\u017eav | Laboratorijsko testiran vitki sirup","potentialAction":[{"@type":"SearchAction","target":{"@type":"EntryPoint","urlTemplate":"https:\/\/onlineleansyrup.com\/?s={search_term_string}"},"query-input":{"@type":"PropertyValueSpecification","valueRequired":true,"valueName":"search_term_string"}}],"inLanguage":"sl-SI"}]}},"_links":{"self":[{"href":"https:\/\/onlineleansyrup.com\/sl\/wp-json\/wp\/v2\/pages\/6","targetHints":{"allow":["GET"]}}],"collection":[{"href":"https:\/\/onlineleansyrup.com\/sl\/wp-json\/wp\/v2\/pages"}],"about":[{"href":"https:\/\/onlineleansyrup.com\/sl\/wp-json\/wp\/v2\/types\/page"}],"author":[{"embeddable":true,"href":"https:\/\/onlineleansyrup.com\/sl\/wp-json\/wp\/v2\/users\/1"}],"replies":[{"embeddable":true,"href":"https:\/\/onlineleansyrup.com\/sl\/wp-json\/wp\/v2\/comments?post=6"}],"version-history":[{"count":9,"href":"https:\/\/onlineleansyrup.com\/sl\/wp-json\/wp\/v2\/pages\/6\/revisions"}],"predecessor-version":[{"id":41,"href":"https:\/\/onlineleansyrup.com\/sl\/wp-json\/wp\/v2\/pages\/6\/revisions\/41"}],"wp:attachment":[{"href":"https:\/\/onlineleansyrup.com\/sl\/wp-json\/wp\/v2\/media?parent=6"}],"curies":[{"name":"wp","href":"https:\/\/api.w.org\/{rel}","templated":true}]}}